{"id":85297,"date":"2022-06-20T17:58:19","date_gmt":"2022-06-20T15:58:19","guid":{"rendered":"https:\/\/www.seaflowerstore.com\/nl\/aquaforest-icp-test-51\/"},"modified":"2023-06-24T11:28:19","modified_gmt":"2023-06-24T09:28:19","slug":"aquaforest-icp-test-51","status":"publish","type":"product","link":"https:\/\/www.seaflowerstore.com\/de\/aquaforest-icp-test-51\/","title":{"rendered":"Aquaforest ICP test 5+1"},"content":{"rendered":"<h2>Aquaforest ICP test 5+1 Seawater ICP-OES test vials and codes allowing you testing your water for 6 times<\/h2>\n<p>Mit jahrelanger Erfahrung hat Aquaforest die ultimativen Wasserparameter f\u00fcr Meerwasseraquarien entwickelt, die daf\u00fcr sorgen, dass Ihre Wassertiere gedeihen und leuchtende Farben zeigen. Es ist ganz einfach! Senden Sie uns einfach eine Wasserprobe und nach einer gr\u00fcndlichen Analyse geben wir Ihnen Tipps, wie Sie die Sch\u00f6nheit Ihres Aquariums steigern k\u00f6nnen.<\/p>\n<p>Nach der Analyse der Ergebnisse des ICP-OES-Tests empfiehlt Ihnen unser System Produkte, die Ihnen helfen k\u00f6nnen, die gew\u00fcnschten Werte der essentiellen Elemente zu erreichen. Neben den detaillierten Ergebnissen erhalten Sie von uns auch eine personalisierte Erg\u00e4nzungsstrategie.<\/p>\n<p>Diese eingehende Analyse erm\u00f6glicht es Ihnen, optimale Bedingungen f\u00fcr das Wachstum von Korallen und anderen Meeresorganismen zu schaffen. Bedenken Sie, dass verlangsamtes Wachstum, Algenbl\u00fcten oder stumpfe Farben bei Ihren Korallen ein Hinweis darauf sein k\u00f6nnen, dass in Ihrem Aquarium etwas nicht stimmt.<\/p>\n<p>Aquaforest untersucht: <strong>Li, Si, I, Ba, Mo, Ni, Mn, Be, Cr, Co, Fe, V, Zn, Hg, Se, Cd, Sn, Sb, As, Al, Pb, Ti, Cu, La, Sc, W, Na, Ca, Mg, K, Br, B, Sr, S, P, PO4<\/strong><\/p>\n<div class=\"custom-product-tabs\">\n<h4 class=\"fusion-tab-heading fusion-responsive-typography-calculated\" data-fontsize=\"16\" data-lineheight=\"24px\"><strong>Vorbereitung<\/strong><\/h4>\n<\/div>\n<div class=\"tab-content\">\n<div id=\"fusion-tab-1\" class=\"tab-pane fade fusion-clearfix active in\">\n<ol>\n<li>Sp\u00fclen Sie das Testfl\u00e4schchen zweimal mit dem f\u00fcr die Analyse vorgesehenen Wasser aus, bevor Sie die eigentliche Probe entnehmen. F\u00fcllen Sie das Fl\u00e4schchen mit Wasser und verschlie\u00dfen Sie es fest.<\/li>\n<li>Registrieren Sie sich und melden Sie sich unter <a href=\"http:\/\/www.aquaforestlab.com\" rel=\"nofollow noopener\" target=\"_blank\">www.aquaforestlab.com<\/a> an. Verwenden Sie den Fl\u00e4schchencode, um Ihre Probe zu registrieren.<\/li>\n<li>F\u00fcgen Sie die Absenderdaten auf dem beiliegenden Umschlag ein, <strong>kaufen Sie ein Versandetikett<\/strong> und senden Sie die Wasserprobe zur Analyse an das Aquaforest-Labor in <strong>Polen<\/strong>.<\/li>\n<li>Wir benachrichtigen Sie per E-Mail, sobald die Ergebnisse verf\u00fcgbar sind. Bitte melden Sie sich bei <a href=\"http:\/\/www.aquaforestlab.com\" rel=\"nofollow noopener\" target=\"_blank\">www.aquaforestlab.com<\/a> an, um auf Ihre Berichte zuzugreifen.<\/li>\n<\/ol>\n<p class=\"fusion-responsive-typography-calculated\" data-fontsize=\"16.38\" data-lineheight=\"27.846px\"><strong>ALLE PROBEN K\u00d6NNEN AUCH UNTER <a href=\"https:\/\/www.marinlab.com\/\" rel=\"nofollow noopener\" target=\"_blank\">WWW.MARINLAB.COM<\/a><\/strong><\/p>\n<p> REGISTRIERT WERDEN\n<\/p><\/div>\n<\/div>\n","protected":false},"excerpt":{"rendered":"<p>Aquaforest ICP test 5+1 Seawater ICP-OES test vials and codes allowing you testing your water for 6 times<\/p>\n","protected":false},"featured_media":84368,"template":"","meta":[],"pwb-brand":[2199],"product_cat":[1452,1414],"product_tag":[],"class_list":{"0":"post-85297","1":"product","2":"type-product","3":"status-publish","4":"has-post-thumbnail","6":"pwb-brand-aquaforest","7":"product_cat-labortest","8":"product_cat-aquaforest-de","10":"first","11":"instock","12":"taxable","13":"shipping-taxable","14":"purchasable","15":"product-type-simple"},"acf":[],"brands":[{"id":2199,"name":"Aquaforest","slug":"aquaforest"}],"_links":{"self":[{"href":"https:\/\/www.seaflowerstore.com\/de\/wp-json\/wp\/v2\/product\/85297","targetHints":{"allow":["GET"]}}],"collection":[{"href":"https:\/\/www.seaflowerstore.com\/de\/wp-json\/wp\/v2\/product"}],"about":[{"href":"https:\/\/www.seaflowerstore.com\/de\/wp-json\/wp\/v2\/types\/product"}],"wp:featuredmedia":[{"embeddable":true,"href":"https:\/\/www.seaflowerstore.com\/de\/wp-json\/wp\/v2\/media\/84368"}],"wp:attachment":[{"href":"https:\/\/www.seaflowerstore.com\/de\/wp-json\/wp\/v2\/media?parent=85297"}],"wp:term":[{"taxonomy":"pwb-brand","embeddable":true,"href":"https:\/\/www.seaflowerstore.com\/de\/wp-json\/wp\/v2\/pwb-brand?post=85297"},{"taxonomy":"product_cat","embeddable":true,"href":"https:\/\/www.seaflowerstore.com\/de\/wp-json\/wp\/v2\/product_cat?post=85297"},{"taxonomy":"product_tag","embeddable":true,"href":"https:\/\/www.seaflowerstore.com\/de\/wp-json\/wp\/v2\/product_tag?post=85297"}],"curies":[{"name":"wp","href":"https:\/\/api.w.org\/{rel}","templated":true}]}}