{"id":85298,"date":"2022-06-19T11:06:29","date_gmt":"2022-06-19T09:06:29","guid":{"rendered":"https:\/\/www.seaflowerstore.com\/nl\/tunze-led-full-spectrum-8850-000\/"},"modified":"2022-06-19T11:06:29","modified_gmt":"2022-06-19T09:11:14","slug":"tunze-led-full-spectrum-8850-000","status":"publish","type":"product","link":"https:\/\/www.seaflowerstore.com\/de\/tunze-led-full-spectrum-8850-000\/","title":{"rendered":"Tunze LED full spectrum 8850.000"},"content":{"rendered":"<h2>Tunze LED full spectrum 8850.000 aquarium light for stony corals and soft corals<\/h2>\n<p>Diese Aquarienleuchte ist ideal f\u00fcr Steinkorallenbecken bis zu ca. 40 Litern (11 US-Gallonen), Weichkorallenbecken bis zu ca. 60 Litern (16 US-Gallonen) und S\u00fc\u00dfwasserbecken mit einem Fassungsverm\u00f6gen von bis zu ca. 80 Litern (21 US-Gallonen).<\/p>\n<p>Sie verf\u00fcgt \u00fcber 76 1-Watt-LEDs mit Ultra-Low-Current-Technologie. Dank kaltwei\u00dfer, blauer (450 nm), gr\u00fcner und roter LEDs l\u00e4sst sich das Lichtspektrum von \u00fcber 13.000 K bis hin zu reinem Blaulicht einstellen.<\/p>\n<p>Die Einstellungen k\u00f6nnen Sie manuell \u00fcber den mitgelieferten Magnethalter vornehmen oder sich alternativ f\u00fcr den separat erh\u00e4ltlichen Multicontroller 7097 oder SmartController 7000 entscheiden.<\/p>\n<p><strong>Aktive Leistungsregelung<\/strong>: Diese Funktion passt die Leistung basierend auf der Leuchtentemperatur an, um die LED so weit wie m\u00f6glich zu sch\u00fctzen.<\/p>\n<p>Das Design ist ideal f\u00fcr den Einsatz unter Wasser, da eine verbesserte K\u00fchlung die Leistung auf maximal 26 W Gesamtleistung erh\u00f6ht, was wiederum die Helligkeit und photosynthetisch aktive Strahlung erh\u00f6ht.<\/p>\n<p>Hier sind einige Werkseinstellungen zu Ihrer Information:<\/p>\n<ul>\n<li><strong>Farbtemperatur:<\/strong> ca. 30.000 K<\/li>\n<li><strong>Wahrgenommene Helligkeit:<\/strong> 400 lm<\/li>\n<li><strong>Photosynthetisch aktiver Strahlungsfluss (PAR):<\/strong> 2,2 W<\/li>\n<li><strong>Photosynthetischer Photonenfluss:<\/strong> 9,2 \u00b5mol\/s<\/li>\n<li><strong>Stromverbrauch:<\/strong> 9,5 W<\/li>\n<li><strong>Stromversorgung:<\/strong> 100-240 V\/50-60 Hz<\/li>\n<\/ul>\n<p>Der Magnethalter ist f\u00fcr Glasdicken bis zu 12 mm (1\/2&#8243;) geeignet. Die Ma\u00dfe ohne Halterung betragen 305 x 25 x 13 mm (12&#8243; x 1&#8243; x 0,7&#8243;). Die Kabell\u00e4nge betr\u00e4gt 2,5 m (98,4&#8243;).<\/p>\n<p>Wichtig ist, dass diese Lampe speziell f\u00fcr die Aquarienbeleuchtung konzipiert ist und mit fest eingebauten LED-Leuchtmitteln geliefert wird, die nicht ausgetauscht werden k\u00f6nnen.<\/p>\n<p><strong>Sonnenaufgangsfunktion<\/strong>: Bei Einschalten der Stromversorgung (z.B. \u00fcber eine Zeitschaltuhr) simuliert die Vollspektrum-LED automatisch einen Sonnenaufgang, der 100 Sekunden dauert. Dieser Sonnenaufgang endet mit der Farbkombination, die Sie w\u00e4hrend der manuellen Einstellphase eingestellt haben (siehe \u201eManuelle Einstellung\u201c). Wenn Sie den Multicontroller 7097 oder SmartController 7000 anschlie\u00dfen, wird die Sonnenaufgangsfunktion deaktiviert.<\/p>\n","protected":false},"excerpt":{"rendered":"<p>Tunze LED full spectrum 8850.000 aquarium light for stony corals and soft corals<\/p>\n","protected":false},"featured_media":84360,"template":"","meta":[],"pwb-brand":[2123],"product_cat":[1384],"product_tag":[],"class_list":{"0":"post-85298","1":"product","2":"type-product","3":"status-publish","4":"has-post-thumbnail","6":"pwb-brand-tunze","7":"product_cat-led-de","9":"first","10":"outofstock","11":"taxable","12":"shipping-taxable","13":"purchasable","14":"product-type-simple"},"acf":[],"brands":[{"id":2123,"name":"Tunze","slug":"tunze"}],"_links":{"self":[{"href":"https:\/\/www.seaflowerstore.com\/de\/wp-json\/wp\/v2\/product\/85298","targetHints":{"allow":["GET"]}}],"collection":[{"href":"https:\/\/www.seaflowerstore.com\/de\/wp-json\/wp\/v2\/product"}],"about":[{"href":"https:\/\/www.seaflowerstore.com\/de\/wp-json\/wp\/v2\/types\/product"}],"wp:featuredmedia":[{"embeddable":true,"href":"https:\/\/www.seaflowerstore.com\/de\/wp-json\/wp\/v2\/media\/84360"}],"wp:attachment":[{"href":"https:\/\/www.seaflowerstore.com\/de\/wp-json\/wp\/v2\/media?parent=85298"}],"wp:term":[{"taxonomy":"pwb-brand","embeddable":true,"href":"https:\/\/www.seaflowerstore.com\/de\/wp-json\/wp\/v2\/pwb-brand?post=85298"},{"taxonomy":"product_cat","embeddable":true,"href":"https:\/\/www.seaflowerstore.com\/de\/wp-json\/wp\/v2\/product_cat?post=85298"},{"taxonomy":"product_tag","embeddable":true,"href":"https:\/\/www.seaflowerstore.com\/de\/wp-json\/wp\/v2\/product_tag?post=85298"}],"curies":[{"name":"wp","href":"https:\/\/api.w.org\/{rel}","templated":true}]}}