{"id":85299,"date":"2022-06-18T20:40:03","date_gmt":"2022-06-18T18:40:03","guid":{"rendered":"https:\/\/www.seaflowerstore.com\/nl\/hanna-hi772-26-alkalinity-reagent-25x\/"},"modified":"2026-01-07T08:29:20","modified_gmt":"2026-01-07T07:29:20","slug":"hanna-hi772-26-alkalinity-reagent-25x","status":"publish","type":"product","link":"https:\/\/www.seaflowerstore.com\/de\/hanna-hi772-26-alkalinity-reagent-25x\/","title":{"rendered":"Hanna HI772-26 Alkalinity reagent (25x)"},"content":{"rendered":"<h2>Hanna HI772-26 Alkalinity reagent (25x)<\/h2>\n<p>Der neue Alkalinit\u00e4tspr\u00fcfer HI772 verwendet dieselben Reagenzien zur Messung der Alkalinit\u00e4t (auch KH genannt) in Meerwasser, die speziell f\u00fcr die Pr\u00fcfer HI755 und HI772 entwickelt wurden. Dieses Reagenzienset reicht f\u00fcr die Durchf\u00fchrung von 25 Tests.<\/p>\n<p>F\u00fcr Ihre Bequemlichkeit wird es mit einer neuen Spritze und einem Spr\u00fchadapter geliefert.<\/p>\n","protected":false},"excerpt":{"rendered":"<p>Reagent for the HI755 and HI772 Alkalinity checkers<\/p>\n","protected":false},"featured_media":84359,"template":"","meta":[],"pwb-brand":[2229],"product_cat":[1400],"product_tag":[],"class_list":{"0":"post-85299","1":"product","2":"type-product","3":"status-publish","4":"has-post-thumbnail","6":"pwb-brand-hanna-instruments","7":"product_cat-tester","9":"first","10":"instock","11":"taxable","12":"shipping-taxable","13":"purchasable","14":"product-type-simple"},"acf":[],"brands":[{"id":2229,"name":"Hanna Instruments","slug":"hanna-instruments"}],"_links":{"self":[{"href":"https:\/\/www.seaflowerstore.com\/de\/wp-json\/wp\/v2\/product\/85299","targetHints":{"allow":["GET"]}}],"collection":[{"href":"https:\/\/www.seaflowerstore.com\/de\/wp-json\/wp\/v2\/product"}],"about":[{"href":"https:\/\/www.seaflowerstore.com\/de\/wp-json\/wp\/v2\/types\/product"}],"wp:featuredmedia":[{"embeddable":true,"href":"https:\/\/www.seaflowerstore.com\/de\/wp-json\/wp\/v2\/media\/84359"}],"wp:attachment":[{"href":"https:\/\/www.seaflowerstore.com\/de\/wp-json\/wp\/v2\/media?parent=85299"}],"wp:term":[{"taxonomy":"pwb-brand","embeddable":true,"href":"https:\/\/www.seaflowerstore.com\/de\/wp-json\/wp\/v2\/pwb-brand?post=85299"},{"taxonomy":"product_cat","embeddable":true,"href":"https:\/\/www.seaflowerstore.com\/de\/wp-json\/wp\/v2\/product_cat?post=85299"},{"taxonomy":"product_tag","embeddable":true,"href":"https:\/\/www.seaflowerstore.com\/de\/wp-json\/wp\/v2\/product_tag?post=85299"}],"curies":[{"name":"wp","href":"https:\/\/api.w.org\/{rel}","templated":true}]}}