{"id":85300,"date":"2022-06-15T18:16:15","date_gmt":"2022-06-15T16:16:15","guid":{"rendered":"https:\/\/www.seaflowerstore.com\/nl\/af-air-scrubber-media\/"},"modified":"2022-06-15T18:16:15","modified_gmt":"2022-06-15T16:20:57","slug":"af-air-scrubber-media","status":"publish","type":"product","link":"https:\/\/www.seaflowerstore.com\/de\/af-air-scrubber-media\/","title":{"rendered":"AF Air Scrubber Media"},"content":{"rendered":"<h2>AF Air Scrubber Media 2000ml helps preventing harmful fluctuations in parameters caused by low water pH<\/h2>\n<p><strong>Hauptmerkmale<\/strong><\/p>\n<ul>\n<li>Hervorragende CO2-Absorptionseigenschaften<\/li>\n<li>Erh\u00f6ht effektiv den pH-Wert<\/li>\n<li>Unterst\u00fctzt den Zustand und das Wachstum von Korallen<\/li>\n<li>Verhindert pH-Schwankungen in einem Salzwasseraquarium<\/li>\n<li>Indikator f\u00fcr den Abnutzungsgrad<\/li>\n<li>Einfach zu verwenden<\/li>\n<li>Produkt von h\u00f6chster Qualit\u00e4t, absolut sicher f\u00fcr Fische und Korallen<\/li>\n<\/ul>\n<p>Riffaquarien sind komplexe und oft empfindliche \u00d6kosysteme, deren Erfolg auf Stabilit\u00e4t angewiesen ist. T\u00e4gliche \u00c4nderungen des Kohlendioxidgehalts (CO2) durch Aktivit\u00e4ten wie normales Atmen, Haustiere und Kochen k\u00f6nnen den pH-Wert des Aquariums beeinflussen. Je mehr CO2 der Absch\u00e4umer ansaugt, desto saurer wird das Wasser, was zu einem Abfall des pH-Werts, instabilen dKH-Werten und einer erheblichen Beeintr\u00e4chtigung der Korallenkalkbildung f\u00fchren kann. Mit der Zeit kann dies die Korallen belasten und sogar zu ihrem Verlust f\u00fchren. Korallen gedeihen f\u00fcr eine gute Entwicklung in einem stabilen pH-Bereich von 8,1 bis 8,4.<\/p>\n<p>Tags\u00fcber hilft die Photosynthese, den pH-Wert des Aquariums zu stabilisieren. Nachts jedoch tendiert der pH-Wert dazu, zu sinken, da der Sauerstoffbedarf steigt. Dies ist besonders im Herbst und Winter zu beobachten, wenn die Fenster oft geschlossen und die R\u00e4ume weniger bel\u00fcftet sind. Daher ist dies ein idealer Zeitpunkt, um mit der Verwendung des AF Air Scrubber Mediums zu beginnen und so ein stabiles Riffaquarium zu erhalten.<\/p>\n<p>Das AF Air Scrubber Medium ist ein wei\u00dfes, trockenes Pellet, das die Filterkammer dicht f\u00fcllt und gleichzeitig den Luftstrom zul\u00e4sst. Durch dieses Design kann es Kohlendioxid effektiv absorbieren. Bei regelm\u00e4\u00dfiger Verwendung und Ersetzung sorgt es f\u00fcr einen stabilen pH-Wert im Aquarium.<\/p>\n<p>Unsere Tests zeigen, dass das AF Air Scrubber Medium den pH-Wert um etwa 0,2 bis 0,4 Grad erh\u00f6hen und im Bereich von 8,0 bis 8,4 stabilisieren kann. Wir empfehlen, das AF Air Scrubber Medium zusammen mit dem AF Air Scrubber Filter zu verwenden, um eine optimale CO2-Entfernung aus der vom Absch\u00e4umer angesaugten Luft zu erreichen. Das farbwechselnde Medium zeigt allm\u00e4hlich an, wann es ausgetauscht werden muss. Wir empfehlen, es auszutauschen, bevor sich die Farbe vollst\u00e4ndig \u00e4ndert. Die Kartusche ist f\u00fcr den einmaligen Gebrauch bestimmt und kann nicht regeneriert oder wiederverwendet werden. Ihre S\u00e4ttigung mit Kohlendioxid wird durch die Pelletfarbe angezeigt; wenn sie violett wird, bedeutet dies, dass sie CO2 absorbiert hat. Nur Original-CO2-Filterpatronen gew\u00e4hrleisten einen unterbrechungsfreien Betrieb und maximale Effizienz.<\/p>\n<p>F\u00fcr eine optimale und lang anhaltende Filterung empfiehlt es sich, AF Air Scrubber Medium zusammen mit dem speziellen AF Air Scrubber-Filter zu verwenden.<\/p>\n<p><strong>Wichtig<\/strong><\/p>\n<ul>\n<li>Aquaforest empfiehlt, das Medium auszutauschen, wenn es seine Farbe \u00e4ndert oder wenn Ihr pH-Wert zu sinken beginnt.<\/li>\n<li>Eine Packung ist eine vollst\u00e4ndige Nachf\u00fcllung des AF Air Scrubber-Reaktors.<\/li>\n<li>AF Air Scrubber Media kann zusammen mit Aktivkohle verwendet werden.<\/li>\n<li>Wenn das gebrauchte Medium zu lange im Reaktor verbleibt, kann es seine Farbe erneut \u00e4ndern, ist dann aber nicht mehr wirksam beim Entfernen von CO2 aus der Luft.<\/li>\n<li>Beim Austauschen des Mediums tragen Sie am besten Handschuhe und tun dies in einem gut bel\u00fcfteten Bereich.<\/li>\n<\/ul>\n","protected":false},"excerpt":{"rendered":"<p>AF Air Scrubber Media 2000ml helps preventing harmful fluctuations in parameters caused by low water pH<\/p>\n","protected":false},"featured_media":84357,"template":"","meta":[],"pwb-brand":[2199],"product_cat":[1434,1414],"product_tag":[],"class_list":{"0":"post-85300","1":"product","2":"type-product","3":"status-publish","4":"has-post-thumbnail","6":"pwb-brand-aquaforest","7":"product_cat-teile-de","8":"product_cat-aquaforest-de","10":"first","11":"instock","12":"taxable","13":"shipping-taxable","14":"purchasable","15":"product-type-simple"},"acf":[],"brands":[{"id":2199,"name":"Aquaforest","slug":"aquaforest"}],"_links":{"self":[{"href":"https:\/\/www.seaflowerstore.com\/de\/wp-json\/wp\/v2\/product\/85300","targetHints":{"allow":["GET"]}}],"collection":[{"href":"https:\/\/www.seaflowerstore.com\/de\/wp-json\/wp\/v2\/product"}],"about":[{"href":"https:\/\/www.seaflowerstore.com\/de\/wp-json\/wp\/v2\/types\/product"}],"wp:featuredmedia":[{"embeddable":true,"href":"https:\/\/www.seaflowerstore.com\/de\/wp-json\/wp\/v2\/media\/84357"}],"wp:attachment":[{"href":"https:\/\/www.seaflowerstore.com\/de\/wp-json\/wp\/v2\/media?parent=85300"}],"wp:term":[{"taxonomy":"pwb-brand","embeddable":true,"href":"https:\/\/www.seaflowerstore.com\/de\/wp-json\/wp\/v2\/pwb-brand?post=85300"},{"taxonomy":"product_cat","embeddable":true,"href":"https:\/\/www.seaflowerstore.com\/de\/wp-json\/wp\/v2\/product_cat?post=85300"},{"taxonomy":"product_tag","embeddable":true,"href":"https:\/\/www.seaflowerstore.com\/de\/wp-json\/wp\/v2\/product_tag?post=85300"}],"curies":[{"name":"wp","href":"https:\/\/api.w.org\/{rel}","templated":true}]}}