{"id":85301,"date":"2022-06-15T17:50:57","date_gmt":"2022-06-15T15:57:32","guid":{"rendered":"https:\/\/www.seaflowerstore.com\/nl\/aquaforest-hybrid-pro-salt\/"},"modified":"2024-10-30T13:28:30","modified_gmt":"2024-10-30T12:28:30","slug":"aquaforest-hybrid-pro-salt","status":"publish","type":"product","link":"https:\/\/www.seaflowerstore.com\/de\/aquaforest-hybrid-pro-salt\/","title":{"rendered":"AquaForest Hybrid Pro Salt"},"content":{"rendered":"<h2>AquaForest Hybrid Pro Salt<\/h2>\n<p>Wir stellen Hybrid Pro Salt vor; das bisher fortschrittlichste Riffsalz. Nachdem wir jahrelang beobachtet haben, wie Riffaquarien entweder mit nat\u00fcrlichem Meerwasser (NSW) oder chemisch reinem, im Labor hergestelltem Salz gedeihen, wollten wir eine Hybrid Pro Salt-Formel entwickeln, die die Vorteile beider Salze kombiniert. Diese wurde speziell f\u00fcr unsere empfindlichen Riffbewohner und moderne Aquarianer entwickelt, die nach nat\u00fcrlicheren, mit Probiotika angereicherten Riffmethoden suchen.<\/p>\n<p>Unser Team aus Chemikern und Biologen sammelte verschiedene Wasserproben von bl\u00fchenden Riffen in \u00c4gypten, Kenia, Indonesien und Fidschi. Sie analysierten sorgf\u00e4ltig die ICP-Ergebnisse dieser etablierten Korallenriffhabitate, um Parameter festzulegen, die den Anforderungen selbst der anspruchsvollsten Korallen gerecht werden. Anders als das Meer ist ein Aquarium ein geschlossenes \u00d6kosystem, in dem nicht alle Elemente gleichm\u00e4\u00dfig verbraucht werden. Um die Unterschiede bei der Aufnahme zu beheben, haben wir die Mengen h\u00e4ufig konsumierter Mikron\u00e4hrstoffe und Spurenelemente wie Strontium und Jod erh\u00f6ht, um die Stabilit\u00e4t zu verbessern.<\/p>\n<p>&nbsp;<\/p>\n<p><strong>Was macht Hybrid Pro Salt einzigartig?<\/strong><\/p>\n<ul>\n<li>Hybrid Pro Salt kombiniert chemisch reines, im Labor hergestelltes Salz mit nat\u00fcrlichen Meersalzflocken aus den saubersten Gew\u00e4ssern des Nordatlantiks.<\/li>\n<li>Es enth\u00e4lt eine propriet\u00e4re Mischung aus probiotischen Bakterien, die hilft, den Nitrat- und Phosphatgehalt zu senken und gleichzeitig die Farbintensit\u00e4t und das Wachstumspotenzial zu verbessern, die oft durch hohe Phosphatwerte beeintr\u00e4chtigt werden.<\/li>\n<li>Diese Formel enth\u00e4lt eine Vielzahl von Mikro und Makrospurenelemente, angereichert mit hochwertigen Aminos\u00e4uren und Vitaminen, die das Immunsystem und die nat\u00fcrlichen Stoffwechselfunktionen unterst\u00fctzen.<\/li>\n<\/ul>\n<p>Diese neue Hybrid Pro Salt-Formel schafft Bedingungen, die denen in nat\u00fcrlichem Meerwasser sehr \u00e4hnlich sind, mit dem zus\u00e4tzlichen Vorteil von Probiotika, um ein gesundes mikrobiologisches Gleichgewicht aufrechtzuerhalten und gleichzeitig die Nitrat- und Phosphatwerte sicher zu senken.<\/p>\n<p><strong>Dosierung und Lagerung<\/strong><\/p>\n<ul>\n<li>F\u00fcr optimale Ergebnisse l\u00f6sen Sie Hybrid Pro Salt in RODI-Wasser bei einer Temperatur von 24\u201325 \u00b0C (75\u201377 \u00b0F) und einem Salzgehalt von 33 ppt (1,025 S.G.) auf.<\/li>\n<li>Mischen Sie 390 Gramm Salz in 10 Liter (2,19 US-Gallonen) RODI-Wasser.<\/li>\n<li>Etwa 15 Minuten lang mischen. Sobald das Salzwasser vollst\u00e4ndig aufgel\u00f6st ist, ist es sofort einsatzbereit.<\/li>\n<\/ul>\n<ul>\n<li>Verwenden Sie das aufgel\u00f6ste Salz innerhalb von 3 Tagen. Durch Verdunstung k\u00f6nnen die Wasserparameter ver\u00e4ndert werden. Daher ist es wichtig, das aufbereitete Salzwasser dicht verschlossen aufzubewahren. Wenn es mehrere Tage gelagert wird, \u00fcberpr\u00fcfen Sie vor der Verwendung bitte den Salzgehalt.<\/li>\n<li>Lagern Sie das Salz an einem trockenen, feuchtigkeitsfreien und dunklen Ort.<\/li>\n<li>Ein Sicherheitsdatenblatt ist auf Anfrage erh\u00e4ltlich.<\/li>\n<\/ul>\n<p><strong>TIPPS<\/strong><\/p>\n<ul>\n<li>Wir empfehlen, den dKH-Wert zwischen 7,5 und 8,5 zu halten, um die Vermehrung probiotischer Bakterien zu unterst\u00fctzen. Zu hohe oder zu niedrige Werte k\u00f6nnen die Bakterienaktivit\u00e4t verringern.<\/li>\n<li>Wenn Sie neue Aquarien einrichten, setzen Sie die ersten Fische oder Korallen fr\u00fchestens 10-14 Tage nach der Einrichtung des Beckens und der Stabilisierung der Wasserparameter ein.<\/li>\n<\/ul>\n","protected":false},"excerpt":{"rendered":"<p>AquaForest Hybrid Pro Salt creates conditions almost identical to those found in natural seawater while having the added benefit of probiotics<\/p>\n","protected":false},"featured_media":84356,"template":"","meta":[],"pwb-brand":[2199],"product_cat":[1443,1414],"product_tag":[],"class_list":{"0":"post-85301","1":"product","2":"type-product","3":"status-publish","4":"has-post-thumbnail","6":"pwb-brand-aquaforest","7":"product_cat-salzig","8":"product_cat-aquaforest-de","9":"pa_inhoud-22-kg-de","10":"pa_inhoud-5-kg-de","12":"first","13":"instock","14":"taxable","15":"shipping-taxable","16":"purchasable","17":"product-type-variable"},"acf":[],"brands":[{"id":2199,"name":"Aquaforest","slug":"aquaforest"}],"_links":{"self":[{"href":"https:\/\/www.seaflowerstore.com\/de\/wp-json\/wp\/v2\/product\/85301","targetHints":{"allow":["GET"]}}],"collection":[{"href":"https:\/\/www.seaflowerstore.com\/de\/wp-json\/wp\/v2\/product"}],"about":[{"href":"https:\/\/www.seaflowerstore.com\/de\/wp-json\/wp\/v2\/types\/product"}],"wp:featuredmedia":[{"embeddable":true,"href":"https:\/\/www.seaflowerstore.com\/de\/wp-json\/wp\/v2\/media\/84356"}],"wp:attachment":[{"href":"https:\/\/www.seaflowerstore.com\/de\/wp-json\/wp\/v2\/media?parent=85301"}],"wp:term":[{"taxonomy":"pwb-brand","embeddable":true,"href":"https:\/\/www.seaflowerstore.com\/de\/wp-json\/wp\/v2\/pwb-brand?post=85301"},{"taxonomy":"product_cat","embeddable":true,"href":"https:\/\/www.seaflowerstore.com\/de\/wp-json\/wp\/v2\/product_cat?post=85301"},{"taxonomy":"product_tag","embeddable":true,"href":"https:\/\/www.seaflowerstore.com\/de\/wp-json\/wp\/v2\/product_tag?post=85301"}],"curies":[{"name":"wp","href":"https:\/\/api.w.org\/{rel}","templated":true}]}}