{"id":85304,"date":"2022-06-12T16:29:11","date_gmt":"2022-06-12T14:29:46","guid":{"rendered":"https:\/\/www.seaflowerstore.com\/nl\/dr-bassleer-bf-garlic-l-150-g\/"},"modified":"2025-01-10T17:57:23","modified_gmt":"2025-01-10T16:57:23","slug":"dr-bassleer-bf-garlic-l-150-g","status":"publish","type":"product","link":"https:\/\/www.seaflowerstore.com\/de\/dr-bassleer-bf-garlic-l-150-g\/","title":{"rendered":"Dr. Bassleer BF Garlic L &#8211; 150 g"},"content":{"rendered":"<h2>Dr. Bassleer BF Garlic L &#8211; 150 g<\/h2>\n<p><strong>Dr. Bassleer Biofish Food Garlic<\/strong> enth\u00e4lt nat\u00fcrlichen Knoblauch und ist daher besonders f\u00fcr Zierfische geeignet, die krank sind und Appetitlosigkeit versp\u00fcren. Knoblauch enth\u00e4lt den nat\u00fcrlichen Wirkstoff Allicin sowie eine betr\u00e4chtliche Menge an Mangan und Vitamin B6. Dar\u00fcber hinaus ist er eine hervorragende Quelle f\u00fcr Spurenelemente wie Selen, Jod und Germanium sowie verschiedene Enzyme. Um diese wertvollen Inhaltsstoffe zu erhalten, wird ausschlie\u00dflich nat\u00fcrlicher Knoblauch verwendet (kein Granulat), das dem Futter nachtr\u00e4glich zugesetzt wird.<\/p>\n<p>Dr. Bassleer Biofish Food Garlic ist in verschiedenen Granulatgr\u00f6\u00dfen erh\u00e4ltlich: M, L, XL und XXL. Die kleinere Pelletgr\u00f6\u00dfe M sinkt langsam ab und stellt sicher, dass die N\u00e4hrstoffe in allen drei Wasserzonen verf\u00fcgbar sind. Dadurch k\u00f6nnen sich Oberfl\u00e4chenfische, Fische im Mittelwasserbereich und Bodenfische an einer frischen und ausgewogenen Ern\u00e4hrung erfreuen.<\/p>\n<p><strong><span style=\"color:darkblue;\">Pelletgr\u00f6\u00dfe L<\/span><\/strong>: 0,8 \u2013 1,2 mm f\u00fcr Fische gr\u00f6\u00dfer als 5 cm oder 0,03 \u2013 0,05 Zoll f\u00fcr Fische gr\u00f6\u00dfer als 2 Zoll.<\/p>\n<p><strong>Dr. Bassleer Biofish Food Garlic L<\/strong> ist ein Alleinfuttermittel f\u00fcr Zierfische, registriert unter Nr. PET6237. Die Zusammensetzung umfasst:<\/p>\n<ul>\n<li>Fisch und Fischnebenerzeugnisse<\/li>\n<li>Krebstiere<\/li>\n<li>Getreide<\/li>\n<li>Pflanzliche Nebenerzeugnisse<\/li>\n<li>Hefe<\/li>\n<li>Mineralstoffe<\/li>\n<li>Knoblauch (2 %)<\/li>\n<\/ul>\n<p><strong>Zusatzstoffe:<\/strong><\/p>\n<ul>\n<li>Ern\u00e4hrungsphysiologische Zusatzstoffe: Vitamin A 7500 IE, Vitamin C 1000 mg, Vitamin D3 800 IE, Vitamin E 400 mg, Astaxanthin 5 mg<\/li>\n<li>Spurenelemente pro kg: Zinksulfatmonohydrat 110 mg, Mangansulfatmonohydrat 17 mg, Kupfersulfatpentahydrat 2 mg, Calciumjodat 2 mg<\/li>\n<li>Antioxidantien<\/li>\n<li>Zootechnische Zusatzstoffe pro kg: Probiotikum Pediococcus acidilactici 3.000 KBE\/mg<\/li>\n<\/ul>\n<p><strong>Zutaten:<\/strong> Rohprotein 54 %, Roh\u00f6le und -fette 15 %, Rohasche 10 %, Rohfaser 6 %.<\/p>\n<p><strong>Garantiert frei von k\u00fcnstlichen Farbstoffen.<\/strong><\/p>\n","protected":false},"excerpt":{"rendered":"<p>Dr. Bassleer BF Garlic L &#8211; 150 g biofish food\u00a0contains natural garlic<\/p>\n","protected":false},"featured_media":84355,"template":"","meta":[],"pwb-brand":[2311],"product_cat":[1438,1447],"product_tag":[],"class_list":{"0":"post-85304","1":"product","2":"type-product","3":"status-publish","4":"has-post-thumbnail","6":"pwb-brand-dr-bassleer","7":"product_cat-fischfutter","8":"product_cat-futter-de","10":"first","11":"outofstock","12":"taxable","13":"shipping-taxable","14":"purchasable","15":"product-type-simple"},"acf":[],"brands":[{"id":2311,"name":"Dr. Bassleer","slug":"dr-bassleer"}],"_links":{"self":[{"href":"https:\/\/www.seaflowerstore.com\/de\/wp-json\/wp\/v2\/product\/85304","targetHints":{"allow":["GET"]}}],"collection":[{"href":"https:\/\/www.seaflowerstore.com\/de\/wp-json\/wp\/v2\/product"}],"about":[{"href":"https:\/\/www.seaflowerstore.com\/de\/wp-json\/wp\/v2\/types\/product"}],"wp:featuredmedia":[{"embeddable":true,"href":"https:\/\/www.seaflowerstore.com\/de\/wp-json\/wp\/v2\/media\/84355"}],"wp:attachment":[{"href":"https:\/\/www.seaflowerstore.com\/de\/wp-json\/wp\/v2\/media?parent=85304"}],"wp:term":[{"taxonomy":"pwb-brand","embeddable":true,"href":"https:\/\/www.seaflowerstore.com\/de\/wp-json\/wp\/v2\/pwb-brand?post=85304"},{"taxonomy":"product_cat","embeddable":true,"href":"https:\/\/www.seaflowerstore.com\/de\/wp-json\/wp\/v2\/product_cat?post=85304"},{"taxonomy":"product_tag","embeddable":true,"href":"https:\/\/www.seaflowerstore.com\/de\/wp-json\/wp\/v2\/product_tag?post=85304"}],"curies":[{"name":"wp","href":"https:\/\/api.w.org\/{rel}","templated":true}]}}