{"id":85305,"date":"2022-06-12T14:35:59","date_gmt":"2022-06-12T12:58:39","guid":{"rendered":"https:\/\/www.seaflowerstore.com\/nl\/feeding-portal-tube-43mm\/"},"modified":"2023-12-31T11:57:25","modified_gmt":"2023-12-31T10:57:25","slug":"feeding-portal-tube-43mm","status":"publish","type":"product","link":"https:\/\/www.seaflowerstore.com\/de\/feeding-portal-tube-43mm\/","title":{"rendered":"Feeding portal tube &#8211; 43mm"},"content":{"rendered":"<h2>Feeding portal tube &#8211; 43mm for in the DD Feeding portal for easy frozen feeding to your fish<\/h2>\n<p>Dieser praktische Schlauch ist so konzipiert, dass er in das DD-F\u00fctterungsportal passt, sodass Sie Ihren Fischen problemlos gefrorenes Futter geben k\u00f6nnen. Sobald Sie ihn an Ort und Stelle haben, k\u00f6nnen Sie den Schlauch dort lassen, wenn Sie m\u00f6chten, da er aus riffsicherem Material besteht.<\/p>\n<p>Der Schlauch ist 43 mm lang und hat einen Abstand von 20 mm vom Sprungnetz zum Wasser. Er liegt 20 mm im Wasser, was perfekt funktioniert. Wenn Sie ihn jedoch lieber tiefer unter Wasser lassen m\u00f6chten, ist das auch eine Option.<\/p>\n<p><strong>Wenn der Abstand zwischen dem Netz und dem Wasser gr\u00f6\u00dfer ist, informieren Sie uns bitte, und wir passen die L\u00e4nge gerne f\u00fcr Sie an.<\/strong> Au\u00dferdem ist eine schwarze Version erh\u00e4ltlich; erw\u00e4hnen Sie sie einfach in den Kommentaren.<\/p>\n","protected":false},"excerpt":{"rendered":"<p>Feeding portal tube &#8211; 43mm for in the DD Feeding portal for easy frozen feeding to your fish<\/p>\n","protected":false},"featured_media":84352,"template":"","meta":[],"pwb-brand":[2161],"product_cat":[1413,1424,1442],"product_tag":[],"class_list":{"0":"post-85305","1":"product","2":"type-product","3":"status-publish","4":"has-post-thumbnail","6":"pwb-brand-seaflower","7":"product_cat-herausspringschutz","8":"product_cat-futter","9":"product_cat-3d-print-de","11":"first","12":"instock","13":"taxable","14":"shipping-taxable","15":"purchasable","16":"product-type-simple"},"acf":[],"brands":[{"id":2161,"name":"Seaflower","slug":"seaflower"}],"_links":{"self":[{"href":"https:\/\/www.seaflowerstore.com\/de\/wp-json\/wp\/v2\/product\/85305","targetHints":{"allow":["GET"]}}],"collection":[{"href":"https:\/\/www.seaflowerstore.com\/de\/wp-json\/wp\/v2\/product"}],"about":[{"href":"https:\/\/www.seaflowerstore.com\/de\/wp-json\/wp\/v2\/types\/product"}],"wp:featuredmedia":[{"embeddable":true,"href":"https:\/\/www.seaflowerstore.com\/de\/wp-json\/wp\/v2\/media\/84352"}],"wp:attachment":[{"href":"https:\/\/www.seaflowerstore.com\/de\/wp-json\/wp\/v2\/media?parent=85305"}],"wp:term":[{"taxonomy":"pwb-brand","embeddable":true,"href":"https:\/\/www.seaflowerstore.com\/de\/wp-json\/wp\/v2\/pwb-brand?post=85305"},{"taxonomy":"product_cat","embeddable":true,"href":"https:\/\/www.seaflowerstore.com\/de\/wp-json\/wp\/v2\/product_cat?post=85305"},{"taxonomy":"product_tag","embeddable":true,"href":"https:\/\/www.seaflowerstore.com\/de\/wp-json\/wp\/v2\/product_tag?post=85305"}],"curies":[{"name":"wp","href":"https:\/\/api.w.org\/{rel}","templated":true}]}}