{"id":85306,"date":"2022-06-11T16:48:28","date_gmt":"2022-06-11T14:48:28","guid":{"rendered":"https:\/\/www.seaflowerstore.com\/nl\/flipper-pico-black-algae-cleaner\/"},"modified":"2022-06-11T16:48:28","modified_gmt":"2022-06-11T14:48:29","slug":"flipper-pico-black-algae-cleaner","status":"publish","type":"product","link":"https:\/\/www.seaflowerstore.com\/de\/flipper-pico-black-algae-cleaner\/","title":{"rendered":"Flipper Pico Black &#8211; Algae Cleaner"},"content":{"rendered":"<h2>Flipper Pico Black &#8211; Algae Cleaner 2-in-1 Magnetic Scrubber \/ Scraper in a fun-sized design for quick daily soft algae removal<\/h2>\n<p>Wir pr\u00e4sentieren den Flipper&#8217;s Signature 2-in-1-Magnetschrubber und -Schaber in einem praktischen Format f\u00fcr die schnelle und effektive t\u00e4gliche Entfernung von weichen Algen! Dieser kompakte doppelseitige magnetische Aquarienreiniger verf\u00fcgt auf einer Seite \u00fcber ein Scheuerpad. Durch einfaches Drehen des \u00e4u\u00dferen Griffs l\u00e4sst sich das Scheuerpad im Inneren des Aquariums umdrehen und in einen Algenschaber verwandeln. Genie\u00dfen Sie eine vollst\u00e4ndige und effiziente Reinigung des Aquariums ohne H\u00e4nde, perfekt f\u00fcr kleine Aquarien!<\/p>\n<p>Der Flipper Pico l\u00e4sst sich problemlos um Ecken navigieren und sorgt daf\u00fcr, dass Ihr Glas- oder Acrylaquarium so makellos aussieht wie am ersten Tag. Mit starken Seltenerdmagneten ist die Reinigung Ihres Aquariums ein Kinderspiel, ohne dass Sie sich die H\u00e4nde nass machen m\u00fcssen. Schrubben und schaben Sie den ganzen Tag lang mit Flippers patentierter, unterhaltsamer Flipper-Funktion!<\/p>\n<p><strong>Hauptmerkmale:<\/strong><\/p>\n<ul>\n<li>Geeignet f\u00fcr Glas- und Acryltanks mit einer Dicke von bis zu 6 mm (1\/4 Zoll)<\/li>\n<li>Doppelseitiger magnetischer Reiniger: Schrubber und Schaberklinge<\/li>\n<li>Einfacher Flipper-Mechanismus zur Verwendung der anderen Seite<\/li>\n<li>Kompaktes Design: 1,25 x 1,25 Zoll gro\u00dfe Schrubbfl\u00e4che innen und 1 x 1,25 Zoll gro\u00dfer Au\u00dfengriff<\/li>\n<li>Seien Sie in der N\u00e4he der Sandlinie vorsichtig, um Kratzer auf dem Aquarienglas zu vermeiden<\/li>\n<\/ul>\n","protected":false},"excerpt":{"rendered":"<p>Flipper&#8217;s Signature 2-in-1 Magnetic Scrubber \/ Scraper in a fun-sized design for quick daily soft algae removal<\/p>\n","protected":false},"featured_media":84350,"template":"","meta":[],"pwb-brand":[2247],"product_cat":[1428],"product_tag":[],"class_list":{"0":"post-85306","1":"product","2":"type-product","3":"status-publish","4":"has-post-thumbnail","6":"pwb-brand-flipper","7":"product_cat-algenmagnet","8":"pa_show-myparcel-options-male-de","10":"first","11":"instock","12":"sale","13":"taxable","14":"shipping-taxable","15":"purchasable","16":"product-type-simple"},"acf":[],"brands":[{"id":2247,"name":"Flipper","slug":"flipper"}],"_links":{"self":[{"href":"https:\/\/www.seaflowerstore.com\/de\/wp-json\/wp\/v2\/product\/85306","targetHints":{"allow":["GET"]}}],"collection":[{"href":"https:\/\/www.seaflowerstore.com\/de\/wp-json\/wp\/v2\/product"}],"about":[{"href":"https:\/\/www.seaflowerstore.com\/de\/wp-json\/wp\/v2\/types\/product"}],"wp:featuredmedia":[{"embeddable":true,"href":"https:\/\/www.seaflowerstore.com\/de\/wp-json\/wp\/v2\/media\/84350"}],"wp:attachment":[{"href":"https:\/\/www.seaflowerstore.com\/de\/wp-json\/wp\/v2\/media?parent=85306"}],"wp:term":[{"taxonomy":"pwb-brand","embeddable":true,"href":"https:\/\/www.seaflowerstore.com\/de\/wp-json\/wp\/v2\/pwb-brand?post=85306"},{"taxonomy":"product_cat","embeddable":true,"href":"https:\/\/www.seaflowerstore.com\/de\/wp-json\/wp\/v2\/product_cat?post=85306"},{"taxonomy":"product_tag","embeddable":true,"href":"https:\/\/www.seaflowerstore.com\/de\/wp-json\/wp\/v2\/product_tag?post=85306"}],"curies":[{"name":"wp","href":"https:\/\/api.w.org\/{rel}","templated":true}]}}