{"id":85307,"date":"2022-06-11T16:33:32","date_gmt":"2022-06-11T14:40:06","guid":{"rendered":"https:\/\/www.seaflowerstore.com\/nl\/flipper-cleaning-mitt-2-pcs\/"},"modified":"2022-06-11T16:33:32","modified_gmt":"2022-06-11T14:40:06","slug":"flipper-cleaning-mitt-2-pcs","status":"publish","type":"product","link":"https:\/\/www.seaflowerstore.com\/de\/flipper-cleaning-mitt-2-pcs\/","title":{"rendered":"Flipper Cleaning Mitt &#8211; 2 pcs"},"content":{"rendered":"<h2>Flipper Cleaning Mitt &#8211; 2 pcs unique dual-sided cleaning mitt<\/h2>\n<p><strong>Der ultimative Allzweck-Reinigungshandschuh!<\/strong><\/p>\n<p>Der einzigartige doppelseitige Reinigungshandschuh FL!PPER 2-in-1 verf\u00fcgt auf der einen Seite \u00fcber ein weiches, besonders saugf\u00e4higes Frottee und auf der anderen Seite \u00fcber ein hochwertiges Mikrofasertuch. <strong>Reinigen&#8230; FL!P&#8230; Polieren!<\/strong><\/p>\n<p>Die Frotteeseite des FLIP-MITT ist ideal zum Aufsaugen von leicht versch\u00fctteten Fl\u00fcssigkeiten und zur allgemeinen Reinigung, w\u00e4hrend die Mikrofaserseite sich hervorragend zum streifenfreien Polieren von Glas und anderen glatten Oberfl\u00e4chen eignet. Der FL!PPER FLIP-MITT wird im Zweierpack geliefert, sodass Sie f\u00fcr eine schnelle und effiziente Reinigung \u201eWachs auftragen\u201c und \u201eWachs abtragen\u201c k\u00f6nnen (kein Wachs erforderlich). Und noch besser: Jeder doppelseitige Handschuh ist f\u00fcr die Hand- oder Maschinenw\u00e4sche geeignet.<\/p>\n<p>Machen Sie sich keine Sorgen wegen versch\u00fctteter Milch! Mit FL!PPER k\u00f6nnen Sie es ganz einfach reinigen und alles andere in Angriff nehmen!<\/p>\n<p>Dieses Produkt eignet sich wunderbar f\u00fcr:<\/p>\n<ul>\n<li>K\u00fcchen<\/li>\n<li>Badezimmer<\/li>\n<li>Ger\u00e4te<\/li>\n<li>Aquarien<\/li>\n<li>Terrarien<\/li>\n<li>Fenster<\/li>\n<li>Autos<\/li>\n<li>Glaswaren<\/li>\n<li>Arbeitsplatten<\/li>\n<li>M\u00f6bel<\/li>\n<li>Duschen<\/li>\n<li>B\u00f6den<\/li>\n<li>Und vieles mehr!<\/li>\n<\/ul>\n<p><strong>Funktionen:<\/strong><\/p>\n<ul>\n<li>2-in-1-Reinigungshandschuh mit zwei Seiten<\/li>\n<li>Reinigen&#8230; FL!P&#8230; Polieren!<\/li>\n<li>Frotteeseite ist perfekt zum Aufsaugen von leichten Versch\u00fcttungen und allgemeine Reinigung<\/li>\n<li>Hochwertiges Mikrofasertuch f\u00fcr STREIFENFREIES Polieren<\/li>\n<li>Maschinenwaschbar<\/li>\n<li>Zwei doppelseitige Handschuhe pro Packung<\/li>\n<\/ul>\n","protected":false},"excerpt":{"rendered":"<p>Flipper Cleaning Mitt &#8211; 2 pcs unique dual-sided cleaning mitt<\/p>\n","protected":false},"featured_media":84348,"template":"","meta":[],"pwb-brand":[2247],"product_cat":[1488],"product_tag":[],"class_list":{"0":"post-85307","1":"product","2":"type-product","3":"status-publish","4":"has-post-thumbnail","6":"pwb-brand-flipper","7":"product_cat-pflege","9":"first","10":"instock","11":"taxable","12":"shipping-taxable","13":"purchasable","14":"product-type-simple"},"acf":[],"brands":[{"id":2247,"name":"Flipper","slug":"flipper"}],"_links":{"self":[{"href":"https:\/\/www.seaflowerstore.com\/de\/wp-json\/wp\/v2\/product\/85307","targetHints":{"allow":["GET"]}}],"collection":[{"href":"https:\/\/www.seaflowerstore.com\/de\/wp-json\/wp\/v2\/product"}],"about":[{"href":"https:\/\/www.seaflowerstore.com\/de\/wp-json\/wp\/v2\/types\/product"}],"wp:featuredmedia":[{"embeddable":true,"href":"https:\/\/www.seaflowerstore.com\/de\/wp-json\/wp\/v2\/media\/84348"}],"wp:attachment":[{"href":"https:\/\/www.seaflowerstore.com\/de\/wp-json\/wp\/v2\/media?parent=85307"}],"wp:term":[{"taxonomy":"pwb-brand","embeddable":true,"href":"https:\/\/www.seaflowerstore.com\/de\/wp-json\/wp\/v2\/pwb-brand?post=85307"},{"taxonomy":"product_cat","embeddable":true,"href":"https:\/\/www.seaflowerstore.com\/de\/wp-json\/wp\/v2\/product_cat?post=85307"},{"taxonomy":"product_tag","embeddable":true,"href":"https:\/\/www.seaflowerstore.com\/de\/wp-json\/wp\/v2\/product_tag?post=85307"}],"curies":[{"name":"wp","href":"https:\/\/api.w.org\/{rel}","templated":true}]}}