{"id":85310,"date":"2022-06-11T15:38:24","date_gmt":"2022-06-11T13:38:24","guid":{"rendered":"https:\/\/www.seaflowerstore.com\/nl\/flipper-edge-max-ltd-tang\/"},"modified":"2022-06-11T15:38:24","modified_gmt":"2022-06-11T13:38:24","slug":"flipper-edge-max-ltd-tang","status":"publish","type":"product","link":"https:\/\/www.seaflowerstore.com\/de\/flipper-edge-max-ltd-tang\/","title":{"rendered":"Flipper Edge MAX LTD Tang"},"content":{"rendered":"<h2 id=\"product-title\">Flipper Edge MAX LTD Tang 2 in 1 floating magnetic aquarium algae cleaner<\/h2>\n<p>Jetzt mit DOPPELTER Reinigungskraft! Der patentierte magnetische 2-in-1-Aquarienreiniger von FL!PPER Aquarium Products, <strong>jetzt mit Doppelklingen<\/strong>, l\u00e4sst sich durch einfaches Drehen des Griffs vom Schrubber zum Schaber umfunktionieren. Sie k\u00f6nnen Ihr Aquarium komplett reinigen, ohne sich jemals die H\u00e4nde nass zu machen! Dies ist ein unverzichtbares Reinigungswerkzeug f\u00fcr fortgeschrittene Aquarianer und Wartungsprofis!<\/p>\n<p><strong>Entwickelt f\u00fcr Glas- und Acryltanks mit einer Dicke von bis zu 24 mm<\/strong><\/p>\n<p><strong>Funktionen von Flipper Edge MAX:<\/strong><\/p>\n<ul>\n<li>Neues Doppelklingendesign f\u00fcr effizienteres Reinigen!<\/li>\n<li>Austauschbare Klingen aus Edelstahl und Kunststoff zum Entfernen hartn\u00e4ckiger Algen und sichereren Schaben in der N\u00e4he von Silikon.<\/li>\n<li>Neue Klinge aus 316 Edelstahl mit pr\u00e4ziserem Kantendesign f\u00fcr makelloses Schaben.<\/li>\n<li>Wendeklingen bieten Ihnen die doppelte Lebensdauer der normalen Klinge!<\/li>\n<li>Neue, acrylsichere Kunststoffklingen mit der Option, eine flache oder gezackte Kante zu verwenden.<\/li>\n<li>Enth\u00e4lt (2) Klingen aus Edelstahl und (2) Acrylsichere Kunststoffklingen.<\/li>\n<li>Schneiden Sie Ihre eigenen Klingen mit alten Geschenk- oder Kreditkarten zu.<\/li>\n<li>SCHWIMMT an die Oberfl\u00e4che, falls der Reiniger jemals getrennt wird.<\/li>\n<li>Ergonomischer GRIP\/FLIP-Griff f\u00fcr einfaches UMSCHALTEN vom Schrubber zum Schaber.<\/li>\n<li>Hergestellt mit Seltenerdmagneten f\u00fcr unglaubliche Reinigungskraft und Haltbarkeit.<\/li>\n<li>Reinigt selbst die hartn\u00e4ckigsten Korallenalgen.<\/li>\n<\/ul>\n<p><strong>Set enth\u00e4lt:<\/strong><\/p>\n<ul>\n<li>FL!PPER-Aquarienreiniger in limitierter Auflage<\/li>\n<li>4x Edelstahl-Schaberklingen<\/li>\n<li>4x Acrylsichere flache\/gezahnte Schaberklingen<\/li>\n<li>Ersatz-Schrubberpad<\/li>\n<li>Ersatzgriff Pad<\/li>\n<\/ul>\n<h4><em>FL!PPING-TIPPS:<\/em><\/h4>\n<ul>\n<li><em>Das Umdrehen funktioniert am besten in Bereichen des Tanks mit geringer Wasserstr\u00f6mung.<\/em><\/li>\n<li><em>Umdrehen Sie oben im Tank in der N\u00e4he der Wasseroberfl\u00e4che.<\/em><\/li>\n<li><em>Seien Sie vorsichtig bei der Verwendung einer Metallklinge in der N\u00e4he von Kies oder Aquarienglasversiegelung.<\/em><\/li>\n<li><em>Magnete sind stark! Vermeiden Sie das Einklemmen von Fingern!<\/em><\/li>\n<li><em>Platzieren Sie FL!PPER nicht neben Mobiltelefonen oder elektrischen Ger\u00e4ten.<\/em><\/li>\n<\/ul>\n<p><strong>FL!PPER Aquarium Products bietet eine vollst\u00e4ndige Produktlinie von FL!PPER-Aquarienreinigern. W\u00e4hlen Sie das FL!PPER-Modell und die Gr\u00f6\u00dfe, die am besten zu Ihrem Tank passt!<\/strong><\/p>\n<ul>\n<li><b>Nano Float:<\/b> Glastanks bis zu 6 mm<\/li>\n<li><b>Standardkante:<\/b> Bis zu 12 mm<\/li>\n<li><b>Maximale Kante:<\/b> Bis zu 24 mm<\/li>\n<\/ul>\n","protected":false},"excerpt":{"rendered":"<p>Flipper Edge MAX LTD Tang 2in1 floating magnetic aquarium algae cleaner now with dual blades<\/p>\n","protected":false},"featured_media":84345,"template":"","meta":[],"pwb-brand":[2247],"product_cat":[1428],"product_tag":[],"class_list":{"0":"post-85310","1":"product","2":"type-product","3":"status-publish","4":"has-post-thumbnail","6":"pwb-brand-flipper","7":"product_cat-algenmagnet","9":"first","10":"outofstock","11":"taxable","12":"shipping-taxable","13":"purchasable","14":"product-type-simple"},"acf":[],"brands":[{"id":2247,"name":"Flipper","slug":"flipper"}],"_links":{"self":[{"href":"https:\/\/www.seaflowerstore.com\/de\/wp-json\/wp\/v2\/product\/85310","targetHints":{"allow":["GET"]}}],"collection":[{"href":"https:\/\/www.seaflowerstore.com\/de\/wp-json\/wp\/v2\/product"}],"about":[{"href":"https:\/\/www.seaflowerstore.com\/de\/wp-json\/wp\/v2\/types\/product"}],"wp:featuredmedia":[{"embeddable":true,"href":"https:\/\/www.seaflowerstore.com\/de\/wp-json\/wp\/v2\/media\/84345"}],"wp:attachment":[{"href":"https:\/\/www.seaflowerstore.com\/de\/wp-json\/wp\/v2\/media?parent=85310"}],"wp:term":[{"taxonomy":"pwb-brand","embeddable":true,"href":"https:\/\/www.seaflowerstore.com\/de\/wp-json\/wp\/v2\/pwb-brand?post=85310"},{"taxonomy":"product_cat","embeddable":true,"href":"https:\/\/www.seaflowerstore.com\/de\/wp-json\/wp\/v2\/product_cat?post=85310"},{"taxonomy":"product_tag","embeddable":true,"href":"https:\/\/www.seaflowerstore.com\/de\/wp-json\/wp\/v2\/product_tag?post=85310"}],"curies":[{"name":"wp","href":"https:\/\/api.w.org\/{rel}","templated":true}]}}