{"id":85312,"date":"2022-06-11T14:59:35","date_gmt":"2022-06-11T12:59:36","guid":{"rendered":"https:\/\/www.seaflowerstore.com\/nl\/flipper-edge-ltd-tang\/"},"modified":"2022-06-11T14:59:35","modified_gmt":"2022-06-11T12:59:36","slug":"flipper-edge-ltd-tang","status":"publish","type":"product","link":"https:\/\/www.seaflowerstore.com\/de\/flipper-edge-ltd-tang\/","title":{"rendered":"Flipper Edge LTD Tang"},"content":{"rendered":"<h2>Flipper Edge LTD Tang 2in1 floating magnetic aquarium algae cleaner (standard)<\/h2>\n<p>Jetzt mit DOPPELTER Reinigungskraft! FL!PPER Aquarium Products pr\u00e4sentiert seinen patentierten magnetischen 2-in-1-Aquarienreiniger, <strong>jetzt mit Doppelklingen<\/strong> ausgestattet. Sie k\u00f6nnen ganz einfach vom Schrubber zum Schaber wechseln, indem Sie den Griff drehen. Genie\u00dfen Sie die komplette Reinigung Ihres Aquariums, ohne sich jemals die H\u00e4nde nass zu machen! Dieses Werkzeug ist ein \u201eMuss\u201c f\u00fcr fortgeschrittene Aquarienliebhaber und Wartungsprofis.<\/p>\n<p><strong>Entwickelt f\u00fcr Glas- und Acryltanks mit einer Dicke von bis zu 12 mm<\/strong><\/p>\n<p><strong style=\"font-size: 14.4px\">Funktionen der Flipper-Kante (Standard):<\/strong><\/p>\n<ul>\n<li>Neues Design mit zwei Klingen f\u00fcr effizienteres Reinigen!<\/li>\n<li>Auswechselbare Klingen aus Edelstahl und Kunststoff zum Entfernen hartn\u00e4ckiger Algen und sichereren Abschaben in der N\u00e4he von Silikon.<\/li>\n<li>Neue Klinge aus 316er Edelstahl mit pr\u00e4zisem Kantendesign f\u00fcr makelloses Abschaben.<\/li>\n<li>Wendeklingen bieten die doppelte Lebensdauer der normalen Klinge!<\/li>\n<li>Neue, acrylsichere Kunststoffklingen mit Optionen f\u00fcr flache oder gezackte Kanten.<\/li>\n<li>Beinhaltet (2) Klingen aus Edelstahl und (2) acrylsichere Kunststoffklingen.<\/li>\n<li>Passen Sie Ihre eigenen an Klingen mit alten Geschenk- oder Kreditkarten.<\/li>\n<li>SCHWIMMT an die Oberfl\u00e4che, falls der Reiniger jemals getrennt wird.<\/li>\n<li>Ergonomischer GRIP\/FLIP-Griff f\u00fcr einfaches FL!PPING vom Schrubber zum Schaber.<\/li>\n<li>Konstruiert mit Seltenerdmagneten f\u00fcr unglaubliche Reinigungskraft und Haltbarkeit.<\/li>\n<li>Reinigt effektiv sogar die hartn\u00e4ckigsten Korallenalgen.<\/li>\n<\/ul>\n<p><strong>Set enth\u00e4lt:<\/strong><\/p>\n<ul>\n<li>FL!PPER-Aquarienreiniger in limitierter Auflage<\/li>\n<li>4x Schaberklingen aus Edelstahl<\/li>\n<li>4x Acryl-sichere flache\/gezahnte Schaberklingen<\/li>\n<li>Ersatz-Schrubberpad<\/li>\n<li>Ersatz-Griffpad<\/li>\n<\/ul>\n<h4><em>FL!PPING TIPPS:<\/em><\/h4>\n<ul>\n<li><em>Das Umdrehen funktioniert am besten in Bereichen des Aquariums mit geringer Wasserstr\u00f6mung.<\/em><\/li>\n<li><em>Umdrehen Sie oben im Aquarium in der N\u00e4he der Wasseroberfl\u00e4che.<\/em><\/li>\n<li><em>Seien Sie vorsichtig, wenn Sie Metallklingen in der N\u00e4he der Kieslinie oder der Aquarienglasversiegelung verwenden.<\/em><\/li>\n<li><em>Magnete sind stark! Achten Sie darauf, dass Sie sich nicht die Finger einklemmen!<\/em><\/li>\n<li><em>Platzieren Sie FL!PPER nicht neben Mobiltelefonen oder elektrischen Ger\u00e4ten.<\/em><\/li>\n<\/ul>\n<p><strong>FL!PPER Aquarium Products bietet eine vollst\u00e4ndige Produktlinie von FL!PPER-Aquarienreinigern. W\u00e4hlen Sie das FL!PPER-Modell und die Gr\u00f6\u00dfe, die am besten zu Ihrem Tank passt!<\/strong><\/p>\n<ul>\n<li><b>Nano Float:<\/b> Glastanks bis zu 6 mm<\/li>\n<li><b>Standardkante:<\/b> Bis zu 12 mm<\/li>\n<li><b>Maximale Kante:<\/b> Bis zu 24 mm<\/li>\n<\/ul>\n","protected":false},"excerpt":{"rendered":"<p id=\"product-title\">Flipper Edge LTD Tang 2in1 floating magnetic aquarium algae cleaner now with dual blades<\/p>\n","protected":false},"featured_media":84341,"template":"","meta":[],"pwb-brand":[2247],"product_cat":[1428],"product_tag":[],"class_list":{"0":"post-85312","1":"product","2":"type-product","3":"status-publish","4":"has-post-thumbnail","6":"pwb-brand-flipper","7":"product_cat-algenmagnet","9":"first","10":"instock","11":"taxable","12":"shipping-taxable","13":"purchasable","14":"product-type-simple"},"acf":[],"brands":[{"id":2247,"name":"Flipper","slug":"flipper"}],"_links":{"self":[{"href":"https:\/\/www.seaflowerstore.com\/de\/wp-json\/wp\/v2\/product\/85312","targetHints":{"allow":["GET"]}}],"collection":[{"href":"https:\/\/www.seaflowerstore.com\/de\/wp-json\/wp\/v2\/product"}],"about":[{"href":"https:\/\/www.seaflowerstore.com\/de\/wp-json\/wp\/v2\/types\/product"}],"wp:featuredmedia":[{"embeddable":true,"href":"https:\/\/www.seaflowerstore.com\/de\/wp-json\/wp\/v2\/media\/84341"}],"wp:attachment":[{"href":"https:\/\/www.seaflowerstore.com\/de\/wp-json\/wp\/v2\/media?parent=85312"}],"wp:term":[{"taxonomy":"pwb-brand","embeddable":true,"href":"https:\/\/www.seaflowerstore.com\/de\/wp-json\/wp\/v2\/pwb-brand?post=85312"},{"taxonomy":"product_cat","embeddable":true,"href":"https:\/\/www.seaflowerstore.com\/de\/wp-json\/wp\/v2\/product_cat?post=85312"},{"taxonomy":"product_tag","embeddable":true,"href":"https:\/\/www.seaflowerstore.com\/de\/wp-json\/wp\/v2\/product_tag?post=85312"}],"curies":[{"name":"wp","href":"https:\/\/api.w.org\/{rel}","templated":true}]}}