{"id":85315,"date":"2022-06-11T14:12:17","date_gmt":"2022-06-11T12:12:17","guid":{"rendered":"https:\/\/www.seaflowerstore.com\/nl\/flipper-edge\/"},"modified":"2022-06-11T14:12:17","modified_gmt":"2022-06-11T12:14:25","slug":"flipper-edge","status":"publish","type":"product","link":"https:\/\/www.seaflowerstore.com\/de\/flipper-edge\/","title":{"rendered":"Flipper Edge"},"content":{"rendered":"<h2 id=\"product-title\">Flipper Edge 2in1 floating magnetic aquarium algae cleaner (standard)<\/h2>\n<p>Jetzt mit DOPPELTER Reinigungskraft! Der patentierte magnetische 2-in-1-Aquarienreiniger von FL!PPER Aquarium Products, <strong>jetzt mit Doppelklingen<\/strong>, l\u00e4sst sich durch einfaches Drehen des Griffs vom Schrubber zum Schaber umfunktionieren. Genie\u00dfen Sie die komplette Reinigung Ihres Aquariums, ohne sich jemals die H\u00e4nde nass zu machen! Dies ist ein unverzichtbares Reinigungswerkzeug f\u00fcr fortgeschrittene Aquarianer und Wartungsprofis!<\/p>\n<p><strong>Entwickelt f\u00fcr Glas- und Acryltanks mit einer Dicke von bis zu 12 mm<\/strong><\/p>\n<p><strong style=\"font-size: 14.4px\">Funktionen der Flipper-Kante (Standard):<\/strong><\/p>\n<ul>\n<li>Neues Design mit zwei Klingen f\u00fcr effizienteres Reinigen!<\/li>\n<li>Auswechselbare Klingen aus Edelstahl und Kunststoff zum Entfernen hartn\u00e4ckiger Algen und sichereren Schaben in der N\u00e4he von Silikon.<\/li>\n<li>Neue Klinge aus Edelstahl 316 mit pr\u00e4ziserem Kantendesign f\u00fcr einwandfreies Schaben.<\/li>\n<li>Wendeklingen bieten die doppelte Lebensdauer der normalen Klinge!<\/li>\n<li>Neue, acrylsichere Kunststoffklingen mit der Option, eine flache oder gezackte Kante zu verwenden.<\/li>\n<li>Beinhaltet (2) Klingen aus Edelstahl und (2) acrylsichere Kunststoffklingen.<\/li>\n<li>Schneiden Sie Ihre eigenen Klingen mit alten Geschenk-\/Kreditkarten zu.<\/li>\n<li>SCHWIMMT an die Oberfl\u00e4che, falls der Reiniger jemals abgetrennt wird.<\/li>\n<li>Ergonomischer GRIP\/FLIP-Griff f\u00fcr einfaches FLIP!PPING vom Schrubber zum Schaber.<\/li>\n<li>Hergestellt mit Seltenerdmagneten f\u00fcr unglaubliche Reinigungskraft und Haltbarkeit.<\/li>\n<li>Reinigt selbst die hartn\u00e4ckigsten Korallenalgen.<\/li>\n<\/ul>\n<h4><em>TIPPS ZUM FLIP!PPING:<\/em><\/h4>\n<ul>\n<li><em>Das Fliping funktioniert am besten in Bereichen des Tanks mit geringer Wasserstr\u00f6mung.<\/em><\/li>\n<li><em>Fliping an der Oberseite des Tanks in der N\u00e4he der Wasseroberfl\u00e4che.<\/em><\/li>\n<li><em>Seien Sie vorsichtig, wenn Sie Metallklingen in der N\u00e4he von Kies oder Aquarienglasversiegelung verwenden.<\/em><\/li>\n<li><em>Magnete sind stark! Vermeiden Sie das Einklemmen von Fingern!<\/em><\/li>\n<li><em>Stellen Sie FL!PPER nicht neben Mobiltelefone oder elektrische Ger\u00e4te.<\/em><\/li>\n<\/ul>\n<p><strong>FL!PPER Aquarium Products bietet eine vollst\u00e4ndige Produktlinie von FL!PPER-Aquarienreinigern. W\u00e4hlen Sie das FL!PPER-Modell und die Gr\u00f6\u00dfe, die am besten zu Ihrem Aquarium passt!<\/strong><\/p>\n<ul>\n<li><b> Nano Float:<\/b> Glastanks bis zu 6 mm<\/li>\n<li><span style=\"background-color: #ffff00\"><b> Standardkante:<\/b> Bis zu 12 mm<\/span><\/li>\n<li><b> Max. Kante:<\/b> Bis zu 24 mm<\/li>\n<\/ul>\n","protected":false},"excerpt":{"rendered":"<p id=\"product-title\">Flipper Edge 2in1 floating magnetic aquarium algae cleaner now with dual blades<\/p>\n","protected":false},"featured_media":84333,"template":"","meta":[],"pwb-brand":[2247],"product_cat":[1428],"product_tag":[],"class_list":{"0":"post-85315","1":"product","2":"type-product","3":"status-publish","4":"has-post-thumbnail","6":"pwb-brand-flipper","7":"product_cat-algenmagnet","9":"first","10":"outofstock","11":"sale","12":"taxable","13":"shipping-taxable","14":"purchasable","15":"product-type-simple"},"acf":[],"brands":[{"id":2247,"name":"Flipper","slug":"flipper"}],"_links":{"self":[{"href":"https:\/\/www.seaflowerstore.com\/de\/wp-json\/wp\/v2\/product\/85315","targetHints":{"allow":["GET"]}}],"collection":[{"href":"https:\/\/www.seaflowerstore.com\/de\/wp-json\/wp\/v2\/product"}],"about":[{"href":"https:\/\/www.seaflowerstore.com\/de\/wp-json\/wp\/v2\/types\/product"}],"wp:featuredmedia":[{"embeddable":true,"href":"https:\/\/www.seaflowerstore.com\/de\/wp-json\/wp\/v2\/media\/84333"}],"wp:attachment":[{"href":"https:\/\/www.seaflowerstore.com\/de\/wp-json\/wp\/v2\/media?parent=85315"}],"wp:term":[{"taxonomy":"pwb-brand","embeddable":true,"href":"https:\/\/www.seaflowerstore.com\/de\/wp-json\/wp\/v2\/pwb-brand?post=85315"},{"taxonomy":"product_cat","embeddable":true,"href":"https:\/\/www.seaflowerstore.com\/de\/wp-json\/wp\/v2\/product_cat?post=85315"},{"taxonomy":"product_tag","embeddable":true,"href":"https:\/\/www.seaflowerstore.com\/de\/wp-json\/wp\/v2\/product_tag?post=85315"}],"curies":[{"name":"wp","href":"https:\/\/api.w.org\/{rel}","templated":true}]}}