{"id":85316,"date":"2022-06-11T13:55:17","date_gmt":"2022-06-11T11:55:17","guid":{"rendered":"https:\/\/www.seaflowerstore.com\/nl\/aqua-medic-mistral-800-air-pump\/"},"modified":"2022-06-11T13:55:17","modified_gmt":"2022-06-11T11:56:57","slug":"aqua-medic-mistral-800-air-pump","status":"publish","type":"product","link":"https:\/\/www.seaflowerstore.com\/de\/aqua-medic-mistral-800-air-pump\/","title":{"rendered":"Aqua Medic Mistral 800 air pump"},"content":{"rendered":"<h2>Aqua Medic Mistral 800 Membrane air pumps for aquaria<\/h2>\n<p>Die Luftpumpen der Aqua Medic Mistral-Serie sind f\u00fcr ihren <strong>niedrigen Stromverbrauch<\/strong> und ihre <strong>langlebigen Membranen<\/strong> bekannt. Dank ihrer vibrationsd\u00e4mpfenden Gummif\u00fc\u00dfe arbeiten diese Pumpen mit minimaler Ger\u00e4uschentwicklung und Vibration und sind daher perfekt f\u00fcr den Heimgebrauch geeignet.<\/p>\n<p>Die Modelle Mistral 400 und 800 verf\u00fcgen \u00fcber einen <strong>einstellbaren Leistungsregler<\/strong>, mit dem Sie den Luftstrom zur Bel\u00fcftung von Aquarien oder zum Betrieb von Eiwei\u00dfabsch\u00e4umern mit Keramik- oder Holzausstr\u00f6mersteinen ganz einfach anpassen k\u00f6nnen. Durch diese Vielseitigkeit sind die Mistral Membranluftpumpen sowohl f\u00fcr S\u00fc\u00df- als auch f\u00fcr Salzwasseraquarien im privaten Bereich geeignet.<\/p>\n<p><strong>Im Lieferumfang enthalten:<\/strong><\/p>\n<table border=\"1\">\n<tbody>\n<tr>\n<td><strong>Typ Mistral<\/strong><\/td>\n<td><strong>100<\/strong><\/td>\n<td><strong>400<\/strong><\/td>\n<td><strong>800<\/strong><\/td>\n<\/tr>\n<tr>\n<td>Luftschlauch, L\u00e4nge 50 cm \u00d8 4\/6 mm<\/td>\n<td><\/td>\n<td>X<\/td>\n<td>X<\/td>\n<\/tr>\n<tr>\n<td>Anschluss 2 auf 12 x \u00d8 4\/6 mm auf 1 x \u00d8 4\/6 mm<\/td>\n<td><\/td>\n<td>X<\/td>\n<td><\/td>\n<\/tr>\n<tr>\n<td>Anschluss 4 auf 14 x \u00d8 4\/6 mm auf 1 x \u00d8 6\/8 mm<\/td>\n<td><\/td>\n<td><\/td>\n<td>X<\/td>\n<\/tr>\n<\/tbody>\n<\/table>\n<p><strong>Technische Daten:<\/strong><\/p>\n<table border=\"1\">\n<tbody>\n<tr>\n<td><strong>Typ Mistral<\/strong><\/td>\n<td><strong>100<\/strong><\/td>\n<td><strong>400<\/strong><\/td>\n<td><strong><span style=\"background-color: #ffff00\">800<\/span><\/strong><\/td>\n<\/tr>\n<tr>\n<td>Spannung<\/td>\n<td colspan=\"3\">220 \u2013 240 V, 50 Hz<\/td>\n<\/tr>\n<tr>\n<td>Max. Leistungsaufnahme (W) ca.<\/td>\n<td>2<\/td>\n<td>5<\/td>\n<td>12<\/td>\n<\/tr>\n<tr>\n<td>Max. Leistung l\/h<\/td>\n<td>80<\/td>\n<td>2 x 180<\/td>\n<td>4 x 180<\/td>\n<\/tr>\n<tr>\n<td>Anschluss Druckseite<\/td>\n<td colspan=\"3\">Luftschlauch 4\/6 mm<\/td>\n<\/tr>\n<tr>\n<td>Anzahl Anschl\u00fcsse<\/td>\n<td>1<\/td>\n<td>2<\/td>\n<td>4<\/td>\n<\/tr>\n<tr>\n<td>Einstellbar<\/td>\n<td>&#8212;<\/td>\n<td>x<\/td>\n<td>x<\/td>\n<\/tr>\n<tr>\n<td>Gewicht (g) ca.<\/td>\n<td>125<\/td>\n<td>445<\/td>\n<td>1.260<\/td>\n<\/tr>\n<tr>\n<td>Geh\u00e4usematerial<\/td>\n<td colspan=\"3\">Kunststoff<\/td>\n<\/tr>\n<tr>\n<td>Abmessungen (L x B x H) mm ca.<\/td>\n<td>90 x 45 x 47<\/td>\n<td>153 x 75 x 66<\/td>\n<td>196 x 165 x 89<\/td>\n<\/tr>\n<\/tbody>\n<\/table>\n","protected":false},"excerpt":{"rendered":"<p>Aqua Medic Mistral 800 Membrane air pumps for aquaria<\/p>\n","protected":false},"featured_media":84330,"template":"","meta":[],"pwb-brand":[2149],"product_cat":[1489,1421,1490],"product_tag":[],"class_list":{"0":"post-85316","1":"product","2":"type-product","3":"status-publish","4":"has-post-thumbnail","6":"pwb-brand-aqua-medic","7":"product_cat-luftpumpen","8":"product_cat-aqua-medic-de","9":"product_cat-technologie","11":"first","12":"outofstock","13":"taxable","14":"shipping-taxable","15":"purchasable","16":"product-type-simple"},"acf":[],"brands":[{"id":2149,"name":"Aqua Medic","slug":"aqua-medic"}],"_links":{"self":[{"href":"https:\/\/www.seaflowerstore.com\/de\/wp-json\/wp\/v2\/product\/85316","targetHints":{"allow":["GET"]}}],"collection":[{"href":"https:\/\/www.seaflowerstore.com\/de\/wp-json\/wp\/v2\/product"}],"about":[{"href":"https:\/\/www.seaflowerstore.com\/de\/wp-json\/wp\/v2\/types\/product"}],"wp:featuredmedia":[{"embeddable":true,"href":"https:\/\/www.seaflowerstore.com\/de\/wp-json\/wp\/v2\/media\/84330"}],"wp:attachment":[{"href":"https:\/\/www.seaflowerstore.com\/de\/wp-json\/wp\/v2\/media?parent=85316"}],"wp:term":[{"taxonomy":"pwb-brand","embeddable":true,"href":"https:\/\/www.seaflowerstore.com\/de\/wp-json\/wp\/v2\/pwb-brand?post=85316"},{"taxonomy":"product_cat","embeddable":true,"href":"https:\/\/www.seaflowerstore.com\/de\/wp-json\/wp\/v2\/product_cat?post=85316"},{"taxonomy":"product_tag","embeddable":true,"href":"https:\/\/www.seaflowerstore.com\/de\/wp-json\/wp\/v2\/product_tag?post=85316"}],"curies":[{"name":"wp","href":"https:\/\/api.w.org\/{rel}","templated":true}]}}