{"id":85318,"date":"2022-06-11T13:00:33","date_gmt":"2022-06-11T11:00:33","guid":{"rendered":"https:\/\/www.seaflowerstore.com\/nl\/aqua-medic-mistral-100-air-pump\/"},"modified":"2025-11-03T00:02:09","modified_gmt":"2025-11-02T23:02:09","slug":"aqua-medic-mistral-100-air-pump","status":"publish","type":"product","link":"https:\/\/www.seaflowerstore.com\/de\/aqua-medic-mistral-100-air-pump\/","title":{"rendered":"Aqua Medic Mistral 100 air pump"},"content":{"rendered":"<h2>Aqua Medic Mistral 100 Membrane air pumps for aquaria<\/h2>\n<p>Die Luftpumpen der Aqua Medic Mistral-Serie sind bekannt f\u00fcr ihren geringen Stromverbrauch und ihre langlebigen Membranen. Die vibrationsabsorbierenden Gummif\u00fc\u00dfe sorgen daf\u00fcr, dass diese Pumpen leise und vibrationsarm arbeiten.<\/p>\n<p>Die Modelle Mistral 400 und 800 verf\u00fcgen \u00fcber einen einstellbaren Leistungsregler und erm\u00f6glichen so den vielseitigen Einsatz bei der Bel\u00fcftung von Aquarien mit Ausstr\u00f6mern und dem Betrieb von Eiwei\u00dfabsch\u00e4umern mit Keramik- oder Holzausstr\u00f6mern. Daher sind diese Mistral Membranluftpumpen sowohl f\u00fcr S\u00fc\u00df- als auch f\u00fcr Salzwasseraquarien in Ihrem Zuhause geeignet.<\/p>\n<p><strong>Im Lieferumfang enthalten:<\/strong><\/p>\n<ul>\n<li>Luftschlauch, L\u00e4nge 50 cm \u00d8 4\/6 mm<\/li>\n<li>Anschluss 2 bis 12 x \u00d8 4\/6 mm bis 1 x \u00d8 4\/6 mm<\/li>\n<li>Anschluss 4 bis 14 x \u00d8 4\/6 mm bis 1 x \u00d8 6\/8 mm<\/li>\n<\/ul>\n<p><strong>Technische Daten:<\/strong><\/p>\n<table border=\"1\">\n<tbody>\n<tr>\n<td><strong>Typ Mistral<\/strong><\/td>\n<td><strong>100<\/strong><\/td>\n<td><strong>400<\/strong><\/td>\n<td><strong>800<\/strong><\/td>\n<\/tr>\n<tr>\n<td>Spannung<\/td>\n<td colspan=\"3\">220 \u2013 240 V, 50 Hz<\/td>\n<\/tr>\n<tr>\n<td>Max. Leistungsaufnahme (W) ca.<\/td>\n<td>2<\/td>\n<td>5<\/td>\n<td>12<\/td>\n<\/tr>\n<tr>\n<td>Max. Leistung l\/h<\/td>\n<td>80<\/td>\n<td>2 x 180<\/td>\n<td>4 x 180<\/td>\n<\/tr>\n<tr>\n<td>Anschluss Druckseite<\/td>\n<td colspan=\"3\">Luftschlauch 4\/6 mm<\/td>\n<\/tr>\n<tr>\n<td>Anzahl Anschl\u00fcsse<\/td>\n<td>1<\/td>\n<td>2<\/td>\n<td>4<\/td>\n<\/tr>\n<tr>\n<td>Einstellbar<\/td>\n<td>&#8212;<\/td>\n<td>x<\/td>\n<td>x<\/td>\n<\/tr>\n<tr>\n<td>Gewicht (g) ca.<\/td>\n<td>125<\/td>\n<td>445<\/td>\n<td>1.260<\/td>\n<\/tr>\n<tr>\n<td>Geh\u00e4usematerial<\/td>\n<td colspan=\"3\">Kunststoff<\/td>\n<\/tr>\n<tr>\n<td>Abmessungen (L x B x H) mm ca.<\/td>\n<td>90x45x47<\/td>\n<td>153x75x66<\/td>\n<td>196x165x89<\/td>\n<\/tr>\n<\/tbody>\n<\/table>\n","protected":false},"excerpt":{"rendered":"<p>Aqua Medic Mistral 100 Membrane air pumps for aquaria<\/p>\n","protected":false},"featured_media":84325,"template":"","meta":[],"pwb-brand":[2149],"product_cat":[1489,1421,1490],"product_tag":[],"class_list":{"0":"post-85318","1":"product","2":"type-product","3":"status-publish","4":"has-post-thumbnail","6":"pwb-brand-aqua-medic","7":"product_cat-luftpumpen","8":"product_cat-aqua-medic-de","9":"product_cat-technologie","11":"first","12":"instock","13":"taxable","14":"shipping-taxable","15":"purchasable","16":"product-type-simple"},"acf":[],"brands":[{"id":2149,"name":"Aqua Medic","slug":"aqua-medic"}],"_links":{"self":[{"href":"https:\/\/www.seaflowerstore.com\/de\/wp-json\/wp\/v2\/product\/85318","targetHints":{"allow":["GET"]}}],"collection":[{"href":"https:\/\/www.seaflowerstore.com\/de\/wp-json\/wp\/v2\/product"}],"about":[{"href":"https:\/\/www.seaflowerstore.com\/de\/wp-json\/wp\/v2\/types\/product"}],"wp:featuredmedia":[{"embeddable":true,"href":"https:\/\/www.seaflowerstore.com\/de\/wp-json\/wp\/v2\/media\/84325"}],"wp:attachment":[{"href":"https:\/\/www.seaflowerstore.com\/de\/wp-json\/wp\/v2\/media?parent=85318"}],"wp:term":[{"taxonomy":"pwb-brand","embeddable":true,"href":"https:\/\/www.seaflowerstore.com\/de\/wp-json\/wp\/v2\/pwb-brand?post=85318"},{"taxonomy":"product_cat","embeddable":true,"href":"https:\/\/www.seaflowerstore.com\/de\/wp-json\/wp\/v2\/product_cat?post=85318"},{"taxonomy":"product_tag","embeddable":true,"href":"https:\/\/www.seaflowerstore.com\/de\/wp-json\/wp\/v2\/product_tag?post=85318"}],"curies":[{"name":"wp","href":"https:\/\/api.w.org\/{rel}","templated":true}]}}