{"id":85319,"date":"2022-06-06T18:29:55","date_gmt":"2022-06-06T16:30:43","guid":{"rendered":"https:\/\/www.seaflowerstore.com\/nl\/aquaforest-natural-substrate-7500ml\/"},"modified":"2022-06-06T18:29:55","modified_gmt":"2022-06-06T16:30:43","slug":"aquaforest-natural-substrate-7500ml","status":"publish","type":"product","link":"https:\/\/www.seaflowerstore.com\/de\/aquaforest-natural-substrate-7500ml\/","title":{"rendered":"AquaForest Natural Substrate &#8211; 7500ml"},"content":{"rendered":"<h2>AquaForest Natural Substrate &#8211; 7500ml NUTRIENT RICH, PEAT &amp; CLAY BASED SUBSTRATE BASE FOR AQUASCAPES &amp; PLANTED AQUARIUMS<\/h2>\n<p><strong>AF Natural Substrate<\/strong> ist ein n\u00e4hrstoffreiches Substrat auf Torf- und Tonbasis, das speziell f\u00fcr Aquascapes und bepflanzte Aquarien entwickelt wurde. Dieses Produkt enth\u00e4lt leicht verf\u00fcgbare <strong>Mikron\u00e4hrstoffe und Pflanzennahrung<\/strong>, die eine fruchtbare, nat\u00fcrliche Umgebung schaffen und es <strong>ideal f\u00fcr die langfristige Unterst\u00fctzung und das Wachstum von Pflanzen<\/strong> machen.<\/p>\n<p><strong>AF Natural Substrate<\/strong> f\u00f6rdert die Entwicklung eines gesunden Wurzelsystems und hilft Ihren Wasserpflanzen beim Gedeihen. Die nat\u00fcrliche Kationenaustauschkapazit\u00e4t (CEC) von Torf und Ton <strong>absorbiert \u00fcbersch\u00fcssige N\u00e4hrstoffe<\/strong> aus dem Wasser und macht sie f\u00fcr die Wurzeln zug\u00e4nglich oder gibt sie wieder an das Wasser ab, wenn es ersch\u00f6pft ist.<\/p>\n<p><strong>Merkmale und Vorteile:<\/strong><\/p>\n<ul>\n<li><strong>Sorgf\u00e4ltig ausgew\u00e4hlter Torf<\/strong> schafft hervorragende Bedingungen f\u00fcr Wurzelsysteme und versorgt Pflanzen mit allen notwendigen Mineralien und Spurenelementen.<\/li>\n<li><strong>Ton verbessert die Textur<\/strong> und dient als Basis, wodurch eine hervorragende Konsistenz erreicht wird.<\/li>\n<li>\u00c4hnlich wie Torf fungiert Ton als nat\u00fcrliche Schicht zur Speicherung \u00fcbersch\u00fcssiger N\u00e4hrstoffe und zur Aufrechterhaltung des biologischen Gleichgewichts im Tank.<\/li>\n<li><strong>Mikron\u00e4hrstoffgehalte<\/strong> werden unter Laboraufsicht erg\u00e4nzt, um sicherzustellen, dass Wasserpflanzen reichlich Spurenelemente erhalten und gleichzeitig das chemische Gleichgewicht des Tanks stabil bleibt.<\/li>\n<li><strong>AF Natural Substrate<\/strong> ist reich an Mikron\u00e4hrstoffen. Aquaforest empfiehlt nicht, D\u00fcngemittel mit Mikron\u00e4hrstoffen zu verwenden, es sei denn, die Pflanzen zeigen sichtbare Anzeichen eines Mangels.<\/li>\n<\/ul>\n<p><strong>Anwendung:<\/strong><\/p>\n<ul>\n<li><strong>Installieren Sie ein Heizkabel, falls Sie eines verwenden.<\/strong><\/li>\n<li><strong>Verteilen Sie das Substrat auf dem Boden des Beckens und verdichten Sie es, um eine etwa 2\u20132,5 cm dicke Schicht zu erhalten.<\/strong><\/li>\n<li><strong>Mit etwa 3 cm Kies oder Sand bedecken.<\/strong><\/li>\n<li><strong>F\u00fcllen Sie das Aquarium vorsichtig mit etwa 15 cm Wasser. Um den Bodengrund nicht zu st\u00f6ren, empfehlen wir, einen Teller oder eine Schale auf den Boden zu stellen und den Wasserstrahl darauf zu richten.<\/strong><\/li>\n<li><strong>Setzen Sie die Pflanzen in den Bodengrund.<\/strong><\/li>\n<li><strong>F\u00fcllen Sie das Aquarium mit Wasser.<\/strong><\/li>\n<\/ul>\n<p><img loading=\"lazy\" decoding=\"async\" class=\"wp-image-67328 alignleft\" style=\"color: #555555;font-size: 14.4px\" src=\"https:\/\/www.seaflowerstore.com\/wp-content\/uploads\/2022\/06\/AF-Natural-Substrate_-300x186.jpg\" alt=\"AF Natural Substrate\" width=\"371\" height=\"230\" srcset=\"https:\/\/www.seaflowerstore.com\/wp-content\/uploads\/2022\/06\/AF-Natural-Substrate_-300x186.jpg 300w, https:\/\/www.seaflowerstore.com\/wp-content\/uploads\/2022\/06\/AF-Natural-Substrate_-150x93.jpg 150w, https:\/\/www.seaflowerstore.com\/wp-content\/uploads\/2022\/06\/AF-Natural-Substrate_.jpg 600w\" sizes=\"auto, (max-width: 371px) 100vw, 371px\" \/><br \/>\n<img loading=\"lazy\" decoding=\"async\" class=\"wp-image-67330\" src=\"https:\/\/www.seaflowerstore.com\/wp-content\/uploads\/2022\/06\/af-natural-substrate-tab-300x134.png\" alt=\"AF Natural Substrate tab\" width=\"392\" height=\"175\" srcset=\"https:\/\/www.seaflowerstore.com\/wp-content\/uploads\/2022\/06\/af-natural-substrate-tab-300x134.png 300w, https:\/\/www.seaflowerstore.com\/wp-content\/uploads\/2022\/06\/af-natural-substrate-tab-150x67.png 150w, https:\/\/www.seaflowerstore.com\/wp-content\/uploads\/2022\/06\/af-natural-substrate-tab.png 337w\" sizes=\"auto, (max-width: 392px) 100vw, 392px\" \/><\/p>\n<p><strong>10 L AF Natural Substrate sollten f\u00fcr ein 200-L-Aquarium mit einer Bodengr\u00f6\u00dfe von 100 cm x 40 cm ausreichen. Das Substrat kann den pH-Wert des Wassers senken und stabilisieren, daher ist es ratsam, einen speziellen Test oder eine Sonde zu verwenden.<\/strong><\/p>\n","protected":false},"excerpt":{"rendered":"<p>AquaForest Natural Substrate &#8211; 7500ml NUTRIENT RICH, PEAT &amp; CLAY BASED SUBSTRATE BASE FOR AQUASCAPES &amp;\u00a0PLANTED\u00a0AQUARIUMS<\/p>\n","protected":false},"featured_media":84322,"template":"","meta":[],"pwb-brand":[2199],"product_cat":[1491],"product_tag":[],"class_list":{"0":"post-85319","1":"product","2":"type-product","3":"status-publish","4":"has-post-thumbnail","6":"pwb-brand-aquaforest","7":"product_cat-aquariumboden","9":"first","10":"outofstock","11":"sale","12":"taxable","13":"shipping-taxable","14":"purchasable","15":"product-type-simple"},"acf":[],"brands":[{"id":2199,"name":"Aquaforest","slug":"aquaforest"}],"_links":{"self":[{"href":"https:\/\/www.seaflowerstore.com\/de\/wp-json\/wp\/v2\/product\/85319","targetHints":{"allow":["GET"]}}],"collection":[{"href":"https:\/\/www.seaflowerstore.com\/de\/wp-json\/wp\/v2\/product"}],"about":[{"href":"https:\/\/www.seaflowerstore.com\/de\/wp-json\/wp\/v2\/types\/product"}],"wp:featuredmedia":[{"embeddable":true,"href":"https:\/\/www.seaflowerstore.com\/de\/wp-json\/wp\/v2\/media\/84322"}],"wp:attachment":[{"href":"https:\/\/www.seaflowerstore.com\/de\/wp-json\/wp\/v2\/media?parent=85319"}],"wp:term":[{"taxonomy":"pwb-brand","embeddable":true,"href":"https:\/\/www.seaflowerstore.com\/de\/wp-json\/wp\/v2\/pwb-brand?post=85319"},{"taxonomy":"product_cat","embeddable":true,"href":"https:\/\/www.seaflowerstore.com\/de\/wp-json\/wp\/v2\/product_cat?post=85319"},{"taxonomy":"product_tag","embeddable":true,"href":"https:\/\/www.seaflowerstore.com\/de\/wp-json\/wp\/v2\/product_tag?post=85319"}],"curies":[{"name":"wp","href":"https:\/\/api.w.org\/{rel}","templated":true}]}}