{"id":85320,"date":"2022-06-05T21:18:34","date_gmt":"2022-06-05T19:19:18","guid":{"rendered":"https:\/\/www.seaflowerstore.com\/nl\/two-little-fishies-littlescrape-window-cleaning-razor\/"},"modified":"2022-06-05T21:18:34","modified_gmt":"2022-06-05T19:19:18","slug":"two-little-fishies-littlescrape-window-cleaning-razor","status":"publish","type":"product","link":"https:\/\/www.seaflowerstore.com\/de\/two-little-fishies-littlescrape-window-cleaning-razor\/","title":{"rendered":"Two Little Fishies LittleScrape &#8211; Window cleaning razor"},"content":{"rendered":"<h2>Two Little Fishies LittleScrape &#8211; Window cleaning razor for Shrimp &amp; Nano tanks<\/h2>\n<p>Der Two Little Fishies Little Scraper ist ein fantastischer <strong>26 cm<\/strong> Aquarienfenster-Reinigungsrasierer, der speziell f\u00fcr Ihre Bed\u00fcrfnisse entwickelt wurde. Dieses praktische Werkzeug verf\u00fcgt \u00fcber zwei austauschbare Edelstahlklingen f\u00fcr Glasaquarien und eine Kunststoffklinge f\u00fcr Acrylaquarien.<\/p>\n<p>Die dicken Klingen eignen sich perfekt zum Entfernen hartn\u00e4ckiger Krusten oder Korallenalgen, die sich auf Ihren Aquarienfenstern bilden k\u00f6nnen. Mit den d\u00fcnnen Klingen lassen sich Algenfilme schnell und einfach entfernen.<\/p>\n<p>Die Klingen werden mit zwei stabilen Metallschrauben sicher an ihrem Platz gehalten, sodass Sie sicher reinigen k\u00f6nnen.<\/p>\n<p><strong>Gesamtl\u00e4nge: 26 cm<\/strong><\/p>\n<p>Dieses Produkt wird mit zwei Metallklingen und einer Kunststoffklinge geliefert und bietet Ihnen alles, was Sie f\u00fcr eine effektive Reinigung ben\u00f6tigen.<\/p>\n<p><strong>Sp\u00fclen Sie es nach Gebrauch unbedingt mit Leitungswasser ab und trocknen Sie es gr\u00fcndlich ab.<\/strong><\/p>\n","protected":false},"excerpt":{"rendered":"<p>Two Little Fishies LittleScrape &#8211; Window cleaning razor for Shrimp &amp; Nano tanks<\/p>\n","protected":false},"featured_media":84321,"template":"","meta":[],"pwb-brand":[2231],"product_cat":[1479],"product_tag":[],"class_list":{"0":"post-85320","1":"product","2":"type-product","3":"status-publish","4":"has-post-thumbnail","6":"pwb-brand-two-little-fishies","7":"product_cat-algenkrabben","9":"first","10":"instock","11":"taxable","12":"shipping-taxable","13":"purchasable","14":"product-type-simple"},"acf":[],"brands":[{"id":2231,"name":"Two Little Fishies","slug":"two-little-fishies"}],"_links":{"self":[{"href":"https:\/\/www.seaflowerstore.com\/de\/wp-json\/wp\/v2\/product\/85320","targetHints":{"allow":["GET"]}}],"collection":[{"href":"https:\/\/www.seaflowerstore.com\/de\/wp-json\/wp\/v2\/product"}],"about":[{"href":"https:\/\/www.seaflowerstore.com\/de\/wp-json\/wp\/v2\/types\/product"}],"wp:featuredmedia":[{"embeddable":true,"href":"https:\/\/www.seaflowerstore.com\/de\/wp-json\/wp\/v2\/media\/84321"}],"wp:attachment":[{"href":"https:\/\/www.seaflowerstore.com\/de\/wp-json\/wp\/v2\/media?parent=85320"}],"wp:term":[{"taxonomy":"pwb-brand","embeddable":true,"href":"https:\/\/www.seaflowerstore.com\/de\/wp-json\/wp\/v2\/pwb-brand?post=85320"},{"taxonomy":"product_cat","embeddable":true,"href":"https:\/\/www.seaflowerstore.com\/de\/wp-json\/wp\/v2\/product_cat?post=85320"},{"taxonomy":"product_tag","embeddable":true,"href":"https:\/\/www.seaflowerstore.com\/de\/wp-json\/wp\/v2\/product_tag?post=85320"}],"curies":[{"name":"wp","href":"https:\/\/api.w.org\/{rel}","templated":true}]}}