{"id":85321,"date":"2022-06-05T21:09:49","date_gmt":"2022-06-05T19:09:49","guid":{"rendered":"https:\/\/www.seaflowerstore.com\/nl\/two-little-fishies-algaeraser-window-cleaning-razor\/"},"modified":"2026-03-02T22:09:04","modified_gmt":"2026-03-02T21:09:04","slug":"two-little-fishies-algaeraser-window-cleaning-razor","status":"publish","type":"product","link":"https:\/\/www.seaflowerstore.com\/de\/two-little-fishies-algaeraser-window-cleaning-razor\/","title":{"rendered":"Two Little Fishies AlgaEraser &#8211; Window cleaning razor"},"content":{"rendered":"<h2>Two Little Fishies AlgaEraser &#8211; Window cleaning razor<\/h2>\n<p><strong>Two Little Fishies AlgaEraser<\/strong> ist ein fortschrittlicher 40 cm langer Aquarienfenster-Reinigungsrasierer, der Ihre Reinigungsaufgaben einfacher macht. Er wird mit zwei austauschbaren Edelstahlklingen f\u00fcr Glasaquarien und einer Kunststoffklinge speziell f\u00fcr Acrylaquarien geliefert. Wenn Sie nach einem k\u00fcrzeren Schaber mit schmaleren Klingen suchen, sollten Sie sich den <strong>Two Little Fishies Little Scraper<\/strong> ansehen.<\/p>\n<p>Die dicken Klingen sind ideal zum Entfernen hartn\u00e4ckiger Krusten oder Korallenalgen von Ihren Fenstern, w\u00e4hrend die d\u00fcnnen Klingen perfekt zum schnellen Entfernen von Algenfilmen geeignet sind. Die Klingen werden mit zwei Metallschrauben sicher an ihrem Platz gehalten, sodass sie w\u00e4hrend der Arbeit an Ort und Stelle bleiben.<\/p>\n<p><strong>Gesamtl\u00e4nge: 41 cm<\/strong><\/p>\n<p>Dieses Produkt enth\u00e4lt zwei Metallklingen und eine Kunststoffklinge, sodass Sie alle Werkzeuge haben, die Sie f\u00fcr eine effektive Reinigung ben\u00f6tigen.<\/p>\n<p><strong>Sp\u00fclen Sie die Klingen nach dem Gebrauch unbedingt mit Leitungswasser ab und trocknen Sie sie gr\u00fcndlich ab.<\/strong><\/p>\n","protected":false},"excerpt":{"rendered":"<p>Two Little Fishies AlgaEraser is an advanced 40 cm aquarium window cleaning razor<\/p>\n","protected":false},"featured_media":84320,"template":"","meta":[],"pwb-brand":[2231],"product_cat":[1479],"product_tag":[],"class_list":{"0":"post-85321","1":"product","2":"type-product","3":"status-publish","4":"has-post-thumbnail","6":"pwb-brand-two-little-fishies","7":"product_cat-algenkrabben","9":"first","10":"instock","11":"taxable","12":"shipping-taxable","13":"purchasable","14":"product-type-simple"},"acf":[],"brands":[{"id":2231,"name":"Two Little Fishies","slug":"two-little-fishies"}],"_links":{"self":[{"href":"https:\/\/www.seaflowerstore.com\/de\/wp-json\/wp\/v2\/product\/85321","targetHints":{"allow":["GET"]}}],"collection":[{"href":"https:\/\/www.seaflowerstore.com\/de\/wp-json\/wp\/v2\/product"}],"about":[{"href":"https:\/\/www.seaflowerstore.com\/de\/wp-json\/wp\/v2\/types\/product"}],"wp:featuredmedia":[{"embeddable":true,"href":"https:\/\/www.seaflowerstore.com\/de\/wp-json\/wp\/v2\/media\/84320"}],"wp:attachment":[{"href":"https:\/\/www.seaflowerstore.com\/de\/wp-json\/wp\/v2\/media?parent=85321"}],"wp:term":[{"taxonomy":"pwb-brand","embeddable":true,"href":"https:\/\/www.seaflowerstore.com\/de\/wp-json\/wp\/v2\/pwb-brand?post=85321"},{"taxonomy":"product_cat","embeddable":true,"href":"https:\/\/www.seaflowerstore.com\/de\/wp-json\/wp\/v2\/product_cat?post=85321"},{"taxonomy":"product_tag","embeddable":true,"href":"https:\/\/www.seaflowerstore.com\/de\/wp-json\/wp\/v2\/product_tag?post=85321"}],"curies":[{"name":"wp","href":"https:\/\/api.w.org\/{rel}","templated":true}]}}