{"id":85323,"date":"2022-06-05T16:20:23","date_gmt":"2022-06-05T14:20:23","guid":{"rendered":"https:\/\/www.seaflowerstore.com\/nl\/phosban-reactor-extension-kit\/"},"modified":"2022-06-05T16:20:23","modified_gmt":"2022-06-05T14:21:23","slug":"phosban-reactor-extension-kit","status":"publish","type":"product","link":"https:\/\/www.seaflowerstore.com\/de\/phosban-reactor-extension-kit\/","title":{"rendered":"PhosBan Reactor Extension Kit"},"content":{"rendered":"<h2>Two Little Fishies PhosBan Reactor Extension Kit also for the Little Reactor<\/h2>\n<p>Das PhosBan Reactor Extension Kit beinhaltet alles, was Sie f\u00fcr eine flexible und platzsparende Rohrverbindung ben\u00f6tigen. Damit k\u00f6nnen Sie den PhosBan Reactor oder Little Reactor ganz einfach an der R\u00fcckseite Ihres Aquariums aufh\u00e4ngen oder seitlich an einem Filtersumpf positionieren.<\/p>\n","protected":false},"excerpt":{"rendered":"<p>Two Little Fishies PhosBan Reactor Extension Kit also for the Little Reactor<\/p>\n","protected":false},"featured_media":84318,"template":"","meta":[],"pwb-brand":[2231],"product_cat":[1389],"product_tag":[],"class_list":{"0":"post-85323","1":"product","2":"type-product","3":"status-publish","4":"has-post-thumbnail","6":"pwb-brand-two-little-fishies","7":"product_cat-wervelbedfilter-media-filter-de","9":"first","10":"instock","11":"taxable","12":"shipping-taxable","13":"purchasable","14":"product-type-simple"},"acf":[],"brands":[{"id":2231,"name":"Two Little Fishies","slug":"two-little-fishies"}],"_links":{"self":[{"href":"https:\/\/www.seaflowerstore.com\/de\/wp-json\/wp\/v2\/product\/85323","targetHints":{"allow":["GET"]}}],"collection":[{"href":"https:\/\/www.seaflowerstore.com\/de\/wp-json\/wp\/v2\/product"}],"about":[{"href":"https:\/\/www.seaflowerstore.com\/de\/wp-json\/wp\/v2\/types\/product"}],"wp:featuredmedia":[{"embeddable":true,"href":"https:\/\/www.seaflowerstore.com\/de\/wp-json\/wp\/v2\/media\/84318"}],"wp:attachment":[{"href":"https:\/\/www.seaflowerstore.com\/de\/wp-json\/wp\/v2\/media?parent=85323"}],"wp:term":[{"taxonomy":"pwb-brand","embeddable":true,"href":"https:\/\/www.seaflowerstore.com\/de\/wp-json\/wp\/v2\/pwb-brand?post=85323"},{"taxonomy":"product_cat","embeddable":true,"href":"https:\/\/www.seaflowerstore.com\/de\/wp-json\/wp\/v2\/product_cat?post=85323"},{"taxonomy":"product_tag","embeddable":true,"href":"https:\/\/www.seaflowerstore.com\/de\/wp-json\/wp\/v2\/product_tag?post=85323"}],"curies":[{"name":"wp","href":"https:\/\/api.w.org\/{rel}","templated":true}]}}