{"id":85324,"date":"2022-06-05T15:51:19","date_gmt":"2022-06-05T13:51:19","guid":{"rendered":"https:\/\/www.seaflowerstore.com\/nl\/two-little-fishies-little-reactor\/"},"modified":"2026-01-12T16:32:09","modified_gmt":"2026-01-12T15:32:09","slug":"two-little-fishies-little-reactor","status":"publish","type":"product","link":"https:\/\/www.seaflowerstore.com\/de\/two-little-fishies-little-reactor\/","title":{"rendered":"Two Little Fishies Little Reactor"},"content":{"rendered":"<h2>Two Little Fishies Little Reactor is designed for use with tanks up to 190 liters<\/h2>\n<p>Der Two Little Fishies Little Reactor ist der neueste und kleinste Reaktor von Two Little Fishies. Mit einer H\u00f6he von nur 18 cm ist dieser Reaktor perfekt f\u00fcr Becken mit einem Fassungsverm\u00f6gen von bis zu 190 Litern geeignet. Er ist eine ausgezeichnete Wahl f\u00fcr All-in-One-Systeme wie die Coralife BioCubes.<\/p>\n<p>Dieser innovative Reaktor nutzt das Aufw\u00e4rtsstr\u00f6mungsprinzip, das die Effizienz von PhosBan oder anderen chemischen Filtermedien maximiert. Indem er Wasser von unten durch eine Dispersionsplatte dr\u00fcckt, sorgt er f\u00fcr eine gleichm\u00e4\u00dfige Wasserverteilung durch das Medium und verhindert effektiv Kanalbildung.<\/p>\n<p>Sie haben die M\u00f6glichkeit, den Little Reactor entweder h\u00e4ngend an der R\u00fcckseite des Aquariums oder darunter zu montieren.<\/p>\n<p><strong>Funktionen:<\/strong><\/p>\n<ul>\n<li>F\u00fcr Aquarien bis zu 190 Liter<\/li>\n<li>Schlauchanschl\u00fcsse sind kompatibel mit 1,25 cm Innendurchmesser. Schl\u00e4uche<\/li>\n<li>Enth\u00e4lt ein 1,25 cm gro\u00dfes Widerhaken-Kugelventil zur Durchflussregelung sowie Schlauchschellen<\/li>\n<li>Die empfohlene Durchflussrate betr\u00e4gt 75 Liter pro Stunde. Bitte beachten Sie, dass die Pumpe nicht im Lieferumfang enthalten ist, Sie den Durchfluss jedoch mit dem Kugelventil steuern k\u00f6nnen, das mit dem Reaktor geliefert wird.<\/li>\n<li>Verwenden Sie maximal 75 Gramm PhosBan oder NPX Bioplastics. Wenn Sie sich f\u00fcr die Verwendung von NPX Bioplastics entscheiden, empfehlen wir au\u00dferdem den Kauf des Phosban Reactor NPX-Siebes.<\/li>\n<li>Wenn Sie vorhaben, Ihren Reaktor an der R\u00fcckseite Ihres Tanks aufzuh\u00e4ngen, empfehlen wir die Verwendung des Erweiterungskits <strong>(nicht enthalten)<\/strong>.<\/li>\n<\/ul>\n","protected":false},"excerpt":{"rendered":"<p>Two Little Fishies Little Reactor is designed for use with tanks up to 190 liters<\/p>\n","protected":false},"featured_media":84317,"template":"","meta":[],"pwb-brand":[2231],"product_cat":[1389],"product_tag":[],"class_list":{"0":"post-85324","1":"product","2":"type-product","3":"status-publish","4":"has-post-thumbnail","6":"pwb-brand-two-little-fishies","7":"product_cat-wervelbedfilter-media-filter-de","9":"first","10":"instock","11":"taxable","12":"shipping-taxable","13":"purchasable","14":"product-type-simple"},"acf":[],"brands":[{"id":2231,"name":"Two Little Fishies","slug":"two-little-fishies"}],"_links":{"self":[{"href":"https:\/\/www.seaflowerstore.com\/de\/wp-json\/wp\/v2\/product\/85324","targetHints":{"allow":["GET"]}}],"collection":[{"href":"https:\/\/www.seaflowerstore.com\/de\/wp-json\/wp\/v2\/product"}],"about":[{"href":"https:\/\/www.seaflowerstore.com\/de\/wp-json\/wp\/v2\/types\/product"}],"wp:featuredmedia":[{"embeddable":true,"href":"https:\/\/www.seaflowerstore.com\/de\/wp-json\/wp\/v2\/media\/84317"}],"wp:attachment":[{"href":"https:\/\/www.seaflowerstore.com\/de\/wp-json\/wp\/v2\/media?parent=85324"}],"wp:term":[{"taxonomy":"pwb-brand","embeddable":true,"href":"https:\/\/www.seaflowerstore.com\/de\/wp-json\/wp\/v2\/pwb-brand?post=85324"},{"taxonomy":"product_cat","embeddable":true,"href":"https:\/\/www.seaflowerstore.com\/de\/wp-json\/wp\/v2\/product_cat?post=85324"},{"taxonomy":"product_tag","embeddable":true,"href":"https:\/\/www.seaflowerstore.com\/de\/wp-json\/wp\/v2\/product_tag?post=85324"}],"curies":[{"name":"wp","href":"https:\/\/api.w.org\/{rel}","templated":true}]}}