{"id":85325,"date":"2022-06-04T16:48:47","date_gmt":"2022-06-04T14:48:47","guid":{"rendered":"https:\/\/www.seaflowerstore.com\/nl\/colombo-phosphate-test-marine\/"},"modified":"2025-10-08T19:44:04","modified_gmt":"2025-10-08T17:44:04","slug":"colombo-phosphate-test-marine","status":"publish","type":"product","link":"https:\/\/www.seaflowerstore.com\/de\/colombo-phosphate-test-marine\/","title":{"rendered":"Colombo Phosphate test (marine)"},"content":{"rendered":"<h2>Colombo Phosphate test (marine) also suitable for the Mastertronic<\/h2>\n<p>Der Colombo-Phosphattest ist so konzipiert, dass er nahtlos mit dem Mastertronic-System funktioniert. Sie ben\u00f6tigen 5 Sets, um 20 ml in 2 Fl\u00e4schchen zu f\u00fcllen, wenn Sie ihn mit dem Focustronic Mastertronic verwenden. Der Test misst Phosphatwerte von 0 bis 4 mg\/l, ist aber besonders effektiv bei Werten \u00fcber <strong>0,2 mg\/l.<\/strong><\/p>\n<p>Dieser Test ist dank seiner unkomplizierten Anweisungen benutzerfreundlich und bietet leicht lesbare Ergebnisse. Die regelm\u00e4\u00dfige \u00dcberwachung der Phosphatwerte ist f\u00fcr das Wachstum von Korallen und Algen von entscheidender Bedeutung. Es ist wichtig, diese Werte im Auge zu behalten, da Korallen empfindlich auf hohe Phosphatkonzentrationen reagieren, die auch als N\u00e4hrstoffe f\u00fcr Algen dienen k\u00f6nnen.<\/p>\n<p>Mit einem Set k\u00f6nnen Sie bei manueller Durchf\u00fchrung maximal 40 Tests durchf\u00fchren. So behalten Sie Ihre Phosphatwerte ganz einfach im Auge!<\/p>\n","protected":false},"excerpt":{"rendered":"<p>Colombo Phosphate test (marine) also suitable for the Mastertronic<\/p>\n","protected":false},"featured_media":84316,"template":"","meta":[],"pwb-brand":[2249],"product_cat":[1400],"product_tag":[],"class_list":{"0":"post-85325","1":"product","2":"type-product","3":"status-publish","4":"has-post-thumbnail","6":"pwb-brand-colombo","7":"product_cat-tester","9":"first","10":"instock","11":"taxable","12":"shipping-taxable","13":"purchasable","14":"product-type-simple"},"acf":[],"brands":[{"id":2249,"name":"Colombo","slug":"colombo"}],"_links":{"self":[{"href":"https:\/\/www.seaflowerstore.com\/de\/wp-json\/wp\/v2\/product\/85325","targetHints":{"allow":["GET"]}}],"collection":[{"href":"https:\/\/www.seaflowerstore.com\/de\/wp-json\/wp\/v2\/product"}],"about":[{"href":"https:\/\/www.seaflowerstore.com\/de\/wp-json\/wp\/v2\/types\/product"}],"wp:featuredmedia":[{"embeddable":true,"href":"https:\/\/www.seaflowerstore.com\/de\/wp-json\/wp\/v2\/media\/84316"}],"wp:attachment":[{"href":"https:\/\/www.seaflowerstore.com\/de\/wp-json\/wp\/v2\/media?parent=85325"}],"wp:term":[{"taxonomy":"pwb-brand","embeddable":true,"href":"https:\/\/www.seaflowerstore.com\/de\/wp-json\/wp\/v2\/pwb-brand?post=85325"},{"taxonomy":"product_cat","embeddable":true,"href":"https:\/\/www.seaflowerstore.com\/de\/wp-json\/wp\/v2\/product_cat?post=85325"},{"taxonomy":"product_tag","embeddable":true,"href":"https:\/\/www.seaflowerstore.com\/de\/wp-json\/wp\/v2\/product_tag?post=85325"}],"curies":[{"name":"wp","href":"https:\/\/api.w.org\/{rel}","templated":true}]}}