{"id":85326,"date":"2022-05-31T15:00:14","date_gmt":"2022-05-31T13:00:14","guid":{"rendered":"https:\/\/www.seaflowerstore.com\/nl\/af-mini-rocks-white-24-pcs\/"},"modified":"2022-05-31T15:00:14","modified_gmt":"2022-05-31T13:01:31","slug":"af-mini-rocks-white-24-pcs","status":"publish","type":"product","link":"https:\/\/www.seaflowerstore.com\/de\/af-mini-rocks-white-24-pcs\/","title":{"rendered":"AF Mini Rocks White &#8211; 24 pcs"},"content":{"rendered":"<h2>AF Mini Rocks White &#8211; 24 pcs High quality and biology neutral rocks designed to easy fragging<\/h2>\n<p><strong>Hochwertige und biologisch neutrale Steine<\/strong>, die sich leicht zerlegen lassen. Unsere k\u00fcnstlichen Steine \u200b\u200b\u00e4hneln stark nat\u00fcrlichem lebendem Gestein und sind im Gegensatz zu Keramik aus leichtem Material gefertigt und weisen eine hohe Porosit\u00e4t auf. Diese Steine \u200b\u200bdienen sowohl als hervorragendes Filtermedium als auch als wunderbarer Lebensraum f\u00fcr verschiedene n\u00fctzliche Mikroorganismen.<\/p>\n<p>Mit Aquaforest-Steinen wird Aquascaping zum Kinderspiel. Sie k\u00f6nnen schnell geschnitten, angeordnet und befestigt werden und sind in verschiedenen Formen erh\u00e4ltlich, um Ihren Anforderungen gerecht zu werden.<\/p>\n<h3>Abmessungen:<\/h3>\n<ul>\n<li>Durchmesser: 32\u201333 mm<\/li>\n<li>H\u00f6he: 20\u201322 mm<\/li>\n<\/ul>\n","protected":false},"excerpt":{"rendered":"<p>AF Mini Rocks White 24 pcs High quality and biology neutral rocks designed to easy fragging<\/p>\n","protected":false},"featured_media":84308,"template":"","meta":[],"pwb-brand":[2199],"product_cat":[1461],"product_tag":[],"class_list":{"0":"post-85326","1":"product","2":"type-product","3":"status-publish","4":"has-post-thumbnail","6":"pwb-brand-aquaforest","7":"product_cat-schneidzubehoer","9":"first","10":"instock","11":"taxable","12":"shipping-taxable","13":"purchasable","14":"product-type-simple"},"acf":[],"brands":[{"id":2199,"name":"Aquaforest","slug":"aquaforest"}],"_links":{"self":[{"href":"https:\/\/www.seaflowerstore.com\/de\/wp-json\/wp\/v2\/product\/85326","targetHints":{"allow":["GET"]}}],"collection":[{"href":"https:\/\/www.seaflowerstore.com\/de\/wp-json\/wp\/v2\/product"}],"about":[{"href":"https:\/\/www.seaflowerstore.com\/de\/wp-json\/wp\/v2\/types\/product"}],"wp:featuredmedia":[{"embeddable":true,"href":"https:\/\/www.seaflowerstore.com\/de\/wp-json\/wp\/v2\/media\/84308"}],"wp:attachment":[{"href":"https:\/\/www.seaflowerstore.com\/de\/wp-json\/wp\/v2\/media?parent=85326"}],"wp:term":[{"taxonomy":"pwb-brand","embeddable":true,"href":"https:\/\/www.seaflowerstore.com\/de\/wp-json\/wp\/v2\/pwb-brand?post=85326"},{"taxonomy":"product_cat","embeddable":true,"href":"https:\/\/www.seaflowerstore.com\/de\/wp-json\/wp\/v2\/product_cat?post=85326"},{"taxonomy":"product_tag","embeddable":true,"href":"https:\/\/www.seaflowerstore.com\/de\/wp-json\/wp\/v2\/product_tag?post=85326"}],"curies":[{"name":"wp","href":"https:\/\/api.w.org\/{rel}","templated":true}]}}