{"id":85327,"date":"2022-05-31T14:25:57","date_gmt":"2022-05-31T12:34:07","guid":{"rendered":"https:\/\/www.seaflowerstore.com\/nl\/jebao-mdp3500-wi-fi-controller-24v\/"},"modified":"2022-05-31T14:25:57","modified_gmt":"2022-05-31T12:34:07","slug":"jebao-mdp3500-wi-fi-controller-24v","status":"publish","type":"product","link":"https:\/\/www.seaflowerstore.com\/de\/jebao-mdp3500-wi-fi-controller-24v\/","title":{"rendered":"Jebao MDP3500 + Wi-Fi Controller 24V"},"content":{"rendered":"<h2>Jebao MDP3500 + Wi-Fi Controller 24V<\/h2>\n<p>Die Jebao MDP-Pumpen bieten eine bequeme M\u00f6glichkeit, Ihr System \u00fcber <strong>2,4G-WLAN<\/strong> zu steuern. Alles, was Sie brauchen, ist ein Smartphone und die Jebao-App. Genie\u00dfen Sie verbesserte Leistung und pr\u00e4zise Durchflussregelung f\u00fcr Ihre Aquarien, Reaktoren, Sumpf- oder geschlossenen Kreislaufsysteme. Mit dem WLAN-Controller k\u00f6nnen Sie 10 verschiedene Geschwindigkeits- und F\u00f6rdermodi (10 Minuten) sowie einen Motorschutz f\u00fcr den Fall verwalten, dass der Rotor blockiert. Au\u00dferdem werden Sie den superleisen Betrieb und das Fehlen von Kupferkomponenten zu sch\u00e4tzen wissen. Die Pumpe verf\u00fcgt \u00fcber eine verschlei\u00dffeste Keramikwelle, die eine l\u00e4ngere Lebensdauer gew\u00e4hrleistet.<\/p>\n<p><strong>Funktionen<\/strong>:<\/p>\n<ul>\n<li>2,4G WLAN (iOS + Android) und manuelle Steuerung mit LCD-Display<\/li>\n<li>Keine freiliegenden Kupferelemente, daher sowohl f\u00fcr Meeres- als auch f\u00fcr S\u00fc\u00dfwasserumgebungen geeignet<\/li>\n<li>Sinuswellentechnologie f\u00fcr ultraleise und hochstabile Leistung<\/li>\n<li>IC-Elektronikerkennung mit automatischem Abschaltschutz bei Wassermangel und Motorschutz bei blockiertem Rotor<\/li>\n<\/ul>\n<p><strong>Spezifikation<\/strong>: MDP-3500<\/p>\n<table class=\"table-data-sheet table-striped\">\n<tbody>\n<tr class=\"odd\">\n<td class=\"data-sheet-title\">Durchflussrate<\/td>\n<td class=\"data-sheet-data\">3500 l\/h<\/td>\n<\/tr>\n<tr class=\"even\">\n<td class=\"data-sheet-title\">Auslass (mm)<\/td>\n<td class=\"data-sheet-data\">\u00d8 25mm<\/td>\n<\/tr>\n<tr class=\"odd\">\n<td class=\"data-sheet-title\">Mit Controller<\/td>\n<td class=\"data-sheet-data\">Ja<\/td>\n<\/tr>\n<tr class=\"odd\">\n<td class=\"data-sheet-title\">Abmessungen<\/td>\n<td class=\"data-sheet-data\">16 x 8 x 11 cm<\/td>\n<\/tr>\n<tr class=\"even\">\n<td class=\"data-sheet-title\">Marke<\/td>\n<td class=\"data-sheet-data\">JEBAO JECOD<\/td>\n<\/tr>\n<tr class=\"even\">\n<td class=\"data-sheet-title\">L\u00e4nge des Netzkabels<\/td>\n<td class=\"data-sheet-data\">1,80 m<\/td>\n<\/tr>\n<tr class=\"odd\">\n<td class=\"data-sheet-title\">Stromversorgung<\/td>\n<td class=\"data-sheet-data\">28 Watt<\/td>\n<\/tr>\n<tr class=\"odd\">\n<td class=\"data-sheet-title\">Einlass (mm)<\/td>\n<td class=\"data-sheet-data\">\u00d8 32 mm<\/td>\n<\/tr>\n<\/tbody>\n<\/table>\n","protected":false},"excerpt":{"rendered":"<p>Jebao MDP3500 + Wi-Fi Controller 24V pumps can be controlled through <strong>2.4G WiFi<\/strong>, all you need is a smartphone and the Jebao App<\/p>\n","protected":false},"featured_media":84305,"template":"","meta":[],"pwb-brand":[2187],"product_cat":[1417],"product_tag":[],"class_list":{"0":"post-85327","1":"product","2":"type-product","3":"status-publish","4":"has-post-thumbnail","6":"pwb-brand-jebao-jecod","7":"product_cat-druckerhohungspumpen","9":"first","10":"outofstock","11":"taxable","12":"shipping-taxable","13":"purchasable","14":"product-type-simple"},"acf":[],"brands":[{"id":2187,"name":"Jebao \/ Jecod","slug":"jebao-jecod"}],"_links":{"self":[{"href":"https:\/\/www.seaflowerstore.com\/de\/wp-json\/wp\/v2\/product\/85327","targetHints":{"allow":["GET"]}}],"collection":[{"href":"https:\/\/www.seaflowerstore.com\/de\/wp-json\/wp\/v2\/product"}],"about":[{"href":"https:\/\/www.seaflowerstore.com\/de\/wp-json\/wp\/v2\/types\/product"}],"wp:featuredmedia":[{"embeddable":true,"href":"https:\/\/www.seaflowerstore.com\/de\/wp-json\/wp\/v2\/media\/84305"}],"wp:attachment":[{"href":"https:\/\/www.seaflowerstore.com\/de\/wp-json\/wp\/v2\/media?parent=85327"}],"wp:term":[{"taxonomy":"pwb-brand","embeddable":true,"href":"https:\/\/www.seaflowerstore.com\/de\/wp-json\/wp\/v2\/pwb-brand?post=85327"},{"taxonomy":"product_cat","embeddable":true,"href":"https:\/\/www.seaflowerstore.com\/de\/wp-json\/wp\/v2\/product_cat?post=85327"},{"taxonomy":"product_tag","embeddable":true,"href":"https:\/\/www.seaflowerstore.com\/de\/wp-json\/wp\/v2\/product_tag?post=85327"}],"curies":[{"name":"wp","href":"https:\/\/api.w.org\/{rel}","templated":true}]}}