{"id":85329,"date":"2022-05-31T14:11:02","date_gmt":"2022-05-31T12:12:07","guid":{"rendered":"https:\/\/www.seaflowerstore.com\/nl\/jebao-dp2-dosing-pump\/"},"modified":"2022-05-31T14:11:02","modified_gmt":"2022-05-31T12:12:07","slug":"jebao-dp2-dosing-pump","status":"publish","type":"product","link":"https:\/\/www.seaflowerstore.com\/de\/jebao-dp2-dosing-pump\/","title":{"rendered":"Jebao DP2 Dosing Pump"},"content":{"rendered":"<h2>Jebao DP2 Dosing Pump<\/h2>\n<p>Mit der Dosierpumpe Jecod DP-2 k\u00f6nnen Sie zwei Zusatzstoffe in Ihr Aquarium dosieren. Sie eignet sich perfekt f\u00fcr verschiedene Zugabemethoden wie DSR, Balling, ATI und mehr.<\/p>\n<p>Diese Pumpe verf\u00fcgt \u00fcber einen Timer, den Sie so einstellen k\u00f6nnen, dass sie mehrmals am Tag oder, wenn Sie es vorziehen, einmal pro Woche oder sogar einmal im Monat dosiert. Jede Pumpe kann separat nach Ihren Bed\u00fcrfnissen konfiguriert werden.<\/p>\n<ul>\n<li><strong>2-Kanal-Dosierpumpe<\/strong><\/li>\n<li><strong>Individuell f\u00fcr jede Pumpe einstellbar<\/strong><\/li>\n<li><strong>1 ml bis 9999 ml pro Tag<\/strong><\/li>\n<li><strong>Jede Pumpe kann bis zu 24 Mal am Tag dosieren, maximal einmal alle 30 Tage<\/strong><\/li>\n<\/ul>\n","protected":false},"excerpt":{"rendered":"<p>Jecod DP2 dosing pump makes it possible to dose 2 additives in the aquarium<\/p>\n","protected":false},"featured_media":84304,"template":"","meta":[],"pwb-brand":[2187],"product_cat":[1406],"product_tag":[],"class_list":{"0":"post-85329","1":"product","2":"type-product","3":"status-publish","4":"has-post-thumbnail","6":"pwb-brand-jebao-jecod","7":"product_cat-dosierpumpen","9":"first","10":"outofstock","11":"taxable","12":"shipping-taxable","13":"purchasable","14":"product-type-simple"},"acf":[],"brands":[{"id":2187,"name":"Jebao \/ Jecod","slug":"jebao-jecod"}],"_links":{"self":[{"href":"https:\/\/www.seaflowerstore.com\/de\/wp-json\/wp\/v2\/product\/85329","targetHints":{"allow":["GET"]}}],"collection":[{"href":"https:\/\/www.seaflowerstore.com\/de\/wp-json\/wp\/v2\/product"}],"about":[{"href":"https:\/\/www.seaflowerstore.com\/de\/wp-json\/wp\/v2\/types\/product"}],"wp:featuredmedia":[{"embeddable":true,"href":"https:\/\/www.seaflowerstore.com\/de\/wp-json\/wp\/v2\/media\/84304"}],"wp:attachment":[{"href":"https:\/\/www.seaflowerstore.com\/de\/wp-json\/wp\/v2\/media?parent=85329"}],"wp:term":[{"taxonomy":"pwb-brand","embeddable":true,"href":"https:\/\/www.seaflowerstore.com\/de\/wp-json\/wp\/v2\/pwb-brand?post=85329"},{"taxonomy":"product_cat","embeddable":true,"href":"https:\/\/www.seaflowerstore.com\/de\/wp-json\/wp\/v2\/product_cat?post=85329"},{"taxonomy":"product_tag","embeddable":true,"href":"https:\/\/www.seaflowerstore.com\/de\/wp-json\/wp\/v2\/product_tag?post=85329"}],"curies":[{"name":"wp","href":"https:\/\/api.w.org\/{rel}","templated":true}]}}