{"id":85330,"date":"2022-05-31T13:51:34","date_gmt":"2022-05-31T11:52:03","guid":{"rendered":"https:\/\/www.seaflowerstore.com\/nl\/aqua-medic-bubble-counter-plus\/"},"modified":"2022-05-31T13:51:34","modified_gmt":"2022-05-31T11:52:03","slug":"aqua-medic-bubble-counter-plus","status":"publish","type":"product","link":"https:\/\/www.seaflowerstore.com\/de\/aqua-medic-bubble-counter-plus\/","title":{"rendered":"Aqua Medic Bubble Counter Plus"},"content":{"rendered":"<h2>Aqua Medic Bubble Counter Plus<\/h2>\n<p>Der Aqua Medic Bubble Counter wurde speziell f\u00fcr die Verwendung mit CO2-Systemen entwickelt, um das gesunde Wachstum von Wasserpflanzen zu unterst\u00fctzen.<\/p>\n<p>Dieses Werkzeug ist unverzichtbar f\u00fcr die \u00dcberwachung des CO2-Gehalts in Ihrem Aquarium und stellt sicher, dass Ihre Pflanzen die richtige Menge f\u00fcr optimales Wachstum erhalten.<\/p>\n<p><strong>Hauptmerkmale:<\/strong><\/p>\n<ul>\n<li>Einfach zu installieren und zu verwenden<\/li>\n<li>Genaue Blasenz\u00e4hlung f\u00fcr pr\u00e4zises CO2-Management<\/li>\n<li>Robuste Konstruktion f\u00fcr lang anhaltende Leistung<\/li>\n<\/ul>\n<p>Mit dem Aqua Medic Bubble Counter k\u00f6nnen Sie eine bl\u00fchende Unterwasserumgebung schaffen, die die Sch\u00f6nheit Ihres Aquariums unterstreicht.<\/p>\n","protected":false},"excerpt":{"rendered":"<p>Aqua Medic Bubble Counter Plus for use with CO2-systems for the supply of water plants<\/p>\n","protected":false},"featured_media":84302,"template":"","meta":[],"pwb-brand":[2149],"product_cat":[1490],"product_tag":[],"class_list":{"0":"post-85330","1":"product","2":"type-product","3":"status-publish","4":"has-post-thumbnail","6":"pwb-brand-aqua-medic","7":"product_cat-technologie","9":"first","10":"instock","11":"taxable","12":"shipping-taxable","13":"purchasable","14":"product-type-simple"},"acf":[],"brands":[{"id":2149,"name":"Aqua Medic","slug":"aqua-medic"}],"_links":{"self":[{"href":"https:\/\/www.seaflowerstore.com\/de\/wp-json\/wp\/v2\/product\/85330","targetHints":{"allow":["GET"]}}],"collection":[{"href":"https:\/\/www.seaflowerstore.com\/de\/wp-json\/wp\/v2\/product"}],"about":[{"href":"https:\/\/www.seaflowerstore.com\/de\/wp-json\/wp\/v2\/types\/product"}],"wp:featuredmedia":[{"embeddable":true,"href":"https:\/\/www.seaflowerstore.com\/de\/wp-json\/wp\/v2\/media\/84302"}],"wp:attachment":[{"href":"https:\/\/www.seaflowerstore.com\/de\/wp-json\/wp\/v2\/media?parent=85330"}],"wp:term":[{"taxonomy":"pwb-brand","embeddable":true,"href":"https:\/\/www.seaflowerstore.com\/de\/wp-json\/wp\/v2\/pwb-brand?post=85330"},{"taxonomy":"product_cat","embeddable":true,"href":"https:\/\/www.seaflowerstore.com\/de\/wp-json\/wp\/v2\/product_cat?post=85330"},{"taxonomy":"product_tag","embeddable":true,"href":"https:\/\/www.seaflowerstore.com\/de\/wp-json\/wp\/v2\/product_tag?post=85330"}],"curies":[{"name":"wp","href":"https:\/\/api.w.org\/{rel}","templated":true}]}}