{"id":85332,"date":"2022-05-31T13:33:14","date_gmt":"2022-05-31T11:34:16","guid":{"rendered":"https:\/\/www.seaflowerstore.com\/nl\/theiling-fleece-for-rollermat-xc-aqua-3-pcs-set\/"},"modified":"2022-05-31T13:33:14","modified_gmt":"2022-05-31T11:34:16","slug":"theiling-fleece-for-rollermat-xc-aqua-3-pcs-set","status":"publish","type":"product","link":"https:\/\/www.seaflowerstore.com\/de\/theiling-fleece-for-rollermat-xc-aqua-3-pcs-set\/","title":{"rendered":"Theiling Fleece for Rollermat XC Aqua 3- pcs Set"},"content":{"rendered":"<h2>Theiling Fleece for Rollermat XC Aqua 3- pcs Set<\/h2>\n<p>Dieses Filtervlies-Set dient als perfekter Ersatz f\u00fcr die Rollermat XC von Theiling. Es beinhaltet drei hochwertige Filtervliese, die sich durch ihre einzigartige Zusammensetzung auszeichnen!<\/p>\n<p>Das Vlies ist au\u00dfergew\u00f6hnlich fein und kann selbst kleinste Partikel entfernen. Es filtert effektiv Schmutz aus dem System, bevor dieser biologisch verstoffwechselt wird. Dar\u00fcber hinaus sind die Poren der Membran klein genug, um viele Fischparasiten sowohl im S\u00fc\u00df- als auch im Salzwasser einzufangen und so zu verhindern, dass sie hindurch gelangen. Eine Eigenschaft, die kein anderes Filtermaterial bietet.<\/p>\n<p>Dieses Vlies ist sowohl f\u00fcr S\u00fc\u00df- als auch f\u00fcr Salzwasseraquarien geeignet und hat eine Dichte von 40 g\/m\u00b2. Die Membranen haben eine L\u00e4nge von 45 m und sollten f\u00fcr eine optimale Leistung etwa alle 3 bis 6 Monate ausgetauscht werden.<\/p>\n","protected":false},"excerpt":{"rendered":"<p>This aquarium filter fleece set are the replacement filter fleeces for the Rollermat XC from Theiling<\/p>\n","protected":false},"featured_media":84301,"template":"","meta":[],"pwb-brand":[2245],"product_cat":[1403],"product_tag":[],"class_list":{"0":"post-85332","1":"product","2":"type-product","3":"status-publish","4":"has-post-thumbnail","6":"pwb-brand-theiling","7":"product_cat-beutel-filterung","9":"first","10":"instock","11":"taxable","12":"shipping-taxable","13":"purchasable","14":"product-type-simple"},"acf":[],"brands":[{"id":2245,"name":"Theiling","slug":"theiling"}],"_links":{"self":[{"href":"https:\/\/www.seaflowerstore.com\/de\/wp-json\/wp\/v2\/product\/85332","targetHints":{"allow":["GET"]}}],"collection":[{"href":"https:\/\/www.seaflowerstore.com\/de\/wp-json\/wp\/v2\/product"}],"about":[{"href":"https:\/\/www.seaflowerstore.com\/de\/wp-json\/wp\/v2\/types\/product"}],"wp:featuredmedia":[{"embeddable":true,"href":"https:\/\/www.seaflowerstore.com\/de\/wp-json\/wp\/v2\/media\/84301"}],"wp:attachment":[{"href":"https:\/\/www.seaflowerstore.com\/de\/wp-json\/wp\/v2\/media?parent=85332"}],"wp:term":[{"taxonomy":"pwb-brand","embeddable":true,"href":"https:\/\/www.seaflowerstore.com\/de\/wp-json\/wp\/v2\/pwb-brand?post=85332"},{"taxonomy":"product_cat","embeddable":true,"href":"https:\/\/www.seaflowerstore.com\/de\/wp-json\/wp\/v2\/product_cat?post=85332"},{"taxonomy":"product_tag","embeddable":true,"href":"https:\/\/www.seaflowerstore.com\/de\/wp-json\/wp\/v2\/product_tag?post=85332"}],"curies":[{"name":"wp","href":"https:\/\/api.w.org\/{rel}","templated":true}]}}