{"id":85333,"date":"2022-05-31T12:51:27","date_gmt":"2022-05-31T10:51:27","guid":{"rendered":"https:\/\/www.seaflowerstore.com\/nl\/fauna-marin-calcium-mix-2-kg\/"},"modified":"2024-12-26T12:56:28","modified_gmt":"2024-12-26T11:56:28","slug":"fauna-marin-calcium-mix-2-kg","status":"publish","type":"product","link":"https:\/\/www.seaflowerstore.com\/de\/fauna-marin-calcium-mix-2-kg\/","title":{"rendered":"Fauna Marin Calcium-Mix &#8211; 2 kg"},"content":{"rendered":"<h2>Fauna Marin Calcium-Mix &#8211; 2 kg increases the calcium level in your seawater aquarium<\/h2>\n<p><strong>Spezialsalz zur Calciumversorgung im Meerwasseraquarium<\/strong><\/p>\n<p>Dieses Produkt ist speziell f\u00fcr das Balling Light System konzipiert. Mit der Balling Light Methode versorgen Sie Ihr Aquarium unkompliziert mit <strong>Calcium<\/strong>, <strong>Magnesium<\/strong>, <strong>Karbonath\u00e4rte<\/strong> und <strong>Spurenelementen<\/strong>. Das FAUNA MARIN Balling Light System ist eine Komplettl\u00f6sung, die problemlos mit allen g\u00e4ngigen Filtersystemen funktioniert.<\/p>\n<p>Mit der Balling Light Methode k\u00f6nnen Sie Ihrem Aquarium gezielt die N\u00e4hrstoffe zuf\u00fchren, die ihm fehlen. Hier einige Vorteile:<\/p>\n<ul>\n<li>Kompatibel mit jedem Filtersystem (Zeomethoden, Berliner System, etc.)<\/li>\n<li>Verbrauchsgerechte und individuelle Dosierung mit dem Aquacalculator <strong>(www.aquacalculator.com)<\/strong><\/li>\n<li>Beugt dem gef\u00fcrchteten Old Tank Syndrome effektiv vor<\/li>\n<li>Kann leicht an verbrauchsintensive Becken angepasst werden<\/li>\n<li>Einfache Bedienung und sichere Anwendung<\/li>\n<li>Kosteng\u00fcnstige Versorgung durch wirksame Konzentrate und hochreine Spezialsalze<\/li>\n<li>Stabile Calcium-, Magnesium- und Carbonatwerte f\u00fcr gesunde und vitale Korallen<\/li>\n<\/ul>\n<p><strong>Anwendung:<\/strong><\/p>\n<p>F\u00fcr die Grundversorgung Ihres Meerwasseraquariums nach der Balling Light Methode werden drei Kanister ben\u00f6tigt. Bitte beachten Sie, dass CALCIUM-MIX nur in Kanister 1 anzumischen ist.<\/p>\n<p><strong>Kanister 1 &#8211; Calcium Mix:<\/strong><\/p>\n<p><strong>2 kg Balling Light CALCIUM-MIX<\/strong> in <strong>3 Liter Osmosewasser<\/strong> aufl\u00f6sen. Anschlie\u00dfend die TRACE-Supplemente zugeben: <strong>25 ml Balling Light TRACE 1<\/strong> und <strong>25 ml Balling Light TRACE 2<\/strong>, und zum Schluss mit Osmosewasser auf <strong>5 Liter<\/strong> auff\u00fcllen. Die Dosierung der Arbeitsl\u00f6sung betr\u00e4gt ca. <strong>10 ml\/100 Liter<\/strong> mit <strong>11 mg\/Liter<\/strong> (0,26 US gal. Fl\u00fcssigkeit).<\/p>\n<p>Wir empfehlen einen Calciumwert von <strong>380 &#8211; 420 mg\/l<\/strong> einzuhalten. Bitte beachten Sie, dass die genauen Dosierungsmengen erheblich variieren k\u00f6nnen, da jedes Aquarium einzigartig ist. Wir empfehlen Ihnen, Ihren spezifischen Verbrauch mit dem AquaCalculator zu berechnen und dann entsprechend zu dosieren.<\/p>\n<p><strong>Warnhinweise:<\/strong><\/p>\n<ul>\n<li>H 319: Verursacht schwere Augenreizungen.<\/li>\n<li>P 305+351+338: BEI KONTAKT MIT DEN AUGEN: Einige Minuten lang behutsam mit Wasser sp\u00fclen. Eventuelle Kontaktlinsen nach M\u00f6glichkeit entfernen. Weiter sp\u00fclen.<\/li>\n<\/ul>\n<p>Au\u00dferhalb der Reichweite von Kindern aufbewahren. Trocken und fest verschlossen aufbewahren. Dieses Produkt ist nicht f\u00fcr den menschlichen Verzehr geeignet.<\/p>\n","protected":false},"excerpt":{"rendered":"<p>Fauna Marin Calcium-Mix &#8211; 2 kg increases the calcium level in your seawater aquarium<\/p>\n","protected":false},"featured_media":84300,"template":"","meta":[],"pwb-brand":[2177],"product_cat":[1391,1437],"product_tag":[],"class_list":{"0":"post-85333","1":"product","2":"type-product","3":"status-publish","4":"has-post-thumbnail","6":"pwb-brand-fauna-marin","7":"product_cat-ergaenzungen","8":"product_cat-fauna-marin-de","10":"first","11":"instock","12":"sale","13":"taxable","14":"shipping-taxable","15":"purchasable","16":"product-type-simple"},"acf":[],"brands":[{"id":2177,"name":"Fauna Marin","slug":"fauna-marin"}],"_links":{"self":[{"href":"https:\/\/www.seaflowerstore.com\/de\/wp-json\/wp\/v2\/product\/85333","targetHints":{"allow":["GET"]}}],"collection":[{"href":"https:\/\/www.seaflowerstore.com\/de\/wp-json\/wp\/v2\/product"}],"about":[{"href":"https:\/\/www.seaflowerstore.com\/de\/wp-json\/wp\/v2\/types\/product"}],"wp:featuredmedia":[{"embeddable":true,"href":"https:\/\/www.seaflowerstore.com\/de\/wp-json\/wp\/v2\/media\/84300"}],"wp:attachment":[{"href":"https:\/\/www.seaflowerstore.com\/de\/wp-json\/wp\/v2\/media?parent=85333"}],"wp:term":[{"taxonomy":"pwb-brand","embeddable":true,"href":"https:\/\/www.seaflowerstore.com\/de\/wp-json\/wp\/v2\/pwb-brand?post=85333"},{"taxonomy":"product_cat","embeddable":true,"href":"https:\/\/www.seaflowerstore.com\/de\/wp-json\/wp\/v2\/product_cat?post=85333"},{"taxonomy":"product_tag","embeddable":true,"href":"https:\/\/www.seaflowerstore.com\/de\/wp-json\/wp\/v2\/product_tag?post=85333"}],"curies":[{"name":"wp","href":"https:\/\/api.w.org\/{rel}","templated":true}]}}