{"id":85334,"date":"2022-05-31T12:41:47","date_gmt":"2022-05-31T10:41:47","guid":{"rendered":"https:\/\/www.seaflowerstore.com\/nl\/fauna-marin-carbonate-mix-2kg\/"},"modified":"2022-05-31T12:41:47","modified_gmt":"2022-05-31T10:43:17","slug":"fauna-marin-carbonate-mix-2kg","status":"publish","type":"product","link":"https:\/\/www.seaflowerstore.com\/de\/fauna-marin-carbonate-mix-2kg\/","title":{"rendered":"Fauna Marin Carbonate-Mix 2kg"},"content":{"rendered":"<h2>Fauna Marin Carbonate-Mix 2kg to raise the dkH level in your saltwater aquarium<\/h2>\n<p>Wir empfehlen, Ihren Alkalinit\u00e4tswert zwischen <strong>6,5 \u2013 8 dkH<\/strong> zu halten. Um dies zu erreichen, geben Sie die erforderliche Menge Carbonate-Mix in einen Bereich Ihres technischen Pools, der eine gute Wasserstr\u00f6mung aufweist. Beginnen Sie mit Magnesium, gefolgt von Kalzium und Carbonat, und lassen Sie zwischen jeder Dosierung einen Abstand von etwa <strong>10 Minuten<\/strong>.<\/p>\n<p><strong>Dosierung:<\/strong> Sie k\u00f6nnen die richtige Dosierung mit dem Aquacalculator berechnen:<\/p>\n<p>Unter <strong>www.aquacalculator.com<\/strong> finden Sie einen geeigneten Online-Balling-Light-Rechner, der speziell f\u00fcr die Ermittlung der richtigen Dosierungsmengen entwickelt wurde. Dieses Tool ist das einzige, das das urspr\u00fcngliche Balling Light-Rezept genau wiedergibt, w\u00e4hrend andere Rechner auf veralteten klassischen Rezepten basieren und falsche Ergebnisse liefern k\u00f6nnen.<\/p>\n<p>Die Dosierung f\u00fcr die Balling Light-L\u00f6sungen betr\u00e4gt ungef\u00e4hr:<\/p>\n<ul>\n<li>ALK\/KH: 10 ml pro 100 Liter + 0,5 dkH<\/li>\n<li>CA: 10 ml pro 100 Liter + 10 mg pro Liter<\/li>\n<li>MG: 10 ml pro 100 Liter + 5 mg pro Liter<\/li>\n<\/ul>\n<p>Wenn Sie zus\u00e4tzliche Elemente zur Farbverst\u00e4rkung hinzuf\u00fcgen m\u00f6chten, sollten Sie unsere <strong>Color Element-Serie<\/strong> verwenden. Diese zus\u00e4tzlichen Elemente k\u00f6nnen die Farben Ihrer Korallen deutlich verbessern und das Wachstum f\u00f6rdern. Je regelm\u00e4\u00dfiger Sie diese L\u00f6sungen hinzuf\u00fcgen, desto stabiler bleiben die Werte Ihres Aquariums. Hierf\u00fcr empfehlen wir den <strong>GHL Dosiercomputer<\/strong>, der sich optimal zur Steuerung dieser Methode eignet.<\/p>\n<p><strong>Reine Spezialsalze von Fauna Marin<\/strong><\/p>\n<p>Unsere Salze entsprechen den pharmazeutischen Reinheitsstandards und sind entsprechend verpackt. Wir achten nicht nur auf das Datenblatt, sondern auch auf die \u00dcberwachung organischer und anorganischer Spurenelemente sowie die Wirksamkeit der Salze. Mit Fauna Marin Balling-Light Salzen erhalten Sie die reinsten Spezialsalze, die f\u00fcr die Meerwasseraquaristik erh\u00e4ltlich sind. Unsere Salze enthalten au\u00dferdem bioaktive Stabilisatoren, pH-Puffer und spezielle Mineralien, die die Stabilit\u00e4t der chemischen Parameter in Ihrem Aquarium erheblich verbessern. Die zugesetzten Spurenelemente bleiben in L\u00f6sung stabiler und sind somit f\u00fcr Ihre Korallen besser zug\u00e4nglich.<\/p>\n<p>Durch die Verwendung unserer Salzmischungen f\u00fchren Sie Mineralien und Spurenelemente zu, die m\u00f6glicherweise fehlen oder nur in begrenzten Mengen vorhanden sind. Die Einbeziehung bioaktiver Komponenten und die hohe Reinheit unserer Salze helfen, eine Verdunkelung der Korallen zu verhindern und f\u00f6rdern gleichzeitig Wachstum und Farbentwicklung. Fauna Marin Balling Salze sind wirklich einzigartig.<\/p>\n<ul>\n<li>Effektiver durch hochreine Salze mit minimalem Wassergehalt<\/li>\n<li>Salzmischungen f\u00fcr bessere Stabilit\u00e4t wichtiger Parameter<\/li>\n<li>Kompatibel mit modernen Meersalzen<\/li>\n<li>Stabiler pH-Wert<\/li>\n<li>Bietet bioaktive Substanzen f\u00fcr verbesserte Farbentwicklung und Korallenwachstum<\/li>\n<\/ul>\n<p>Das Fauna Marin Balling Light System ist eine komplette, in sich geschlossene L\u00f6sung, die nahtlos mit allen g\u00e4ngigen Filtersystemen funktioniert. Egal, ob Sie ein Zeolith-System, das Standard-Berliner System oder ein nat\u00fcrliches Filtersystem wie die Schlammfiltration verwenden, die Balling-Light-Methode sorgt daf\u00fcr, dass Sie genau die Substanzen bereitstellen, die in Ihrem Aquarium fehlen.<\/p>\n","protected":false},"excerpt":{"rendered":"<p>Fauna Marin Carbonate-Mix 2kg to raise the dkH level in your saltwater aquarium<\/p>\n","protected":false},"featured_media":84299,"template":"","meta":[],"pwb-brand":[2177],"product_cat":[1391,1407],"product_tag":[],"class_list":{"0":"post-85334","1":"product","2":"type-product","3":"status-publish","4":"has-post-thumbnail","6":"pwb-brand-fauna-marin","7":"product_cat-ergaenzungen","8":"product_cat-focustronic-de","10":"first","11":"instock","12":"sale","13":"taxable","14":"shipping-taxable","15":"purchasable","16":"product-type-simple"},"acf":[],"brands":[{"id":2177,"name":"Fauna Marin","slug":"fauna-marin"}],"_links":{"self":[{"href":"https:\/\/www.seaflowerstore.com\/de\/wp-json\/wp\/v2\/product\/85334","targetHints":{"allow":["GET"]}}],"collection":[{"href":"https:\/\/www.seaflowerstore.com\/de\/wp-json\/wp\/v2\/product"}],"about":[{"href":"https:\/\/www.seaflowerstore.com\/de\/wp-json\/wp\/v2\/types\/product"}],"wp:featuredmedia":[{"embeddable":true,"href":"https:\/\/www.seaflowerstore.com\/de\/wp-json\/wp\/v2\/media\/84299"}],"wp:attachment":[{"href":"https:\/\/www.seaflowerstore.com\/de\/wp-json\/wp\/v2\/media?parent=85334"}],"wp:term":[{"taxonomy":"pwb-brand","embeddable":true,"href":"https:\/\/www.seaflowerstore.com\/de\/wp-json\/wp\/v2\/pwb-brand?post=85334"},{"taxonomy":"product_cat","embeddable":true,"href":"https:\/\/www.seaflowerstore.com\/de\/wp-json\/wp\/v2\/product_cat?post=85334"},{"taxonomy":"product_tag","embeddable":true,"href":"https:\/\/www.seaflowerstore.com\/de\/wp-json\/wp\/v2\/product_tag?post=85334"}],"curies":[{"name":"wp","href":"https:\/\/api.w.org\/{rel}","templated":true}]}}