{"id":85335,"date":"2022-05-31T12:25:34","date_gmt":"2022-05-31T10:25:34","guid":{"rendered":"https:\/\/www.seaflowerstore.com\/nl\/fauna-marin-magnesium-mix-2kg\/"},"modified":"2022-05-31T12:25:34","modified_gmt":"2022-05-31T10:26:03","slug":"fauna-marin-magnesium-mix-2kg","status":"publish","type":"product","link":"https:\/\/www.seaflowerstore.com\/de\/fauna-marin-magnesium-mix-2kg\/","title":{"rendered":"Fauna Marin magnesium mix 2kg"},"content":{"rendered":"<h2>Fauna Marin magnesium mix 2kg (Balling Salt) to raise the level in your salt water aquarium<\/h2>\n<p>F\u00fcgen Sie die erforderliche Menge Magnesium-Mix in einen gut durchl\u00fcfteten Bereich des technischen Beckens ein. Wir empfehlen, einen Magnesiumspiegel von <strong>1200 &#8211; 1350 mg\/Liter<\/strong> beizubehalten. Beginnen Sie mit der Zugabe von Magnesium, gefolgt von Kalzium und Karbonat, und achten Sie darauf, dass zwischen jeder Dosierung ein Intervall von etwa 10 Minuten eingehalten wird.<\/p>\n<p><strong>Dosierung:<\/strong><\/p>\n<p>Berechnen Sie die richtige Dosierung mit dem Aquacalculator:<\/p>\n<p>Unter <strong>www.aquacalculator.com<\/strong> finden Sie einen passenden Balling-Light-Online-Rechner, der Ihnen hilft, die richtigen Dosierungsmengen zu ermitteln. Dieses Online-Tool speichert ausschlie\u00dflich die Originalrezeptur von Balling Light. Andere Rechner liefern m\u00f6glicherweise Ergebnisse basierend auf dem klassischen Rezept, was zu Ungenauigkeiten f\u00fchren kann.<\/p>\n<p><strong>Dosierung der Balling Light-L\u00f6sungen:<\/strong><\/p>\n<ul>\n<li>ALK\/KH: 10 ml pro 100 Liter + 0,5 dkH<\/li>\n<li>CA: 10 ml pro 100 Liter + 10 mg pro Liter<\/li>\n<li>MG: 10 ml pro 100 Liter + 5 mg pro Liter<\/li>\n<\/ul>\n<p>Wenn Sie zus\u00e4tzliche Elementdosierungen w\u00fcnschen oder ben\u00f6tigen (f\u00fcr verst\u00e4rkte Farben), sollten Sie unsere Color Element-Serie in Betracht ziehen. Diese Elemente k\u00f6nnen die Farben Ihrer Korallen deutlich verst\u00e4rken und das Wachstum f\u00f6rdern. Je regelm\u00e4\u00dfiger Sie diese L\u00f6sungen hinzuf\u00fcgen, desto stabiler bleiben die Werte in Ihrem Aquarium. Zur optimalen Zugabe der L\u00f6sungen empfehlen wir den Einsatz des GHL Dosiercomputers, der sich perfekt f\u00fcr diese Methode eignet.<\/p>\n<p><strong>Reine Spezialsalze von Fauna Marin:<\/strong><\/p>\n<p>Unsere Salze entsprechen den pharmazeutischen Reinheitsstandards und sind entsprechend verpackt. Wir achten nicht nur auf das Datenblatt, sondern kontrollieren auch sowohl organische als auch anorganische Spurenelemente sowie die Wirksamkeit der Salze. Mit Fauna Marin Balling-Light Salzen erhalten Sie die reinsten Spezialsalze, die f\u00fcr die Meerwasseraquaristik erh\u00e4ltlich sind. Unsere Salze enthalten zus\u00e4tzlich bioaktive Stabilisatoren, pH-Puffer und spezielle Mineralien, die die Stabilit\u00e4t der chemischen Parameter in Ihren Aquarien deutlich verbessern. Die zugesetzten Spurenelemente bleiben in L\u00f6sung stabiler und sind somit f\u00fcr Ihre Korallen besser verf\u00fcgbar.<\/p>\n<p>Durch die Verwendung unserer Salzmischungen f\u00fchren Sie lebenswichtige Mineralien und Spurenelemente zu, die m\u00f6glicherweise fehlen oder nur in begrenzten Mengen verf\u00fcgbar sind. Die Einbeziehung bioaktiver Komponenten und die Reinheit unserer Salze helfen, eine Verdunkelung der Korallen zu verhindern und f\u00f6rdern gleichzeitig ihr Wachstum und ihre Farbbildung. Fauna Marin Balling Salze sind wirklich einzigartig.<\/p>\n<ul>\n<li>H\u00f6here Wirkung durch hochreine Salze mit geringstem Wassergehalt<\/li>\n<li>Salzmischungen f\u00fcr verbesserte Stabilit\u00e4t wichtiger Parameter<\/li>\n<li>Abgestimmt auf moderne Meersalze<\/li>\n<li>Stabiler pH-Wert<\/li>\n<li>Zufuhr von bioaktiven Substanzen f\u00fcr bessere Farbentwicklung und Korallenwachstum<\/li>\n<\/ul>\n<p>Das Fauna Marin Balling Light System ist ein komplettes, in sich geschlossenes System, das mit allen g\u00e4ngigen Filtersystemen verwendet werden kann. Dabei spielt es keine Rolle, ob Sie ein Zeolith-System, das typische Berliner System oder ein nat\u00fcrliches Filtersystem wie die Schlammfiltration verwenden. Mit der Balling-Light-Methode f\u00fchren Sie genau die Stoffe zu, die in Ihrem Aquarium fehlen.<\/p>\n","protected":false},"excerpt":{"rendered":"<p>Fauna Marin magnesium mix 2kg to raise the level in your salt water aquarium<\/p>\n","protected":false},"featured_media":84298,"template":"","meta":[],"pwb-brand":[2177],"product_cat":[1391,1437],"product_tag":[],"class_list":{"0":"post-85335","1":"product","2":"type-product","3":"status-publish","4":"has-post-thumbnail","6":"pwb-brand-fauna-marin","7":"product_cat-ergaenzungen","8":"product_cat-fauna-marin-de","10":"first","11":"instock","12":"sale","13":"taxable","14":"shipping-taxable","15":"purchasable","16":"product-type-simple"},"acf":[],"brands":[{"id":2177,"name":"Fauna Marin","slug":"fauna-marin"}],"_links":{"self":[{"href":"https:\/\/www.seaflowerstore.com\/de\/wp-json\/wp\/v2\/product\/85335","targetHints":{"allow":["GET"]}}],"collection":[{"href":"https:\/\/www.seaflowerstore.com\/de\/wp-json\/wp\/v2\/product"}],"about":[{"href":"https:\/\/www.seaflowerstore.com\/de\/wp-json\/wp\/v2\/types\/product"}],"wp:featuredmedia":[{"embeddable":true,"href":"https:\/\/www.seaflowerstore.com\/de\/wp-json\/wp\/v2\/media\/84298"}],"wp:attachment":[{"href":"https:\/\/www.seaflowerstore.com\/de\/wp-json\/wp\/v2\/media?parent=85335"}],"wp:term":[{"taxonomy":"pwb-brand","embeddable":true,"href":"https:\/\/www.seaflowerstore.com\/de\/wp-json\/wp\/v2\/pwb-brand?post=85335"},{"taxonomy":"product_cat","embeddable":true,"href":"https:\/\/www.seaflowerstore.com\/de\/wp-json\/wp\/v2\/product_cat?post=85335"},{"taxonomy":"product_tag","embeddable":true,"href":"https:\/\/www.seaflowerstore.com\/de\/wp-json\/wp\/v2\/product_tag?post=85335"}],"curies":[{"name":"wp","href":"https:\/\/api.w.org\/{rel}","templated":true}]}}