{"id":85336,"date":"2022-05-31T11:28:28","date_gmt":"2022-05-31T09:30:36","guid":{"rendered":"https:\/\/www.seaflowerstore.com\/nl\/silicarbon-4000gr-aqua-connect\/"},"modified":"2022-05-31T11:28:28","modified_gmt":"2022-05-31T09:30:36","slug":"silicarbon-4000gr-aqua-connect","status":"publish","type":"product","link":"https:\/\/www.seaflowerstore.com\/de\/silicarbon-4000gr-aqua-connect\/","title":{"rendered":"Silicarbon 4000gr &#8211; Aqua Connect"},"content":{"rendered":"<h2>Silicarbon 4000gr &#8211; Aqua Connect<\/h2>\n<p><strong>Silicarbon 4000gr Aqua Connect (5000ml) ist ein Granulat, das Silikat aus Aquarienwasser entfernt.<\/strong><\/p>\n<p><strong>500ml binden 4000 mg SiO2 und k\u00f6nnen in einem Filter verwendet werden.<\/strong><\/p>\n<p>Aqua Connect Silicarbon ist ein Granulat, das speziell zur Entfernung von Kiesels\u00e4ure aus S\u00fc\u00df- und Salzwasser entwickelt wurde. Siliziumbestandteile sind lebensnotwendig und obwohl sie nur in geringen Mengen ben\u00f6tigt werden, k\u00f6nnen hohe Kiesels\u00e4urewerte in einem Aquarium ziemlich st\u00f6rend sein. In ihren nat\u00fcrlichen Lebensr\u00e4umen, die nicht von menschlichen Aktivit\u00e4ten beeinflusst werden, enthalten diese Umgebungen normalerweise nur geringe Konzentrationen an Kiesels\u00e4ure.<\/p>\n<p>Kiesels\u00e4ure bezieht sich auf alle Verbindungen auf Basis von SiO2NH2O. Sie kann direkt \u00fcber das Leitungswasser oder aus bestimmten Steinarten in Ihr Aquarium gelangen. Wenn Kiesels\u00e4ure durch biologische Prozesse aus dem Wasser entfernt wird, wird sie h\u00e4ufig durch eine entsprechende Menge gel\u00f6ster SiO2-Gesteine \u200b\u200bersetzt.<\/p>\n<p>Die Kehrseite eines hohen Kiesels\u00e4uregehalts sowohl in S\u00fc\u00df- als auch in Salzwasser ist das unerw\u00fcnschte Wachstum von Schmieralgen. Diese Algenart breitet sich in S\u00fc\u00dfwasser in braunen und blaugr\u00fcnen Farbt\u00f6nen und in Salzwasser in braunen und roten Farbt\u00f6nen \u00fcber die Oberfl\u00e4che aus. Es ist wichtig zu beachten, dass Schmieralgen keine echten Algen sind; es handelt sich vielmehr um Bakterien, die Pflanzen, Korallen und Armaturen bedecken.<\/p>\n<p>Wenn der Kiesels\u00e4uregehalt in S\u00fc\u00df- oder Salzwasser 0,1 mg\/l \u00fcbersteigt, kann dies zu den oben genannten negativen Auswirkungen f\u00fchren. Aqua Connect Silicarbon bindet Kiesels\u00e4ure und Silikate effektiv durch einen chemischen Adsorptionsprozess im Granulat und verhindert so eine weitere Aufl\u00f6sung. Indem Sie das Granulat aus Ihrem System entfernen, k\u00f6nnen Sie das adsorbierte SiO2 sicher beseitigen.<\/p>\n<p>Aqua Connect Silicarbon gibt keine unerw\u00fcnschten Stoffe an Ihr Wasser ab, sodass seine Verwendung in S\u00fc\u00df- und Salzwasser v\u00f6llig unbedenklich ist. Eine einzelne Packung Silicarbon hat eine Bindungskapazit\u00e4t von 4000 mg SiO2.<\/p>\n","protected":false},"excerpt":{"rendered":"<p>Silicarbon is a Grain to remove silicate from the aquarium water<\/p>\n","protected":false},"featured_media":74603,"template":"","meta":[],"pwb-brand":[2213],"product_cat":[1394,1493],"product_tag":[],"class_list":{"0":"post-85336","1":"product","2":"type-product","3":"status-publish","4":"has-post-thumbnail","6":"pwb-brand-aqua-connect","7":"product_cat-aktivkohle","8":"product_cat-vulling-de","10":"first","11":"instock","12":"taxable","13":"shipping-taxable","14":"purchasable","15":"product-type-simple"},"acf":[],"brands":[{"id":2213,"name":"Aqua Connect","slug":"aqua-connect"}],"_links":{"self":[{"href":"https:\/\/www.seaflowerstore.com\/de\/wp-json\/wp\/v2\/product\/85336","targetHints":{"allow":["GET"]}}],"collection":[{"href":"https:\/\/www.seaflowerstore.com\/de\/wp-json\/wp\/v2\/product"}],"about":[{"href":"https:\/\/www.seaflowerstore.com\/de\/wp-json\/wp\/v2\/types\/product"}],"wp:featuredmedia":[{"embeddable":true,"href":"https:\/\/www.seaflowerstore.com\/de\/wp-json\/wp\/v2\/media\/74603"}],"wp:attachment":[{"href":"https:\/\/www.seaflowerstore.com\/de\/wp-json\/wp\/v2\/media?parent=85336"}],"wp:term":[{"taxonomy":"pwb-brand","embeddable":true,"href":"https:\/\/www.seaflowerstore.com\/de\/wp-json\/wp\/v2\/pwb-brand?post=85336"},{"taxonomy":"product_cat","embeddable":true,"href":"https:\/\/www.seaflowerstore.com\/de\/wp-json\/wp\/v2\/product_cat?post=85336"},{"taxonomy":"product_tag","embeddable":true,"href":"https:\/\/www.seaflowerstore.com\/de\/wp-json\/wp\/v2\/product_tag?post=85336"}],"curies":[{"name":"wp","href":"https:\/\/api.w.org\/{rel}","templated":true}]}}