{"id":85337,"date":"2022-05-31T10:59:30","date_gmt":"2022-05-31T08:59:30","guid":{"rendered":"https:\/\/www.seaflowerstore.com\/nl\/fauna-marin-skim-breeze-reactor-25l-special-air-filter\/"},"modified":"2022-05-31T10:59:30","modified_gmt":"2022-05-31T09:00:51","slug":"fauna-marin-skim-breeze-reactor-25l-special-air-filter","status":"publish","type":"product","link":"https:\/\/www.seaflowerstore.com\/de\/fauna-marin-skim-breeze-reactor-25l-special-air-filter\/","title":{"rendered":"Fauna Marin Skim Breeze Reactor 2,5L Special-Air filter"},"content":{"rendered":"<h2>Fauna Marin Skim Breeze Reactor 2,5L is a special air filter used for connecting to the air inlet of a protein skimmer for air purification and CO2 reduction<\/h2>\n<p><strong>Gr\u00f6\u00dfe des Skim Breeze Reaktors 5 Liter:<\/strong><\/p>\n<ul>\n<li>H\u00f6he: 34,8 cm<\/li>\n<li>Durchmesser Bodenplatte: 12,3-13,3 cm<\/li>\n<\/ul>\n<p><strong>Es ist keine F\u00fcllung im Lieferumfang enthalten.<\/strong><\/p>\n<p><strong>Anwendung:<\/strong><\/p>\n<p>Zum Bef\u00fcllen des Filters einfach die Schraube leicht l\u00f6sen, den passenden Schlauchadapter f\u00fcr den Eiwei\u00dfabsch\u00e4umer einsetzen und den Filterdeckel schlie\u00dfen.<\/p>\n<p><strong>Anwendung des Skim Breeze Granulats:<\/strong><\/p>\n<p>Bitte das Granulat nicht in Wasser tauchen oder Wasser aussetzen. Es ist wichtig, das Einatmen von Staub zu vermeiden. Tragen Sie daher beim Bef\u00fcllen des Reaktors mit Skim Breeze Granulat Handschuhe und Augenschutz. Beachten Sie unbedingt die Dosierungsanleitung f\u00fcr das Skim Breeze Granulat.<\/p>\n<p><em>Fauna Marin Skim Breeze ist ein spezielles Adsorptionsgranulat zur Reinigung der von Eiwei\u00dfabsch\u00e4umern angesaugten Luft. Durch die Reinigung der Absch\u00e4umerluft wird der pH-Wert Ihres Aquariums erh\u00f6ht und stabilisiert. Durch die N\u00e4hrstoffreduzierung wird das Algenwachstum deutlich eingeschr\u00e4nkt und das Korallenwachstum gef\u00f6rdert. Unser Hochleistungsadsorbent verhindert, dass sch\u00e4dliche Gase wie Zigarettenrauch und CO2 durch den Absch\u00e4umer eindringen.<\/em><\/p>\n<p><strong>Kapazit\u00e4t:<\/strong><\/p>\n<p>1000 ml Skim Breeze pro 500 Liter Aquarienvolumen reichen f\u00fcr ca. 4-6 Wochen. Bitte ersetzen Sie das Skim Breeze Granulat, wenn es vollst\u00e4ndig violett verf\u00e4rbt ist. Das erneute Falten des verwendeten Materials bedeutet nicht, dass es wiederverwendet werden kann.<\/p>\n<p><strong>Dosierungsanleitung:<\/strong><\/p>\n<p>Legen Sie Skim Breeze-Granulat in einen trockenen Filter und schlie\u00dfen Sie den Filter an den Lufteinlass des Skimmers an.<\/p>\n<p><strong>Sicherheitshinweise:<\/strong><\/p>\n<p>Bitte vermeiden Sie das Einatmen des Granulats und des Staubs und denken Sie daran, Handschuhe zu tragen. Halten Sie den Beh\u00e4lter fest verschlossen und sch\u00fctzen Sie ihn vor direkter Sonneneinstrahlung. Es ist wichtig, Skim Breeze-Granulat stets vorsichtig zu handhaben. Bewahren Sie es au\u00dferhalb der Reichweite von Kindern auf und lesen Sie vor der Verwendung immer das Etikett.<\/p>\n<p><strong>Achtung:<\/strong><\/p>\n<p>Dieses Produkt ist ein Reizmittel und kann schwere Hautverbrennungen und Augensch\u00e4den verursachen. Sch\u00fctzen Sie es vor Sonneneinstrahlung und Feuchtigkeit. H315 H318, P302 \/ P352, P332 \/ P313, P305 \/ P351\/338, P280.<\/p>\n<p><strong>Inhaltsstoffe:<\/strong><\/p>\n<ul>\n<li>Calciumhydroxid (EG 215-137-3)<\/li>\n<li>Natriumhydroxid (EG 215-283-8)<\/li>\n<li>Zeolithe (EG 215-283-8)<\/li>\n<\/ul>\n<p><strong>Sachgerechte Entsorgung:<\/strong><\/p>\n<p>Ersch\u00f6pftes Granulat kann \u00fcber den Hausm\u00fcll entsorgt werden.<\/p>\n","protected":false},"excerpt":{"rendered":"<p>Fauna Marin Skim Breeze Reactor 2,5L is a special air filter used for connecting to the air inlet of a protein skimmer for air purification and CO2 reduction. <strong>No filling is included<\/strong><\/p>\n","protected":false},"featured_media":84296,"template":"","meta":[],"pwb-brand":[2177],"product_cat":[1434,1437],"product_tag":[],"class_list":{"0":"post-85337","1":"product","2":"type-product","3":"status-publish","4":"has-post-thumbnail","6":"pwb-brand-fauna-marin","7":"product_cat-teile-de","8":"product_cat-fauna-marin-de","10":"first","11":"outofstock","12":"taxable","13":"shipping-taxable","14":"purchasable","15":"product-type-simple"},"acf":[],"brands":[{"id":2177,"name":"Fauna Marin","slug":"fauna-marin"}],"_links":{"self":[{"href":"https:\/\/www.seaflowerstore.com\/de\/wp-json\/wp\/v2\/product\/85337","targetHints":{"allow":["GET"]}}],"collection":[{"href":"https:\/\/www.seaflowerstore.com\/de\/wp-json\/wp\/v2\/product"}],"about":[{"href":"https:\/\/www.seaflowerstore.com\/de\/wp-json\/wp\/v2\/types\/product"}],"wp:featuredmedia":[{"embeddable":true,"href":"https:\/\/www.seaflowerstore.com\/de\/wp-json\/wp\/v2\/media\/84296"}],"wp:attachment":[{"href":"https:\/\/www.seaflowerstore.com\/de\/wp-json\/wp\/v2\/media?parent=85337"}],"wp:term":[{"taxonomy":"pwb-brand","embeddable":true,"href":"https:\/\/www.seaflowerstore.com\/de\/wp-json\/wp\/v2\/pwb-brand?post=85337"},{"taxonomy":"product_cat","embeddable":true,"href":"https:\/\/www.seaflowerstore.com\/de\/wp-json\/wp\/v2\/product_cat?post=85337"},{"taxonomy":"product_tag","embeddable":true,"href":"https:\/\/www.seaflowerstore.com\/de\/wp-json\/wp\/v2\/product_tag?post=85337"}],"curies":[{"name":"wp","href":"https:\/\/api.w.org\/{rel}","templated":true}]}}