{"id":85338,"date":"2022-05-31T10:51:14","date_gmt":"2022-05-31T08:51:14","guid":{"rendered":"https:\/\/www.seaflowerstore.com\/nl\/fauna-marin-skim-breeze-reactor-1l-special-air-filter\/"},"modified":"2022-05-31T10:51:14","modified_gmt":"2022-05-31T08:53:19","slug":"fauna-marin-skim-breeze-reactor-1l-special-air-filter","status":"publish","type":"product","link":"https:\/\/www.seaflowerstore.com\/de\/fauna-marin-skim-breeze-reactor-1l-special-air-filter\/","title":{"rendered":"Fauna Marin Skim Breeze Reactor 1L Special-Air filter"},"content":{"rendered":"<h2>Fauna Marin Skim Breeze Reactor 1L is a special air filter used for connecting to the air inlet of a protein skimmer for air purification and CO2 reduction<\/h2>\n<p><strong>Gr\u00f6\u00dfe des Skim Breeze Reaktors 5 Liter:<\/strong><\/p>\n<ul>\n<li>H\u00f6he: 29 cm<\/li>\n<li>Durchmesser der Grundplatte: 9,5-10 cm<\/li>\n<\/ul>\n<p><strong>Es ist keine F\u00fcllung im Lieferumfang enthalten.<\/strong><\/p>\n<p><strong>Anwendung:<\/strong><\/p>\n<p>Zum Bef\u00fcllen des Filters die Schraube vorsichtig l\u00f6sen, den passenden Schlauchadapter f\u00fcr den Eiwei\u00dfabsch\u00e4umer einsetzen und den Filterdeckel fest verschlie\u00dfen.<\/p>\n<p><strong>Anwendung des Skim Breeze Granulats:<\/strong><\/p>\n<ul>\n<li>Das Granulat nicht in Wasser tauchen oder Wasser aussetzen.<\/li>\n<li>Einatmen von Staub vermeiden; Bitte tragen Sie beim Bef\u00fcllen des Reaktors mit Skim Breeze Granulat Handschuhe und Augenschutz.<\/li>\n<li>Die Dosierungsanleitung f\u00fcr das Skim Breeze Granulat ist unbedingt zu beachten.<\/li>\n<\/ul>\n<p><em>Fauna Marin Skim Breeze ist ein spezielles Adsorptionsgranulat zur Reinigung der von Eiwei\u00dfabsch\u00e4umern angesaugten Luft. Durch die Reinigung der Absch\u00e4umerluft k\u00f6nnen Sie den pH-Wert Ihres Aquariums stabilisieren und erh\u00f6hen. Dieser Prozess reduziert auch die N\u00e4hrstoffe, was das Algenwachstum deutlich verringert und das Korallenwachstum f\u00f6rdert. Unser Hochleistungsadsorbent verhindert effektiv, dass sch\u00e4dliche Gase wie Zigarettenrauch und CO2 in den Absch\u00e4umer gelangen.<\/em><\/p>\n<p><strong>Kapazit\u00e4t:<\/strong> 1000 ml Skim Breeze reichen f\u00fcr je 500 Liter Aquarienvolumen und reichen f\u00fcr ca. 4 bis 6 Wochen. Bitte ersetzen Sie das Skim Breeze Granulat, sobald es vollst\u00e4ndig violett verf\u00e4rbt ist. Das erneute Falten des verwendeten Materials bedeutet nicht, dass es wiederverwendet werden kann.<\/p>\n<p><strong>Dosierungshinweise:<\/strong><\/p>\n<p>Legen Sie das Skim Breeze-Granulat in einen trockenen Filter und schlie\u00dfen Sie den Filter an den Lufteinlass des Skimmers an.<\/p>\n<p><strong>Sicherheitshinweise:<\/strong><\/p>\n<ul>\n<li>Granulat oder Staub nicht einatmen; immer Handschuhe tragen.<\/li>\n<li>Beh\u00e4lter fest verschlossen halten und vor direkter Sonneneinstrahlung sch\u00fctzen.<\/li>\n<li>Behandeln Sie Skim Breeze-Granulat vorsichtig und bewahren Sie es au\u00dferhalb der Reichweite von Kindern auf.<\/li>\n<li>Bitte lesen Sie vor Gebrauch das Etikett.<\/li>\n<\/ul>\n<p><strong>Achtung:<\/strong> Dieses Produkt kann reizend wirken und schwere Hautverbrennungen und schwere Augensch\u00e4den verursachen. Sch\u00fctzen Sie es vor Sonneneinstrahlung und Feuchtigkeit. Beachten Sie die Sicherheitsvorschriften: H315, H318, P302 \/ P352, P332 \/ P313, P305 \/ P351\/338, P280.<\/p>\n<p><strong>Inhaltsstoffe:<\/strong><\/p>\n<ul>\n<li>Calciumhydroxid (EG 215-137-3)<\/li>\n<li>Natriumhydroxid (EG 215-283-8)<\/li>\n<li>Zeolithe (EG 215-283-8)<\/li>\n<\/ul>\n<p><strong>Sachgem\u00e4\u00dfe Entsorgung:<\/strong> Verbrauchte Granulate k\u00f6nnen \u00fcber den Hausm\u00fcll entsorgt werden.<\/p>\n","protected":false},"excerpt":{"rendered":"<p>Fauna Marin Skim Breeze Reactor 1L is a special air filter used for connecting to the air inlet of a protein skimmer for air purification and CO2 reduction. <strong>No filling is included<\/strong><\/p>\n","protected":false},"featured_media":84295,"template":"","meta":[],"pwb-brand":[2177],"product_cat":[1434,1437],"product_tag":[],"class_list":{"0":"post-85338","1":"product","2":"type-product","3":"status-publish","4":"has-post-thumbnail","6":"pwb-brand-fauna-marin","7":"product_cat-teile-de","8":"product_cat-fauna-marin-de","10":"first","11":"outofstock","12":"taxable","13":"shipping-taxable","14":"purchasable","15":"product-type-simple"},"acf":[],"brands":[{"id":2177,"name":"Fauna Marin","slug":"fauna-marin"}],"_links":{"self":[{"href":"https:\/\/www.seaflowerstore.com\/de\/wp-json\/wp\/v2\/product\/85338","targetHints":{"allow":["GET"]}}],"collection":[{"href":"https:\/\/www.seaflowerstore.com\/de\/wp-json\/wp\/v2\/product"}],"about":[{"href":"https:\/\/www.seaflowerstore.com\/de\/wp-json\/wp\/v2\/types\/product"}],"wp:featuredmedia":[{"embeddable":true,"href":"https:\/\/www.seaflowerstore.com\/de\/wp-json\/wp\/v2\/media\/84295"}],"wp:attachment":[{"href":"https:\/\/www.seaflowerstore.com\/de\/wp-json\/wp\/v2\/media?parent=85338"}],"wp:term":[{"taxonomy":"pwb-brand","embeddable":true,"href":"https:\/\/www.seaflowerstore.com\/de\/wp-json\/wp\/v2\/pwb-brand?post=85338"},{"taxonomy":"product_cat","embeddable":true,"href":"https:\/\/www.seaflowerstore.com\/de\/wp-json\/wp\/v2\/product_cat?post=85338"},{"taxonomy":"product_tag","embeddable":true,"href":"https:\/\/www.seaflowerstore.com\/de\/wp-json\/wp\/v2\/product_tag?post=85338"}],"curies":[{"name":"wp","href":"https:\/\/api.w.org\/{rel}","templated":true}]}}