{"id":85339,"date":"2022-05-31T10:34:52","date_gmt":"2022-05-31T08:34:52","guid":{"rendered":"https:\/\/www.seaflowerstore.com\/nl\/fauna-marin-skim-breeze-reactor-5l-special-air-filter\/"},"modified":"2022-05-31T10:34:52","modified_gmt":"2022-05-31T08:36:00","slug":"fauna-marin-skim-breeze-reactor-5l-special-air-filter","status":"publish","type":"product","link":"https:\/\/www.seaflowerstore.com\/de\/fauna-marin-skim-breeze-reactor-5l-special-air-filter\/","title":{"rendered":"Fauna Marin Skim Breeze Reactor 5L Special-Air filter"},"content":{"rendered":"<h2>Fauna Marin Skim Breeze Reactor 5L Special-Air filter<\/h2>\n<p><strong>Fauna Marin Skim Breeze Reactor 5L<\/strong> ist ein einzigartiger Luftfilter, der f\u00fcr den Anschluss an den Lufteinlass eines Eiwei\u00dfabsch\u00e4umers entwickelt wurde, um die Luftreinigung zu erleichtern und den CO2-Gehalt zu senken.<\/p>\n<p><strong>Gr\u00f6\u00dfe des Skim Breeze Reactor 5 Liter:<\/strong><\/p>\n<ul>\n<li>H\u00f6he: 35 cm<\/li>\n<li>Durchmesser der Grundplatte: 16,5 &#8211; 17,5 cm<\/li>\n<\/ul>\n<p><strong>Es ist keine F\u00fcllung im Lieferumfang enthalten.<\/strong><\/p>\n<p><strong>Anwendung:<\/strong><\/p>\n<p>Um den Filter zu f\u00fcllen, l\u00f6sen Sie vorsichtig die Schraube, setzen Sie den richtigen Schlauchadapter f\u00fcr den Eiwei\u00dfabsch\u00e4umer ein und schlie\u00dfen Sie dann die Filterabdeckung fest.<\/p>\n<p><strong>Verwendung von Skim Breeze Granulat:<\/strong><\/p>\n<ul>\n<li>Bitte tauchen Sie den Filter nicht in Wasser und legen Sie ihn nicht in Wasser. Granulat ins Wasser geben.<\/li>\n<li>Vermeiden Sie das Einatmen von Staub und tragen Sie unbedingt Handschuhe und Augenschutz, wenn Sie den Reaktor mit Skim Breeze Granulat bef\u00fcllen.<\/li>\n<li>Es ist wichtig, die Dosierungsanweisungen f\u00fcr das Skim Breeze Granulat zu befolgen.<\/li>\n<\/ul>\n<p><em>Fauna Marin Skim Breeze<\/em> ist ein spezielles Adsorptionsgranulat, das die von Eiwei\u00dfabsch\u00e4umern angesaugte Luft reinigt. Durch die Verbesserung der Luftqualit\u00e4t kann der pH-Wert Ihres Aquariums ansteigen und sich stabilisieren. Diese N\u00e4hrstoffreduzierung f\u00fchrt zu deutlich weniger Algenwachstum und f\u00f6rdert ein verbessertes Korallenwachstum. Unser Hochleistungsadsorbent verhindert effektiv, dass sch\u00e4dliche Gase wie Zigarettenrauch und CO2 in den Absch\u00e4umer gelangen.<\/p>\n<p><strong>Kapazit\u00e4t:<\/strong><\/p>\n<p>1.000 ml Skim Breeze pro 500 Liter (132 US-Gallonen) Aquarienvolumen reichen f\u00fcr etwa 4-6 Wochen. Ersetzen Sie das Skim Breeze-Granulat unbedingt, sobald es vollst\u00e4ndig violett ist. Das erneute Falten des verwendeten Materials bedeutet nicht, dass es wiederverwendet werden kann.<\/p>\n<p><strong>Dosierungshinweise:<\/strong><\/p>\n<p>Legen Sie Skim Breeze-Granulat in einen trockenen Filter und schlie\u00dfen Sie den Filter an den Lufteinlass des Skimmers an.<\/p>\n<p><strong>Sicherheitshinweise:<\/strong><\/p>\n<ul>\n<li>Atmen Sie das Granulat oder den Staub nicht ein. Tragen Sie immer Handschuhe.<\/li>\n<li>Halten Sie den Beh\u00e4lter fest verschlossen und sch\u00fctzen Sie ihn vor direkter Sonneneinstrahlung.<\/li>\n<li>Behandeln Sie Skim Breeze-Granulat stets mit Vorsicht.<\/li>\n<li>Au\u00dferhalb der Reichweite von Kindern aufbewahren und vor Gebrauch das Etikett lesen.<\/li>\n<\/ul>\n<p><strong>Achtung:<\/strong> Dieses Produkt ist ein Reizmittel und kann schwere Hautverbrennungen und schwere Augensch\u00e4den verursachen. Sch\u00fctzen Sie das Produkt vor Sonneneinstrahlung und Feuchtigkeit. H315 H318, P302 \/ P352, P332 \/ P313, P305 \/ P351\/338, P280<\/p>\n<p><strong>Inhaltsstoffe:<\/strong><\/p>\n<ul>\n<li>Calciumhydroxid (EG 215-137-3)<\/li>\n<li>Natriumhydroxid (EG 215-283-8)<\/li>\n<li>Zeolithe (EG 215-283-8)<\/li>\n<\/ul>\n<p><strong>Sachgerechte Entsorgung:<\/strong><\/p>\n<p>Ersch\u00f6pftes Granulat kann \u00fcber den Hausm\u00fcll entsorgt werden.<\/p>\n","protected":false},"excerpt":{"rendered":"<p>Fauna Marin Skim Breeze Reactor 5L is a special air filter used for connecting to the air inlet of a protein skimmer for air purification and CO2 reduction. <strong>No filling is included<\/strong><\/p>\n","protected":false},"featured_media":84294,"template":"","meta":[],"pwb-brand":[2177],"product_cat":[1434,1437],"product_tag":[],"class_list":{"0":"post-85339","1":"product","2":"type-product","3":"status-publish","4":"has-post-thumbnail","6":"pwb-brand-fauna-marin","7":"product_cat-teile-de","8":"product_cat-fauna-marin-de","10":"first","11":"instock","12":"taxable","13":"shipping-taxable","14":"purchasable","15":"product-type-simple"},"acf":[],"brands":[{"id":2177,"name":"Fauna Marin","slug":"fauna-marin"}],"_links":{"self":[{"href":"https:\/\/www.seaflowerstore.com\/de\/wp-json\/wp\/v2\/product\/85339","targetHints":{"allow":["GET"]}}],"collection":[{"href":"https:\/\/www.seaflowerstore.com\/de\/wp-json\/wp\/v2\/product"}],"about":[{"href":"https:\/\/www.seaflowerstore.com\/de\/wp-json\/wp\/v2\/types\/product"}],"wp:featuredmedia":[{"embeddable":true,"href":"https:\/\/www.seaflowerstore.com\/de\/wp-json\/wp\/v2\/media\/84294"}],"wp:attachment":[{"href":"https:\/\/www.seaflowerstore.com\/de\/wp-json\/wp\/v2\/media?parent=85339"}],"wp:term":[{"taxonomy":"pwb-brand","embeddable":true,"href":"https:\/\/www.seaflowerstore.com\/de\/wp-json\/wp\/v2\/pwb-brand?post=85339"},{"taxonomy":"product_cat","embeddable":true,"href":"https:\/\/www.seaflowerstore.com\/de\/wp-json\/wp\/v2\/product_cat?post=85339"},{"taxonomy":"product_tag","embeddable":true,"href":"https:\/\/www.seaflowerstore.com\/de\/wp-json\/wp\/v2\/product_tag?post=85339"}],"curies":[{"name":"wp","href":"https:\/\/api.w.org\/{rel}","templated":true}]}}