{"id":85344,"date":"2022-05-29T17:16:05","date_gmt":"2022-05-29T15:16:05","guid":{"rendered":"https:\/\/www.seaflowerstore.com\/nl\/flipper-platinum-scraper-nano\/"},"modified":"2022-05-29T17:16:05","modified_gmt":"2022-05-29T15:16:59","slug":"flipper-platinum-scraper-nano","status":"publish","type":"product","link":"https:\/\/www.seaflowerstore.com\/de\/flipper-platinum-scraper-nano\/","title":{"rendered":"Flipper Platinum Scraper Nano"},"content":{"rendered":"<h2>Flipper Platinum Scraper Nano 30.5cm for NANO-SIZED Glass and Acrylic Tanks<\/h2>\n<p>Bei Aquarienschabern gibt es keine Einheitsgr\u00f6\u00dfe! Der Flipper Platinum NANO Aquarienschaber ist speziell f\u00fcr kleine Glas- und Acryltanks konzipiert.<\/p>\n<p><strong>Funktionen:<\/strong><\/p>\n<ul>\n<li>Der Nano Platinum-Schaber ist speziell f\u00fcr die Verwendung in Nanoaquarien konzipiert.<\/li>\n<li>Er hat einen flachen Schaberwinkel und ist daher perfekt f\u00fcr die engen R\u00e4ume in Nanotanks geeignet.<\/li>\n<li>Ausgestattet mit einer quadratischen Klinge im Kreditkartenstil ist er sicher f\u00fcr Glas- und Acryloberfl\u00e4chen.<\/li>\n<li>Die Klinge kann in jede Richtung eingef\u00fchrt werden, um Zugriff auf mehrere Schabkanten zu erhalten. Alternativ k\u00f6nnen Sie eine alte Kreditkarte, Geschenkkarte oder einen Hotelzimmerschl\u00fcssel einf\u00fchren, um Ihre eigenen Spezialklingen herzustellen!<\/li>\n<\/ul>\n","protected":false},"excerpt":{"rendered":"<p>Flipper Platinum Scraper Nano 30.5cm for NANO-SIZED Glass and Acrylic Tanks<\/p>\n","protected":false},"featured_media":84280,"template":"","meta":[],"pwb-brand":[2247],"product_cat":[1479],"product_tag":[],"class_list":{"0":"post-85344","1":"product","2":"type-product","3":"status-publish","4":"has-post-thumbnail","6":"pwb-brand-flipper","7":"product_cat-algenkrabben","9":"first","10":"instock","11":"taxable","12":"shipping-taxable","13":"purchasable","14":"product-type-simple"},"acf":[],"brands":[{"id":2247,"name":"Flipper","slug":"flipper"}],"_links":{"self":[{"href":"https:\/\/www.seaflowerstore.com\/de\/wp-json\/wp\/v2\/product\/85344","targetHints":{"allow":["GET"]}}],"collection":[{"href":"https:\/\/www.seaflowerstore.com\/de\/wp-json\/wp\/v2\/product"}],"about":[{"href":"https:\/\/www.seaflowerstore.com\/de\/wp-json\/wp\/v2\/types\/product"}],"wp:featuredmedia":[{"embeddable":true,"href":"https:\/\/www.seaflowerstore.com\/de\/wp-json\/wp\/v2\/media\/84280"}],"wp:attachment":[{"href":"https:\/\/www.seaflowerstore.com\/de\/wp-json\/wp\/v2\/media?parent=85344"}],"wp:term":[{"taxonomy":"pwb-brand","embeddable":true,"href":"https:\/\/www.seaflowerstore.com\/de\/wp-json\/wp\/v2\/pwb-brand?post=85344"},{"taxonomy":"product_cat","embeddable":true,"href":"https:\/\/www.seaflowerstore.com\/de\/wp-json\/wp\/v2\/product_cat?post=85344"},{"taxonomy":"product_tag","embeddable":true,"href":"https:\/\/www.seaflowerstore.com\/de\/wp-json\/wp\/v2\/product_tag?post=85344"}],"curies":[{"name":"wp","href":"https:\/\/api.w.org\/{rel}","templated":true}]}}