{"id":85345,"date":"2022-05-29T16:00:16","date_gmt":"2022-05-29T14:00:16","guid":{"rendered":"https:\/\/www.seaflowerstore.com\/nl\/flipper-platinum-card-stainless-replacement-blade\/"},"modified":"2022-05-29T16:00:16","modified_gmt":"2022-05-29T14:01:10","slug":"flipper-platinum-card-stainless-replacement-blade","status":"publish","type":"product","link":"https:\/\/www.seaflowerstore.com\/de\/flipper-platinum-card-stainless-replacement-blade\/","title":{"rendered":"Flipper Platinum Card Stainless Replacement Blade"},"content":{"rendered":"<h2>Flipper Platinum Card Stainless Replacement Blade is great for tackling really hard algae deposits all over your tank<\/h2>\n<p>Sieht Ihr Aquarium ein bisschen schmutzig aus? Keine Sorge! Sie k\u00f6nnen es mit dem FL!PPER Platinum Credit Card Algae Scraper reinigen, der jetzt mit einer Edelstahl-Schaberklinge ausgestattet ist. Diese hochwertige, korrosionsbest\u00e4ndige Edelstahlklinge eignet sich perfekt zum Entfernen hartn\u00e4ckiger Algenablagerungen in Ihrem Aquarium. Halten Sie Ihr Aquarium blitzsauber und pr\u00e4sentieren Sie Ihre sch\u00f6nen Fische mit Werkzeugen, die wirklich etwas bringen!<\/p>\n<p><strong>Wichtiger Hinweis:<\/strong> Dieser Schaber ist NUR f\u00fcr die Verwendung an <strong>GLASBEH\u00c4LTERN<\/strong><\/p>\n<p><strong>Merkmale des Platinum-Aquariumschabers:<\/strong><\/p>\n<ul>\n<li>Kompatibel mit FL!PPER Platinum Credit Card Scrapern NUR an <strong>GLASBEH\u00c4LTERN<\/strong><\/li>\n<li>Hochwertige, korrosionsbest\u00e4ndige Edelstahlklinge<\/li>\n<li>Ideal zum Entfernen hartn\u00e4ckiger Algenablagerungen!<\/li>\n<li>Beidseitig! Drehen Sie es einfach um und Sie erhalten eine frische Klinge!<\/li>\n<\/ul>\n<p><strong><em>**Bitte beachten: NUR Klinge aus rostfreiem Stahl. Platinum CC-Schaber ist separat erh\u00e4ltlich.<\/em><\/strong><\/p>\n","protected":false},"excerpt":{"rendered":"<p>Flipper Platinum Card Stainless Replacement Blade is great for tackling really hard algae deposits all over your tank<\/p>\n","protected":false},"featured_media":84275,"template":"","meta":[],"pwb-brand":[2247],"product_cat":[1479],"product_tag":[],"class_list":{"0":"post-85345","1":"product","2":"type-product","3":"status-publish","4":"has-post-thumbnail","6":"pwb-brand-flipper","7":"product_cat-algenkrabben","9":"first","10":"instock","11":"taxable","12":"shipping-taxable","13":"purchasable","14":"product-type-simple"},"acf":[],"brands":[{"id":2247,"name":"Flipper","slug":"flipper"}],"_links":{"self":[{"href":"https:\/\/www.seaflowerstore.com\/de\/wp-json\/wp\/v2\/product\/85345","targetHints":{"allow":["GET"]}}],"collection":[{"href":"https:\/\/www.seaflowerstore.com\/de\/wp-json\/wp\/v2\/product"}],"about":[{"href":"https:\/\/www.seaflowerstore.com\/de\/wp-json\/wp\/v2\/types\/product"}],"wp:featuredmedia":[{"embeddable":true,"href":"https:\/\/www.seaflowerstore.com\/de\/wp-json\/wp\/v2\/media\/84275"}],"wp:attachment":[{"href":"https:\/\/www.seaflowerstore.com\/de\/wp-json\/wp\/v2\/media?parent=85345"}],"wp:term":[{"taxonomy":"pwb-brand","embeddable":true,"href":"https:\/\/www.seaflowerstore.com\/de\/wp-json\/wp\/v2\/pwb-brand?post=85345"},{"taxonomy":"product_cat","embeddable":true,"href":"https:\/\/www.seaflowerstore.com\/de\/wp-json\/wp\/v2\/product_cat?post=85345"},{"taxonomy":"product_tag","embeddable":true,"href":"https:\/\/www.seaflowerstore.com\/de\/wp-json\/wp\/v2\/product_tag?post=85345"}],"curies":[{"name":"wp","href":"https:\/\/api.w.org\/{rel}","templated":true}]}}