{"id":85351,"date":"2022-05-29T11:03:39","date_gmt":"2022-05-29T09:08:40","guid":{"rendered":"https:\/\/www.seaflowerstore.com\/nl\/flipper-feeding-kit\/"},"modified":"2022-05-29T11:03:39","modified_gmt":"2022-05-29T09:08:40","slug":"flipper-feeding-kit","status":"publish","type":"product","link":"https:\/\/www.seaflowerstore.com\/de\/flipper-feeding-kit\/","title":{"rendered":"Flipper Feeding Kit"},"content":{"rendered":"<h2>Flipper Feeding Kit turns any Fl!pper Aquarium Cleaner into a versatile feeding station!<\/h2>\n<p><strong>F\u00dcTTERN SIE IHRE FISCHE&#8230; NICHT IHREN FILTER!<\/strong> Der einzigartige, abgedichtete F\u00fctterungsschlauch erzeugt einen Luft-\/Fl\u00fcssigkeitsspiegel unter der Wasseroberfl\u00e4che, der eine langsame F\u00fctterung \u00fcberall in Ihrem Aquarium erm\u00f6glicht, sogar am Boden! Diese Funktion ist besonders hilfreich f\u00fcr die gezielte F\u00fctterung scheuer, am Boden lebender Tiere. Der mit Klettverschluss befestigte Veggie Clip l\u00e4sst sich einfach an der Padseite jedes Flipper Cleaners befestigen und bietet Ihnen Flexibilit\u00e4t in Ihrem gesamten Aquarium. Sie k\u00f6nnen mit FL!PPER schrubben, schaben, umdrehen und jetzt auch f\u00fcttern, ohne sich die H\u00e4nde nass zu machen!<\/p>\n<h3>Funktionen des Flipper Feed:<\/h3>\n<ul>\n<li>Kompatibel mit allen Flipper Aquarium Cleaners \u2013 Nano, Standard und MAX, inklusive Flipper Float!<\/li>\n<li>Verwandelt Ihren Flipper Aquarium Cleaner in eine vielseitige Futterstation.<\/li>\n<li>Der versiegelte F\u00fctterungsschlauch erzeugt einen Luft-\/Fl\u00fcssigkeitsspiegel unter der Wasseroberfl\u00e4che und erm\u00f6glicht so eine langsame F\u00fctterung im gesamten Aquarium.<\/li>\n<li>Hilft bei der gezielten F\u00fctterung scheuer, am Boden lebender Tiere.<\/li>\n<li>Der mit Klettverschluss befestigte Veggie Clip l\u00e4sst sich einfach an der Padseite Ihres Flipper Cleaners anbringen und erm\u00f6glicht so eine Mobilit\u00e4t \u00fcberall im Aquarium.<\/li>\n<\/ul>\n<h4><strong>Gebrauchsanweisung:<\/strong><\/h4>\n<ol>\n<li>Befestigen Sie den F\u00fctterungsschlauch mit den L\u00f6chern nach unten an der Padseite des Flippers und stellen Sie sicher, dass der Schlauch teilweise unter der Wasserlinie liegt.<\/li>\n<li>\u00d6ffnen Sie den Deckel und geben Sie Ihr Fischfutter hinein.<\/li>\n<li>Schlie\u00dfen Sie den Deckel und positionieren Sie den Schlauch aufrecht unter Wasser. Das Futter schwimmt auf dem Luft-\/Fl\u00fcssigkeitsspiegel, sinkt langsam und verteilt sich durch die unteren L\u00f6cher.<\/li>\n<\/ol>\n","protected":false},"excerpt":{"rendered":"<p>Flipper Feeding Kit turns any Fl!pper Aquarium Cleaner into a versatile feeding station<\/p>\n","protected":false},"featured_media":84257,"template":"","meta":[],"pwb-brand":[2247],"product_cat":[1428,1402],"product_tag":[],"class_list":{"0":"post-85351","1":"product","2":"type-product","3":"status-publish","4":"has-post-thumbnail","6":"pwb-brand-flipper","7":"product_cat-algenmagnet","8":"product_cat-verschieden","10":"first","11":"instock","12":"taxable","13":"shipping-taxable","14":"purchasable","15":"product-type-simple"},"acf":[],"brands":[{"id":2247,"name":"Flipper","slug":"flipper"}],"_links":{"self":[{"href":"https:\/\/www.seaflowerstore.com\/de\/wp-json\/wp\/v2\/product\/85351","targetHints":{"allow":["GET"]}}],"collection":[{"href":"https:\/\/www.seaflowerstore.com\/de\/wp-json\/wp\/v2\/product"}],"about":[{"href":"https:\/\/www.seaflowerstore.com\/de\/wp-json\/wp\/v2\/types\/product"}],"wp:featuredmedia":[{"embeddable":true,"href":"https:\/\/www.seaflowerstore.com\/de\/wp-json\/wp\/v2\/media\/84257"}],"wp:attachment":[{"href":"https:\/\/www.seaflowerstore.com\/de\/wp-json\/wp\/v2\/media?parent=85351"}],"wp:term":[{"taxonomy":"pwb-brand","embeddable":true,"href":"https:\/\/www.seaflowerstore.com\/de\/wp-json\/wp\/v2\/pwb-brand?post=85351"},{"taxonomy":"product_cat","embeddable":true,"href":"https:\/\/www.seaflowerstore.com\/de\/wp-json\/wp\/v2\/product_cat?post=85351"},{"taxonomy":"product_tag","embeddable":true,"href":"https:\/\/www.seaflowerstore.com\/de\/wp-json\/wp\/v2\/product_tag?post=85351"}],"curies":[{"name":"wp","href":"https:\/\/api.w.org\/{rel}","templated":true}]}}