{"id":85355,"date":"2022-05-28T17:42:37","date_gmt":"2022-05-28T15:42:37","guid":{"rendered":"https:\/\/www.seaflowerstore.com\/nl\/aquaforest-sponge-set-af110\/"},"modified":"2022-05-28T17:42:37","modified_gmt":"2022-05-28T15:44:29","slug":"aquaforest-sponge-set-af110","status":"publish","type":"product","link":"https:\/\/www.seaflowerstore.com\/de\/aquaforest-sponge-set-af110\/","title":{"rendered":"Aquaforest Sponge Set AF110"},"content":{"rendered":"<h2>Aquaforest Sponge Set AF110<\/h2>\n<p>Das Ersatzschwammset f\u00fcr den Aquaforest AF110 Media Reactor sorgt daf\u00fcr, dass Ihr System reibungslos l\u00e4uft. Dieses Set ist auf optimale Leistung und Effizienz ausgelegt.<\/p>\n<p><strong>Hauptmerkmale:<\/strong><\/p>\n<ul>\n<li>Hochwertige Schw\u00e4mme, die perfekt in den AF110 Media Reactor passen.<\/li>\n<li>Einfach zu installieren und zu warten, was Ihnen das Leben erleichtert.<\/li>\n<li>Hilft bei der Verbesserung des Filterprozesses f\u00fcr eine bessere Wasserqualit\u00e4t.<\/li>\n<\/ul>\n<p>Mit diesem Schwammset k\u00f6nnen Sie ein problemloses Erlebnis genie\u00dfen und gleichzeitig sicherstellen, dass Ihre Wasserumgebung sauber und gesund bleibt.<\/p>\n","protected":false},"excerpt":{"rendered":"<p>Aquaforest Sponge Set AF110 replacement Sponge Set for the Aquaforest AF110 Media Reactor<\/p>\n","protected":false},"featured_media":84254,"template":"","meta":[],"pwb-brand":[2199],"product_cat":[1389],"product_tag":[],"class_list":{"0":"post-85355","1":"product","2":"type-product","3":"status-publish","4":"has-post-thumbnail","6":"pwb-brand-aquaforest","7":"product_cat-wervelbedfilter-media-filter-de","9":"first","10":"instock","11":"sale","12":"taxable","13":"shipping-taxable","14":"purchasable","15":"product-type-simple"},"acf":[],"brands":[{"id":2199,"name":"Aquaforest","slug":"aquaforest"}],"_links":{"self":[{"href":"https:\/\/www.seaflowerstore.com\/de\/wp-json\/wp\/v2\/product\/85355","targetHints":{"allow":["GET"]}}],"collection":[{"href":"https:\/\/www.seaflowerstore.com\/de\/wp-json\/wp\/v2\/product"}],"about":[{"href":"https:\/\/www.seaflowerstore.com\/de\/wp-json\/wp\/v2\/types\/product"}],"wp:featuredmedia":[{"embeddable":true,"href":"https:\/\/www.seaflowerstore.com\/de\/wp-json\/wp\/v2\/media\/84254"}],"wp:attachment":[{"href":"https:\/\/www.seaflowerstore.com\/de\/wp-json\/wp\/v2\/media?parent=85355"}],"wp:term":[{"taxonomy":"pwb-brand","embeddable":true,"href":"https:\/\/www.seaflowerstore.com\/de\/wp-json\/wp\/v2\/pwb-brand?post=85355"},{"taxonomy":"product_cat","embeddable":true,"href":"https:\/\/www.seaflowerstore.com\/de\/wp-json\/wp\/v2\/product_cat?post=85355"},{"taxonomy":"product_tag","embeddable":true,"href":"https:\/\/www.seaflowerstore.com\/de\/wp-json\/wp\/v2\/product_tag?post=85355"}],"curies":[{"name":"wp","href":"https:\/\/api.w.org\/{rel}","templated":true}]}}