{"id":85359,"date":"2022-05-28T16:54:16","date_gmt":"2022-05-28T14:56:15","guid":{"rendered":"https:\/\/www.seaflowerstore.com\/nl\/djm-coral-plugs-oe-2-cm-100-pcs\/"},"modified":"2022-05-28T16:54:16","modified_gmt":"2022-05-28T14:56:15","slug":"djm-coral-plugs-o-2-cm-100-pcs","status":"publish","type":"product","link":"https:\/\/www.seaflowerstore.com\/de\/djm-coral-plugs-o-2-cm-100-pcs\/","title":{"rendered":"DJM Coral plugs \u00d8 2 cm \u2013 100 pcs"},"content":{"rendered":"<h2>DJM Coral plugs \u00d8 2 cm \u2013 100 pcs for your coralfrags<\/h2>\n<p>Wir stellen Ihnen unsere Korallenst\u00f6psel auf Magnesiumbasis mit einem praktischen Durchmesser von 2 cm vor. Diese St\u00f6psel sind so konzipiert, dass sie Ihre Korallenfragmente effektiv st\u00fctzen.<\/p>\n","protected":false},"excerpt":{"rendered":"<p>DJM Coral plugs for your coralfrags are Magnesium based Coral Plugs with a diameter of 2cm<\/p>\n","protected":false},"featured_media":0,"template":"","meta":[],"pwb-brand":[2237],"product_cat":[1461],"product_tag":[],"class_list":{"0":"post-85359","1":"product","2":"type-product","3":"status-publish","5":"pwb-brand-de-jong-marinelife","6":"product_cat-schneidzubehoer","8":"first","9":"instock","10":"taxable","11":"shipping-taxable","12":"purchasable","13":"product-type-simple"},"acf":[],"brands":[{"id":2237,"name":"De Jong Marinelife","slug":"de-jong-marinelife"}],"_links":{"self":[{"href":"https:\/\/www.seaflowerstore.com\/de\/wp-json\/wp\/v2\/product\/85359","targetHints":{"allow":["GET"]}}],"collection":[{"href":"https:\/\/www.seaflowerstore.com\/de\/wp-json\/wp\/v2\/product"}],"about":[{"href":"https:\/\/www.seaflowerstore.com\/de\/wp-json\/wp\/v2\/types\/product"}],"wp:attachment":[{"href":"https:\/\/www.seaflowerstore.com\/de\/wp-json\/wp\/v2\/media?parent=85359"}],"wp:term":[{"taxonomy":"pwb-brand","embeddable":true,"href":"https:\/\/www.seaflowerstore.com\/de\/wp-json\/wp\/v2\/pwb-brand?post=85359"},{"taxonomy":"product_cat","embeddable":true,"href":"https:\/\/www.seaflowerstore.com\/de\/wp-json\/wp\/v2\/product_cat?post=85359"},{"taxonomy":"product_tag","embeddable":true,"href":"https:\/\/www.seaflowerstore.com\/de\/wp-json\/wp\/v2\/product_tag?post=85359"}],"curies":[{"name":"wp","href":"https:\/\/api.w.org\/{rel}","templated":true}]}}