{"id":85361,"date":"2022-05-28T16:14:16","date_gmt":"2022-05-28T14:14:16","guid":{"rendered":"https:\/\/www.seaflowerstore.com\/nl\/aquaforest-sulphur-lab-1000ml\/"},"modified":"2022-05-28T16:14:16","modified_gmt":"2022-05-28T14:15:22","slug":"aquaforest-sulphur-lab-1000ml","status":"publish","type":"product","link":"https:\/\/www.seaflowerstore.com\/de\/aquaforest-sulphur-lab-1000ml\/","title":{"rendered":"Aquaforest Sulphur Lab &#8211; 1000ml"},"content":{"rendered":"<h2>Aquaforest Sulphur Lab &#8211; 1000ml provide corals healthy growth and vivid coloration<\/h2>\n<p>Schwefel ist das vierth\u00e4ufigste Element im Meerwasser. In den richtigen Mengen unterst\u00fctzt dieses Element das gesunde Wachstum und die leuchtende F\u00e4rbung von Korallen. Untersuchungen zeigen, dass Schwefelmangel die Stoffwechselprozesse lebender Organismen negativ beeinflussen kann. In einem geschlossenen Aquariumsystem wird Schwefel kontinuierlich verbraucht, daher ist es wichtig, seinen Gehalt regelm\u00e4\u00dfig zu \u00fcberwachen.<\/p>\n<h4><strong>Dosierung<\/strong><\/h4>\n<ul>\n<li>10 ml des Produkts erh\u00f6hen den Schwefelgehalt in 100 Litern (27 US-Gallonen) Wasser um 4 mg\/l (ppm).<\/li>\n<li>Der empfohlene Schwefelgehalt im Aquarienwasser liegt zwischen 740 und 990 mg\/l (ppm).<\/li>\n<li>Es ist wichtig zu beachten, dass die maximale sichere Tagesdosis 30 ml pro 100 Liter Wasser betr\u00e4gt. Wenn Sie eine h\u00f6here Dosis ben\u00f6tigen, verteilen Sie diese bitte auf mehrere Tage.<\/li>\n<\/ul>\n","protected":false},"excerpt":{"rendered":"<p>Aquaforest Sulphur Lab 1000ml provide corals healthy growth and vivid coloration<\/p>\n","protected":false},"featured_media":84253,"template":"","meta":[],"pwb-brand":[2199],"product_cat":[1391,1414],"product_tag":[],"class_list":{"0":"post-85361","1":"product","2":"type-product","3":"status-publish","4":"has-post-thumbnail","6":"pwb-brand-aquaforest","7":"product_cat-ergaenzungen","8":"product_cat-aquaforest-de","10":"first","11":"instock","12":"sale","13":"taxable","14":"shipping-taxable","15":"purchasable","16":"product-type-simple"},"acf":[],"brands":[{"id":2199,"name":"Aquaforest","slug":"aquaforest"}],"_links":{"self":[{"href":"https:\/\/www.seaflowerstore.com\/de\/wp-json\/wp\/v2\/product\/85361","targetHints":{"allow":["GET"]}}],"collection":[{"href":"https:\/\/www.seaflowerstore.com\/de\/wp-json\/wp\/v2\/product"}],"about":[{"href":"https:\/\/www.seaflowerstore.com\/de\/wp-json\/wp\/v2\/types\/product"}],"wp:featuredmedia":[{"embeddable":true,"href":"https:\/\/www.seaflowerstore.com\/de\/wp-json\/wp\/v2\/media\/84253"}],"wp:attachment":[{"href":"https:\/\/www.seaflowerstore.com\/de\/wp-json\/wp\/v2\/media?parent=85361"}],"wp:term":[{"taxonomy":"pwb-brand","embeddable":true,"href":"https:\/\/www.seaflowerstore.com\/de\/wp-json\/wp\/v2\/pwb-brand?post=85361"},{"taxonomy":"product_cat","embeddable":true,"href":"https:\/\/www.seaflowerstore.com\/de\/wp-json\/wp\/v2\/product_cat?post=85361"},{"taxonomy":"product_tag","embeddable":true,"href":"https:\/\/www.seaflowerstore.com\/de\/wp-json\/wp\/v2\/product_tag?post=85361"}],"curies":[{"name":"wp","href":"https:\/\/api.w.org\/{rel}","templated":true}]}}