{"id":85362,"date":"2022-05-28T15:41:26","date_gmt":"2022-05-28T13:41:26","guid":{"rendered":"https:\/\/www.seaflowerstore.com\/nl\/esha-gdex-20ml\/"},"modified":"2025-11-29T18:51:19","modified_gmt":"2025-11-29T17:51:19","slug":"esha-gdex-20ml","status":"publish","type":"product","link":"https:\/\/www.seaflowerstore.com\/de\/esha-gdex-20ml\/","title":{"rendered":"eSHa Gdex &#8211; 20ml"},"content":{"rendered":"<h2>eSHa Gdex &#8211; 20ml<\/h2>\n<p>eSHa Gdex 20ml wurde speziell zur Bek\u00e4mpfung von Haut- und Kiemenw\u00fcrmern (wie Gyrodactylus sp. und Dactylogyrus sp.) sowie Bandw\u00fcrmern (Cestoden) entwickelt.<\/p>\n<h4><strong>Woher wei\u00df ich, wann ich eSHa Gdex verwenden muss?<\/strong><\/h4>\n<p>Die richtige Diagnose ist oft der Schl\u00fcssel zu einer schnellen Heilung. Viele Fischkrankheiten sind hoch ansteckend und k\u00f6nnen sich im Aquarienwasser schnell ausbreiten. Daher ist es wichtig, schnell zu handeln. Es gibt fr\u00fche Anzeichen, die Sie darauf aufmerksam machen k\u00f6nnen, wenn mit Ihren Fischen etwas nicht stimmt.<\/p>\n<h4><strong>Haut:<\/strong><\/h4>\n<p>Die Haut dient als erste Schutzlinie und zeigt oft die ersten Anzeichen einer Krankheit oder eines Mangels, der durch eine Infektion verursacht wird. Es ist wichtig, auf Verf\u00e4rbungen zu achten.<\/p>\n<h4><strong>Flossen:<\/strong><\/h4>\n<p>Achten Sie auf die Flossen. Liegen sie eng am K\u00f6rper des Fisches an, kann dies insbesondere bei lebendgeb\u00e4renden Fischen auf eine Krankheit oder einen Mangel hinweisen.<\/p>\n<h4><strong>Schwimmverhalten:<\/strong><\/h4>\n<p>Ungew\u00f6hnliche Schwimmmuster oder Schaukelbewegungen k\u00f6nnen auf eine Krankheit hinweisen.<\/p>\n<h4><strong>Welche Fische k\u00f6nnen mit eSHa Gdex behandelt werden?<\/strong><\/h4>\n<ul>\n<li>Tropische Fische \u2714<\/li>\n<li>Kaltwasserfische \u2714<\/li>\n<li>Meerwasserfische \u2714<\/li>\n<\/ul>\n<p>eSHa Gdex ist bei richtiger Dosierung unbedenklich f\u00fcr Fische, Pflanzen, Garnelen, Schnecken und Filter. Es liefert hervorragende Ergebnisse, insbesondere bei tropischen Fischen, und kann auch in Quarant\u00e4nebecken f\u00fcr Meerwasserfische verwendet werden.<\/p>\n<h4><strong>Anwendung:<\/strong><\/h4>\n<p>Dieses Produkt ist wirksam gegen Haut- und Kiemenw\u00fcrmer (Monogenea wie Gyrodactylus sp. und Dactylogyrus sp.) und Bandw\u00fcrmer (Cestoda). Bitte beachten Sie, dass es bei den meisten Nematoden nicht wirksam ist.<\/p>\n<p><strong>Eine 20-ml-Flasche reicht f\u00fcr die Behandlung von 300 Litern Aquarienwasser.<\/strong><\/p>\n","protected":false},"excerpt":{"rendered":"<p>eSHa Gdex 20ml has been specially developed against skin and gill flukes (such as Gyrodactylus sp. and Dactylogyrus sp.) and against tapeworms (Cestodes)<\/p>\n","protected":false},"featured_media":84252,"template":"","meta":[],"pwb-brand":[2287],"product_cat":[1390,1432],"product_tag":[],"class_list":{"0":"post-85362","1":"product","2":"type-product","3":"status-publish","4":"has-post-thumbnail","6":"pwb-brand-esha","7":"product_cat-medikamente","8":"product_cat-medikation","10":"first","11":"instock","12":"sale","13":"taxable","14":"shipping-taxable","15":"purchasable","16":"product-type-simple"},"acf":[],"brands":[{"id":2287,"name":"eSHa","slug":"esha"}],"_links":{"self":[{"href":"https:\/\/www.seaflowerstore.com\/de\/wp-json\/wp\/v2\/product\/85362","targetHints":{"allow":["GET"]}}],"collection":[{"href":"https:\/\/www.seaflowerstore.com\/de\/wp-json\/wp\/v2\/product"}],"about":[{"href":"https:\/\/www.seaflowerstore.com\/de\/wp-json\/wp\/v2\/types\/product"}],"wp:featuredmedia":[{"embeddable":true,"href":"https:\/\/www.seaflowerstore.com\/de\/wp-json\/wp\/v2\/media\/84252"}],"wp:attachment":[{"href":"https:\/\/www.seaflowerstore.com\/de\/wp-json\/wp\/v2\/media?parent=85362"}],"wp:term":[{"taxonomy":"pwb-brand","embeddable":true,"href":"https:\/\/www.seaflowerstore.com\/de\/wp-json\/wp\/v2\/pwb-brand?post=85362"},{"taxonomy":"product_cat","embeddable":true,"href":"https:\/\/www.seaflowerstore.com\/de\/wp-json\/wp\/v2\/product_cat?post=85362"},{"taxonomy":"product_tag","embeddable":true,"href":"https:\/\/www.seaflowerstore.com\/de\/wp-json\/wp\/v2\/product_tag?post=85362"}],"curies":[{"name":"wp","href":"https:\/\/api.w.org\/{rel}","templated":true}]}}