{"id":85363,"date":"2022-05-28T15:14:08","date_gmt":"2022-05-28T13:14:34","guid":{"rendered":"https:\/\/www.seaflowerstore.com\/nl\/d-d-jumpguard-flexible-cut-out-set\/"},"modified":"2022-05-28T15:14:08","modified_gmt":"2022-05-28T13:14:34","slug":"d-d-jumpguard-flexible-cut-out-set","status":"publish","type":"product","link":"https:\/\/www.seaflowerstore.com\/de\/d-d-jumpguard-flexible-cut-out-set\/","title":{"rendered":"D-D Jumpguard Flexible Cut Out Set"},"content":{"rendered":"<h2>D-D Jumpguard Flexible Cut Out Set provides you with additional corners for the jumpguard screen<\/h2>\n<p>Das Jumpguard Flexi-Cutout-Set bietet Ihnen mit <strong>2 Standardecken<\/strong> und <strong>2 umgekehrten Ecken<\/strong> die n\u00f6tige Flexibilit\u00e4t. So k\u00f6nnen Sie den Rahmen problemlos um gr\u00f6\u00dfere \u00dcberlaufk\u00e4sten, Lichthalterungen, Kabel oder Rohrleitungen herum anpassen, die m\u00f6glicherweise nicht im Multi-Cutout-Set untergebracht werden k\u00f6nnen.<\/p>\n<p>Jedes Set enth\u00e4lt:<\/p>\n<ul>\n<li>1 Paar Standardecken<\/li>\n<li>1 Paar umgekehrte Ecken<\/li>\n<\/ul>\n<p><strong>Wichtiger Hinweis:<\/strong> Bitte beachten Sie, dass das Einschneiden in den quadratischen Standardrahmen, insbesondere bei gr\u00f6\u00dferen Rahmen, die Steifigkeit verringern kann. Wir empfehlen, nach Bedarf eine oder mehrere Querstreben anzubringen, um die strukturelle Integrit\u00e4t aufrechtzuerhalten.<\/p>\n","protected":false},"excerpt":{"rendered":"<p>D-D Jumpguard Flexible Cut Out Set provides you with additional corners for the jumpguard screen<\/p>\n","protected":false},"featured_media":84250,"template":"","meta":[],"pwb-brand":[2137],"product_cat":[1413],"product_tag":[],"class_list":{"0":"post-85363","1":"product","2":"type-product","3":"status-publish","4":"has-post-thumbnail","6":"pwb-brand-d-d-the-aquarium-solution","7":"product_cat-herausspringschutz","9":"first","10":"instock","11":"sale","12":"taxable","13":"shipping-taxable","14":"purchasable","15":"product-type-simple"},"acf":[],"brands":[{"id":2137,"name":"D-D the aquarium solution","slug":"d-d-the-aquarium-solution"}],"_links":{"self":[{"href":"https:\/\/www.seaflowerstore.com\/de\/wp-json\/wp\/v2\/product\/85363","targetHints":{"allow":["GET"]}}],"collection":[{"href":"https:\/\/www.seaflowerstore.com\/de\/wp-json\/wp\/v2\/product"}],"about":[{"href":"https:\/\/www.seaflowerstore.com\/de\/wp-json\/wp\/v2\/types\/product"}],"wp:featuredmedia":[{"embeddable":true,"href":"https:\/\/www.seaflowerstore.com\/de\/wp-json\/wp\/v2\/media\/84250"}],"wp:attachment":[{"href":"https:\/\/www.seaflowerstore.com\/de\/wp-json\/wp\/v2\/media?parent=85363"}],"wp:term":[{"taxonomy":"pwb-brand","embeddable":true,"href":"https:\/\/www.seaflowerstore.com\/de\/wp-json\/wp\/v2\/pwb-brand?post=85363"},{"taxonomy":"product_cat","embeddable":true,"href":"https:\/\/www.seaflowerstore.com\/de\/wp-json\/wp\/v2\/product_cat?post=85363"},{"taxonomy":"product_tag","embeddable":true,"href":"https:\/\/www.seaflowerstore.com\/de\/wp-json\/wp\/v2\/product_tag?post=85363"}],"curies":[{"name":"wp","href":"https:\/\/api.w.org\/{rel}","templated":true}]}}