{"id":85364,"date":"2022-05-27T10:25:42","date_gmt":"2022-05-27T08:25:42","guid":{"rendered":"https:\/\/www.seaflowerstore.com\/nl\/aquaforest-liquid-foods-pack-4x250ml\/"},"modified":"2022-05-27T10:25:42","modified_gmt":"2022-05-27T08:28:44","slug":"aquaforest-liquid-foods-pack-4x250ml","status":"publish","type":"product","link":"https:\/\/www.seaflowerstore.com\/de\/aquaforest-liquid-foods-pack-4x250ml\/","title":{"rendered":"Aquaforest Liquid Foods Pack 4x250ml"},"content":{"rendered":"<h2>Aquaforest Liquid Foods Pack 4&#215;250 ml complete set of liquid foods provides the highest quality nutrition for fish and corals<\/h2>\n<p>Das Aquaforest Liquid Foods Pack bietet ein komplettes Set an Fl\u00fcssigfutter, das sowohl Fischen als auch Korallen erstklassige N\u00e4hrstoffe liefert. Dieses Paket enth\u00e4lt vier speziell entwickelte Produkte, die auf Grundlage jahrelanger Erfahrung in der Aquaristik hergestellt wurden und Ihnen erm\u00f6glichen, eine ausgewogene und abwechslungsreiche Ern\u00e4hrung f\u00fcr Ihre Wasserfreunde zusammenzustellen.<\/p>\n<ul>\n<li><strong>Liquid Artemia<\/strong> \u2013 Dies dient als hervorragende Grundlage f\u00fcr die Ern\u00e4hrung und beeinflusst die F\u00e4rbung und Entwicklung von Wassertieren positiv. Seine nat\u00fcrliche Zooplanktonzusammensetzung sorgt f\u00fcr eine hervorragende N\u00e4hrstoffaufnahme.<\/li>\n<li><strong>Liquid Mysis<\/strong> \u2013 Dies ist ein ideales Futter f\u00fcr Fische und eignet sich auch wunderbar als Erg\u00e4nzung f\u00fcr LPS-Korallen. Seine einzigartige Formel, angereichert mit Knoblauchextrakt, ist f\u00fcr ihre wohltuende Wirkung auf Meeresorganismen bekannt.<\/li>\n<li><strong>Liquid Vege<\/strong> \u2013 Dies bringt gro\u00dfe Abwechslung in die Ern\u00e4hrung von Allesfressern und dient als hochwertiges Grundfutter f\u00fcr Pflanzenfresser. Mit einer Zusammensetzung auf der Basis von Spinat und Nori-Algen bereichert es die Ern\u00e4hrung perfekt mit Beta-Carotin, Vitaminen und essentiellen Mineralien wie Kalzium, Magnesium, Phosphor, Eisen, Kalium und Jod.<\/li>\n<li><strong>AF Phyto Mix<\/strong> \u2013 Dieses Fl\u00fcssigfutter wurde speziell f\u00fcr weiche und nicht photosynthetische Korallen entwickelt. Basierend auf Zooplankton und Phytoplankton versorgt es Korallen mit allen notwendigen N\u00e4hrstoffen.<\/li>\n<\/ul>\n<p>Aquaforest-Fl\u00fcssigfutter verursacht keine \u00fcberm\u00e4\u00dfige Verschmutzung des Wassers und kann ab der ersten F\u00fctterung problemlos verzehrt werden. Sie sind direkt nach dem \u00d6ffnen gebrauchsfertig, ohne dass Sp\u00fclen oder Auftauen erforderlich ist.<\/p>\n","protected":false},"excerpt":{"rendered":"<p>Aquaforest Liquid Foods Pack 4&#215;250 ml\u00a0complete set of liquid foods provides the highest quality nutrition for fish and corals<\/p>\n","protected":false},"featured_media":84248,"template":"","meta":[],"pwb-brand":[2199],"product_cat":[1438,1414],"product_tag":[],"class_list":{"0":"post-85364","1":"product","2":"type-product","3":"status-publish","4":"has-post-thumbnail","6":"pwb-brand-aquaforest","7":"product_cat-fischfutter","8":"product_cat-aquaforest-de","10":"first","11":"outofstock","12":"sale","13":"taxable","14":"shipping-taxable","15":"purchasable","16":"product-type-simple"},"acf":[],"brands":[{"id":2199,"name":"Aquaforest","slug":"aquaforest"}],"_links":{"self":[{"href":"https:\/\/www.seaflowerstore.com\/de\/wp-json\/wp\/v2\/product\/85364","targetHints":{"allow":["GET"]}}],"collection":[{"href":"https:\/\/www.seaflowerstore.com\/de\/wp-json\/wp\/v2\/product"}],"about":[{"href":"https:\/\/www.seaflowerstore.com\/de\/wp-json\/wp\/v2\/types\/product"}],"wp:featuredmedia":[{"embeddable":true,"href":"https:\/\/www.seaflowerstore.com\/de\/wp-json\/wp\/v2\/media\/84248"}],"wp:attachment":[{"href":"https:\/\/www.seaflowerstore.com\/de\/wp-json\/wp\/v2\/media?parent=85364"}],"wp:term":[{"taxonomy":"pwb-brand","embeddable":true,"href":"https:\/\/www.seaflowerstore.com\/de\/wp-json\/wp\/v2\/pwb-brand?post=85364"},{"taxonomy":"product_cat","embeddable":true,"href":"https:\/\/www.seaflowerstore.com\/de\/wp-json\/wp\/v2\/product_cat?post=85364"},{"taxonomy":"product_tag","embeddable":true,"href":"https:\/\/www.seaflowerstore.com\/de\/wp-json\/wp\/v2\/product_tag?post=85364"}],"curies":[{"name":"wp","href":"https:\/\/api.w.org\/{rel}","templated":true}]}}