{"id":85366,"date":"2022-05-24T17:47:55","date_gmt":"2022-05-24T16:00:13","guid":{"rendered":"https:\/\/www.seaflowerstore.com\/nl\/arka-core-hang-on-150-skimmer\/"},"modified":"2022-05-24T17:47:55","modified_gmt":"2022-05-24T16:00:13","slug":"arka-core-hang-on-150-skimmer","status":"publish","type":"product","link":"https:\/\/www.seaflowerstore.com\/de\/arka-core-hang-on-150-skimmer\/","title":{"rendered":"ARKA Core Hang-On 150 skimmer"},"content":{"rendered":"<h2>ARKA Core Hang-On 150 skimmer 50 &#8211; 150 liter the space-saving solution for every aquarium!<\/h2>\n<p><strong>Was macht die ARKA Core Hang-On-Skimmer so besonders?<\/strong><\/p>\n<ul>\n<li>Kompakter Skimmer zum Aufh\u00e4ngen an Ihrem Aquarium<\/li>\n<li>Fortschrittliche Blasenkammer, die Turbulenzen reduziert und eine stabile laminare Str\u00f6mung gew\u00e4hrleistet<\/li>\n<li>Speziell entwickelte, hochwertige Sicce-Pumpe \u2013 Made in Italy<\/li>\n<li>Effizient, langlebig und zuverl\u00e4ssig<\/li>\n<li>Einfache Bedienung<\/li>\n<li>Leise und energieeffizient<\/li>\n<li>Einfache Wartung<\/li>\n<li>Speziell entwickelter Auffangbeh\u00e4lter f\u00fcr einfache Reinigung und zur Vermeidung von Algenbildung<\/li>\n<\/ul>\n<p><strong>Die ARKA Core Hang-On-Skimmer sind aus hochglanzpoliertem gegossenem Zellacrylglas gefertigt und enthalten erstklassige Komponenten wie:<\/strong><\/p>\n<ul>\n<li>Fortschrittliche Blasenkammer<\/li>\n<li>Kompakter Luftschalld\u00e4mpfer<\/li>\n<li>Eigens entwickeltes Nadelrad<\/li>\n<li>Fl\u00fcsterleise und hocheffiziente Qualit\u00e4tspumpe<\/li>\n<li>Leicht verstellbare Halterung<\/li>\n<\/ul>\n<p><strong>Ein Riff in Ihrem Wohnzimmer \u2013 eine ger\u00e4uscharme Kulisse<\/strong><\/p>\n<p>Die ARKA Core Hang-On Skimmer sind speziell f\u00fcr den Einsatz in Wohnr\u00e4umen konzipiert. Der eingebaute Lufteinlassschalld\u00e4mpfer minimiert die Ger\u00e4uschentwicklung f\u00fcr einen nahezu ger\u00e4uschlosen Betrieb.<\/p>\n<div>\n<h2>Produktdetails<\/h2>\n<ul>\n<li><strong>Abmessungen:<\/strong> ~ 16,5 \u00d7 15,5 \u00d7 41 cm<\/li>\n<li><strong>Empfohlene Aquariengr\u00f6\u00dfe:<\/strong> ca. 50 \u2013 150 l<\/li>\n<li><strong>Energieverbrauch:<\/strong> 4,4 W<\/li>\n<li><strong>Mindesth\u00f6he des Beckens:<\/strong> 255 mm<\/li>\n<li><strong>Freiraumbedarf zur Entnahme des Auffangbechers:<\/strong> min. 280 mm<\/li>\n<li><strong>Platzbedarf au\u00dferhalb des Aquariums:<\/strong> ~ 10 cm<\/li>\n<li><strong>Maximale Glasdicke:<\/strong> <span style=\"color: #555555;font-size: 14.4px\">2 cm<\/span><\/li>\n<\/ul>\n<p>Detaillierte Informationen finden Sie im <a href=\"https:\/\/www.arka-biotech.de\/fileadmin\/dokumente\/Anleitungen\/Anleitung_ARKA_Core_Hang-On_150.pdf\" target=\"_blank\" rel=\"noopener nofollow\">Handbuch<\/a>.<\/p>\n<\/div>\n","protected":false},"excerpt":{"rendered":"<p>ARKA Core Hang-On 150 skimmer 50 &#8211; 150 liter the space-saving solution for every aquarium!<\/p>\n","protected":false},"featured_media":84244,"template":"","meta":[],"pwb-brand":[2253],"product_cat":[1494],"product_tag":[],"class_list":{"0":"post-85366","1":"product","2":"type-product","3":"status-publish","4":"has-post-thumbnail","6":"pwb-brand-arka","7":"product_cat-eiwitafschuerzen","9":"first","10":"outofstock","11":"taxable","12":"shipping-taxable","13":"purchasable","14":"product-type-simple"},"acf":[],"brands":[{"id":2253,"name":"Arka","slug":"arka"}],"_links":{"self":[{"href":"https:\/\/www.seaflowerstore.com\/de\/wp-json\/wp\/v2\/product\/85366","targetHints":{"allow":["GET"]}}],"collection":[{"href":"https:\/\/www.seaflowerstore.com\/de\/wp-json\/wp\/v2\/product"}],"about":[{"href":"https:\/\/www.seaflowerstore.com\/de\/wp-json\/wp\/v2\/types\/product"}],"wp:featuredmedia":[{"embeddable":true,"href":"https:\/\/www.seaflowerstore.com\/de\/wp-json\/wp\/v2\/media\/84244"}],"wp:attachment":[{"href":"https:\/\/www.seaflowerstore.com\/de\/wp-json\/wp\/v2\/media?parent=85366"}],"wp:term":[{"taxonomy":"pwb-brand","embeddable":true,"href":"https:\/\/www.seaflowerstore.com\/de\/wp-json\/wp\/v2\/pwb-brand?post=85366"},{"taxonomy":"product_cat","embeddable":true,"href":"https:\/\/www.seaflowerstore.com\/de\/wp-json\/wp\/v2\/product_cat?post=85366"},{"taxonomy":"product_tag","embeddable":true,"href":"https:\/\/www.seaflowerstore.com\/de\/wp-json\/wp\/v2\/product_tag?post=85366"}],"curies":[{"name":"wp","href":"https:\/\/api.w.org\/{rel}","templated":true}]}}