{"id":85367,"date":"2022-05-24T17:07:36","date_gmt":"2022-05-24T15:07:36","guid":{"rendered":"https:\/\/www.seaflowerstore.com\/nl\/red-sea-reef-energy-ab-5000ml\/"},"modified":"2023-10-02T12:26:54","modified_gmt":"2023-10-02T10:26:54","slug":"red-sea-reef-energy-ab-5000ml","status":"publish","type":"product","link":"https:\/\/www.seaflowerstore.com\/de\/red-sea-reef-energy-ab-5000ml\/","title":{"rendered":"Red Sea Reef Energy AB+ 5000ml"},"content":{"rendered":"<h2>Red Sea Reef Energy AB+ 5000ml All-In-One Coral Superfood<\/h2>\n<p>Wir stellen Ihnen ein All-in-One-Superfood vor, das Ihre Korallen definitiv zu sch\u00e4tzen wissen werden! Dieses Produkt f\u00f6rdert besseres Wachstum, h\u00f6here Widerstandsf\u00e4higkeit und leuchtendere Farben und ist gleichzeitig benutzerfreundlich mit automatischen Dosierern und minimalem \u00dcbersch\u00e4umen.<\/p>\n<p>Basierend auf unseren umfangreichen Untersuchungen ist Reef Energy Plus ein verbessertes Erg\u00e4nzungsmittel, das alle wichtigen N\u00e4hrstoffe liefert, die Weichkorallen, LPS- und SPS-Korallen sowie nicht-photosynthetische Korallen f\u00fcr ihre Vitalit\u00e4t, ihr Wachstum und ihre F\u00e4rbung ben\u00f6tigen.<\/p>\n<p><strong>Maximales Wachstum<\/strong><\/p>\n<p>Mit Reef Energy Plus gedeihen Ihre Korallen sogar noch besser als mit der urspr\u00fcnglichen zweiteiligen Formel. Unsere langfristigen Labortests haben eine bemerkenswerte Steigerung der Wachstumsrate um 15 % mit Reef Energy Plus gezeigt.<\/p>\n<p><strong>Benutzerfreundlichkeit mit automatischer Dosierung<\/strong><\/p>\n<p>Das F\u00fcttern Ihrer Korallen war noch nie so einfach. Sie k\u00f6nnen Ihren Korallen ganz einfach einen automatischen Dosierer verwenden, um Reef Energy Plus zu verabreichen. Die <strong>neue All-in-One-Formel kann bis zu einer Woche ungek\u00fchlt und unger\u00fchrt aufbewahrt werden, ohne dass die Wirksamkeit der Komponenten beeintr\u00e4chtigt wird. Nach dem \u00d6ffnen sollte das Produkt jedoch gek\u00fchlt aufbewahrt werden und kann nach der ersten Verwendung bis zu einem Jahr lang gelagert werden.<\/strong> Um ein Verderben zu verhindern, lassen Sie Reef Energy Plus bitte nicht l\u00e4nger als eine Woche ungek\u00fchlt stehen und waschen Sie den Dosierbeh\u00e4lter zwischen den Nachf\u00fcllungen unbedingt mit Seifenlauge.<\/p>\n<p><strong>Minimale \u00dcberabsch\u00e4umung<\/strong><\/p>\n<p>Diese neue Formel reduziert effektiv die \u00dcberabsch\u00e4umung nach der F\u00fctterung.<\/p>\n<p><strong>H\u00f6chste energetische Effizienz<\/strong><\/p>\n<p>Reef Energy Plus enth\u00e4lt einen organischen Komplex aus gel\u00f6sten und suspendierten einfachen Bausteinen, darunter Kohlenhydrate, Aminos\u00e4uren, Fetts\u00e4uren und Vitamine. Dies erm\u00f6glicht eine direkte Absorption und Nutzung durch die Korallen und sorgt f\u00fcr h\u00f6chste energetische Effizienz.<\/p>\n<p><strong>Keine Restabf\u00e4lle<\/strong><\/p>\n<p>Jeder Inhaltsstoff in Reef Energy Plus wird von den Korallen f\u00fcr ihre Stoffwechselprozesse wie Proteinproduktion und Weichgeweberegeneration genutzt. Das bedeutet, dass Ihr Aquarium nicht durch unn\u00f6tige organische Abf\u00e4lle verschmutzt wird.<\/p>\n<p>* Wenn Sie LED-Beleuchtung verwenden, sollten Sie eine Erh\u00f6hung der Dosis in Betracht ziehen, wenn die Korallen nicht wachsen, auch wenn keine Anzeichen einer Photoinhibition vorliegen.<\/p>\n","protected":false},"excerpt":{"rendered":"<p>Red Sea Reef Energy AB+ 5000ml All-In-One Coral Superfood<\/p>\n","protected":false},"featured_media":84243,"template":"","meta":[],"pwb-brand":[2125],"product_cat":[1391,1404],"product_tag":[],"class_list":{"0":"post-85367","1":"product","2":"type-product","3":"status-publish","4":"has-post-thumbnail","6":"pwb-brand-red-sea","7":"product_cat-ergaenzungen","8":"product_cat-redsea-de","10":"first","11":"instock","12":"sale","13":"taxable","14":"shipping-taxable","15":"purchasable","16":"product-type-simple"},"acf":[],"brands":[{"id":2125,"name":"Red Sea","slug":"red-sea"}],"_links":{"self":[{"href":"https:\/\/www.seaflowerstore.com\/de\/wp-json\/wp\/v2\/product\/85367","targetHints":{"allow":["GET"]}}],"collection":[{"href":"https:\/\/www.seaflowerstore.com\/de\/wp-json\/wp\/v2\/product"}],"about":[{"href":"https:\/\/www.seaflowerstore.com\/de\/wp-json\/wp\/v2\/types\/product"}],"wp:featuredmedia":[{"embeddable":true,"href":"https:\/\/www.seaflowerstore.com\/de\/wp-json\/wp\/v2\/media\/84243"}],"wp:attachment":[{"href":"https:\/\/www.seaflowerstore.com\/de\/wp-json\/wp\/v2\/media?parent=85367"}],"wp:term":[{"taxonomy":"pwb-brand","embeddable":true,"href":"https:\/\/www.seaflowerstore.com\/de\/wp-json\/wp\/v2\/pwb-brand?post=85367"},{"taxonomy":"product_cat","embeddable":true,"href":"https:\/\/www.seaflowerstore.com\/de\/wp-json\/wp\/v2\/product_cat?post=85367"},{"taxonomy":"product_tag","embeddable":true,"href":"https:\/\/www.seaflowerstore.com\/de\/wp-json\/wp\/v2\/product_tag?post=85367"}],"curies":[{"name":"wp","href":"https:\/\/api.w.org\/{rel}","templated":true}]}}