{"id":85368,"date":"2022-05-24T16:29:58","date_gmt":"2022-05-24T14:37:40","guid":{"rendered":"https:\/\/www.seaflowerstore.com\/nl\/hanna-hi70024s-calibration-solution-salinity-1x\/"},"modified":"2025-04-20T20:15:57","modified_gmt":"2025-04-20T18:15:57","slug":"hanna-hi70024s-calibration-solution-salinity-1x","status":"publish","type":"product","link":"https:\/\/www.seaflowerstore.com\/de\/hanna-hi70024s-calibration-solution-salinity-1x\/","title":{"rendered":"Hanna HI70024s Calibration Solution Salinity (1x)"},"content":{"rendered":"<h2>Hanna HI70024s Calibration Solution Salinity (1x)<\/h2>\n<p><strong>Hanna HI70024s Kalibrierfl\u00fcssigkeit<\/strong> ist f\u00fcr die Verwendung mit dem HI98319-Salzgehaltstester konzipiert und bietet einen Salzgehalt von 35,00 PPT. Diese Kalibrierl\u00f6sung ist f\u00fcr genaue Messungen in Meerwasser unerl\u00e4sslich.<\/p>\n<p>Der Beutel enth\u00e4lt <strong>20 ml<\/strong> Kalibrierl\u00f6sung und ist somit praktisch f\u00fcr Ihre Testanforderungen.<\/p>\n","protected":false},"excerpt":{"rendered":"<p>Hanna HI70024s Calibration fluid 35.00 PPT 1x bag of 20 ml for the HI98319 Salinity tester<\/p>\n","protected":false},"featured_media":82470,"template":"","meta":[],"pwb-brand":[2229],"product_cat":[1399],"product_tag":[],"class_list":{"0":"post-85368","1":"product","2":"type-product","3":"status-publish","4":"has-post-thumbnail","6":"pwb-brand-hanna-instruments","7":"product_cat-referenz-fluessigkeiten","9":"first","10":"outofstock","11":"taxable","12":"shipping-taxable","13":"purchasable","14":"product-type-simple"},"acf":[],"brands":[{"id":2229,"name":"Hanna Instruments","slug":"hanna-instruments"}],"_links":{"self":[{"href":"https:\/\/www.seaflowerstore.com\/de\/wp-json\/wp\/v2\/product\/85368","targetHints":{"allow":["GET"]}}],"collection":[{"href":"https:\/\/www.seaflowerstore.com\/de\/wp-json\/wp\/v2\/product"}],"about":[{"href":"https:\/\/www.seaflowerstore.com\/de\/wp-json\/wp\/v2\/types\/product"}],"wp:featuredmedia":[{"embeddable":true,"href":"https:\/\/www.seaflowerstore.com\/de\/wp-json\/wp\/v2\/media\/82470"}],"wp:attachment":[{"href":"https:\/\/www.seaflowerstore.com\/de\/wp-json\/wp\/v2\/media?parent=85368"}],"wp:term":[{"taxonomy":"pwb-brand","embeddable":true,"href":"https:\/\/www.seaflowerstore.com\/de\/wp-json\/wp\/v2\/pwb-brand?post=85368"},{"taxonomy":"product_cat","embeddable":true,"href":"https:\/\/www.seaflowerstore.com\/de\/wp-json\/wp\/v2\/product_cat?post=85368"},{"taxonomy":"product_tag","embeddable":true,"href":"https:\/\/www.seaflowerstore.com\/de\/wp-json\/wp\/v2\/product_tag?post=85368"}],"curies":[{"name":"wp","href":"https:\/\/api.w.org\/{rel}","templated":true}]}}