{"id":85369,"date":"2022-05-24T15:25:15","date_gmt":"2022-05-24T13:25:40","guid":{"rendered":"https:\/\/www.seaflowerstore.com\/nl\/hanna-hi98127-phep4\/"},"modified":"2022-05-24T15:25:15","modified_gmt":"2022-05-24T13:25:40","slug":"hanna-hi98127-phep4","status":"publish","type":"product","link":"https:\/\/www.seaflowerstore.com\/de\/hanna-hi98127-phep4\/","title":{"rendered":"Hanna HI98127 pHep4"},"content":{"rendered":"<h2>Hanna HI98127 pHep4<\/h2>\n<p>Der Hanna HI98127 pHep4 ist ein fantastischer pH- und Temperaturtester im Taschenformat f\u00fcr den Einsatz in S\u00fc\u00dfwasser. Er ist wasserdicht und schwimmt sogar, was ihn unglaublich benutzerfreundlich macht. Dieses Ger\u00e4t bietet eine beeindruckende Palette an Funktionen, die f\u00fcr seine Kategorie bemerkenswert sind.<\/p>\n<ul>\n<li><strong>Gleichzeitiges Ablesen<\/strong> von pH und \u00b0C<\/li>\n<li><strong>Gro\u00dfes Display<\/strong> f\u00fcr einfaches Ablesen<\/li>\n<li><strong>Pr\u00e4zision:<\/strong> 0,1 pH<\/li>\n<li><strong>Austauschbare Elektrode<\/strong><\/li>\n<li><strong>Automatische Kalibrierung<\/strong> durch 2 im Speicher abgelegte Pufferwerte<\/li>\n<li><strong>Automatische Temperaturkompensation<\/strong><\/li>\n<li><strong>Stabile Messwertanzeige<\/strong><\/li>\n<li><strong>Batteriestatus-<\/strong>&#8211; und Auto-Off-Anzeige inklusive<\/li>\n<\/ul>\n<p><strong>Messbereich:<\/strong><\/p>\n<p><strong>pH:<\/strong> -2,00 bis 16,00 pH<\/p>\n<p><strong>Temperatur:<\/strong> -5,0\u00b0 bis 60,0\u00b0C<\/p>\n<p><strong>Pr\u00e4zision:<\/strong> pH \u00b10,1 pH<\/p>\n<p><strong>Temperatur:<\/strong> \u00b10,5 \u00b0C<\/p>\n<p><strong>Kalibrierung:<\/strong> Automatische Erkennung von 2 im Speicher abgelegten Pufferwerten mit automatischer 2-Punkt-Kalibrierung.<\/p>\n<p><strong>Temperaturkompensation:<\/strong> Automatisch von 0,0\u00b0 bis 60\u00b0C<\/p>\n<p><strong>Stromversorgung:<\/strong> Betrieb mit 4 Batterien, 1,5 V AA<\/p>\n<p><strong>Abmessungen:<\/strong> 163 x 40 x 26 mm<\/p>\n<p><strong>Gewicht:<\/strong> 100 g<\/p>\n","protected":false},"excerpt":{"rendered":"<p>Hanna HI98127 pH and Temperature Tester pHep4 for Freshwater<\/p>\n","protected":false},"featured_media":84240,"template":"","meta":[],"pwb-brand":[2229],"product_cat":[1446],"product_tag":[],"class_list":{"0":"post-85369","1":"product","2":"type-product","3":"status-publish","4":"has-post-thumbnail","6":"pwb-brand-hanna-instruments","7":"product_cat-testers-de","9":"first","10":"instock","11":"taxable","12":"shipping-taxable","13":"purchasable","14":"product-type-simple"},"acf":[],"brands":[{"id":2229,"name":"Hanna Instruments","slug":"hanna-instruments"}],"_links":{"self":[{"href":"https:\/\/www.seaflowerstore.com\/de\/wp-json\/wp\/v2\/product\/85369","targetHints":{"allow":["GET"]}}],"collection":[{"href":"https:\/\/www.seaflowerstore.com\/de\/wp-json\/wp\/v2\/product"}],"about":[{"href":"https:\/\/www.seaflowerstore.com\/de\/wp-json\/wp\/v2\/types\/product"}],"wp:featuredmedia":[{"embeddable":true,"href":"https:\/\/www.seaflowerstore.com\/de\/wp-json\/wp\/v2\/media\/84240"}],"wp:attachment":[{"href":"https:\/\/www.seaflowerstore.com\/de\/wp-json\/wp\/v2\/media?parent=85369"}],"wp:term":[{"taxonomy":"pwb-brand","embeddable":true,"href":"https:\/\/www.seaflowerstore.com\/de\/wp-json\/wp\/v2\/pwb-brand?post=85369"},{"taxonomy":"product_cat","embeddable":true,"href":"https:\/\/www.seaflowerstore.com\/de\/wp-json\/wp\/v2\/product_cat?post=85369"},{"taxonomy":"product_tag","embeddable":true,"href":"https:\/\/www.seaflowerstore.com\/de\/wp-json\/wp\/v2\/product_tag?post=85369"}],"curies":[{"name":"wp","href":"https:\/\/api.w.org\/{rel}","templated":true}]}}