{"id":85371,"date":"2022-05-24T14:22:17","date_gmt":"2022-05-24T12:23:45","guid":{"rendered":"https:\/\/www.seaflowerstore.com\/nl\/hanna-hi97105-11-cal-check-standards-for-hi97105\/"},"modified":"2022-05-24T14:22:17","modified_gmt":"2022-05-24T12:23:45","slug":"hanna-hi97105-11-cal-check-standards-for-hi97105","status":"publish","type":"product","link":"https:\/\/www.seaflowerstore.com\/de\/hanna-hi97105-11-cal-check-standards-for-hi97105\/","title":{"rendered":"Hanna HI97105-11 CAL Check Standards for HI97105"},"content":{"rendered":"<h2>Hanna HI97105-11 CAL Check Standards to calibrate the HI97105<\/h2>\n<p>Der <strong>CAL CheckTM<\/strong> ist ein universeller Standard, der f\u00fcr das <strong>HI97105 Photometer Marine Master<\/strong> NIST-r\u00fcckf\u00fchrbar ist. F\u00fcr Benutzer von Hanna Instruments-Photometern ist es wichtig, ihre Ger\u00e4te regelm\u00e4\u00dfig mit den Hanna CAL CheckTM-Standards zu validieren.<\/p>\n<p>Die neue HI971xxx-Serie bietet jetzt eine automatische Option zur Kalibrierung, wenn die Validierung nicht erfolgreich abgeschlossen wird.<\/p>\n<p><strong>Hinweis:<\/strong> Dieser universelle Standard ist nicht in den Messger\u00e4te-Kits HI97105 und HI97105C enthalten und muss separat bestellt werden.<\/p>\n","protected":false},"excerpt":{"rendered":"<p>Hanna HI97105-11 CAL Check Standards to calibrate the HI97105<\/p>\n","protected":false},"featured_media":84237,"template":"","meta":[],"pwb-brand":[2229],"product_cat":[1399,1400],"product_tag":[],"class_list":{"0":"post-85371","1":"product","2":"type-product","3":"status-publish","4":"has-post-thumbnail","6":"pwb-brand-hanna-instruments","7":"product_cat-referenz-fluessigkeiten","8":"product_cat-tester","10":"first","11":"outofstock","12":"taxable","13":"shipping-taxable","14":"purchasable","15":"product-type-simple"},"acf":[],"brands":[{"id":2229,"name":"Hanna Instruments","slug":"hanna-instruments"}],"_links":{"self":[{"href":"https:\/\/www.seaflowerstore.com\/de\/wp-json\/wp\/v2\/product\/85371","targetHints":{"allow":["GET"]}}],"collection":[{"href":"https:\/\/www.seaflowerstore.com\/de\/wp-json\/wp\/v2\/product"}],"about":[{"href":"https:\/\/www.seaflowerstore.com\/de\/wp-json\/wp\/v2\/types\/product"}],"wp:featuredmedia":[{"embeddable":true,"href":"https:\/\/www.seaflowerstore.com\/de\/wp-json\/wp\/v2\/media\/84237"}],"wp:attachment":[{"href":"https:\/\/www.seaflowerstore.com\/de\/wp-json\/wp\/v2\/media?parent=85371"}],"wp:term":[{"taxonomy":"pwb-brand","embeddable":true,"href":"https:\/\/www.seaflowerstore.com\/de\/wp-json\/wp\/v2\/pwb-brand?post=85371"},{"taxonomy":"product_cat","embeddable":true,"href":"https:\/\/www.seaflowerstore.com\/de\/wp-json\/wp\/v2\/product_cat?post=85371"},{"taxonomy":"product_tag","embeddable":true,"href":"https:\/\/www.seaflowerstore.com\/de\/wp-json\/wp\/v2\/product_tag?post=85371"}],"curies":[{"name":"wp","href":"https:\/\/api.w.org\/{rel}","templated":true}]}}