{"id":85372,"date":"2022-05-24T13:50:53","date_gmt":"2022-05-24T11:54:43","guid":{"rendered":"https:\/\/www.seaflowerstore.com\/nl\/arka-core-cff-1-filter-roll-refill-25-m\/"},"modified":"2022-05-24T13:50:53","modified_gmt":"2022-05-24T11:54:43","slug":"arka-core-cff-1-filter-roll-refill-25-m","status":"publish","type":"product","link":"https:\/\/www.seaflowerstore.com\/de\/arka-core-cff-1-filter-roll-refill-25-m\/","title":{"rendered":"ARKA Core CFF-1 FILTER ROLL REFILL &#8211; 25 m"},"content":{"rendered":"<h2>ARKA Core CFF-1 FILTER ROLL REFILL &#8211; 25 m<\/h2>\n<p>Dies ist die Ersatz-Vliesfilterrolle f\u00fcr den Arka CFF-1 Vliesfilter. Bei diesem Zubeh\u00f6r handelt es sich um eine speziell gefertigte ARKA\u00ae Core Vlies-FILTERROLLE, die f\u00fcr das automatische Aufrollen von Filtermedien (Vlies) entwickelt wurde, die im ARKA\u00ae Core Vliesfilter CFF-1 verwendet werden, einem Feinfilter.<\/p>\n<p>Sie ist sowohl f\u00fcr Salzwasser- als auch f\u00fcr S\u00fc\u00dfwasseraquarien geeignet. Die integrierte Vliesrolle filtert organische R\u00fcckst\u00e4nde effektiv aus dem Wasser, noch bevor der Zersetzungsprozess beginnt. So bleibt Ihr Aquarium sauber und gesund.<\/p>\n<p>Der ARKA\u00ae Core Vliesfilter CFF-1 wird mit einer Filterrolle geliefert, die nach und nach und automatisch etwa 25 Meter Vlies aufrollt und als eigentliches Filtermedium fungiert. Je nach Wasserqualit\u00e4t und Biolast arbeitet dieses Duo etwa ein bis zwei Monate lang effizient.<\/p>\n<p>Der Austausch alter oder gebrauchter Filtermedien oder -rollen ist schnell und unkompliziert und erfordert nur minimalen Wartungsaufwand. Genie\u00dfen Sie ein problemloses Erlebnis und halten Sie Ihr Aquarium in Topform!<\/p>\n","protected":false},"excerpt":{"rendered":"<p>Replacement Fleece Filter Roll for Arka CFF-1 Fleece Filter<\/p>\n","protected":false},"featured_media":84236,"template":"","meta":[],"pwb-brand":[2253],"product_cat":[1495,1403],"product_tag":[],"class_list":{"0":"post-85372","1":"product","2":"type-product","3":"status-publish","4":"has-post-thumbnail","6":"pwb-brand-arka","7":"product_cat-aquariumfilter","8":"product_cat-beutel-filterung","10":"first","11":"instock","12":"taxable","13":"shipping-taxable","14":"purchasable","15":"product-type-simple"},"acf":[],"brands":[{"id":2253,"name":"Arka","slug":"arka"}],"_links":{"self":[{"href":"https:\/\/www.seaflowerstore.com\/de\/wp-json\/wp\/v2\/product\/85372","targetHints":{"allow":["GET"]}}],"collection":[{"href":"https:\/\/www.seaflowerstore.com\/de\/wp-json\/wp\/v2\/product"}],"about":[{"href":"https:\/\/www.seaflowerstore.com\/de\/wp-json\/wp\/v2\/types\/product"}],"wp:featuredmedia":[{"embeddable":true,"href":"https:\/\/www.seaflowerstore.com\/de\/wp-json\/wp\/v2\/media\/84236"}],"wp:attachment":[{"href":"https:\/\/www.seaflowerstore.com\/de\/wp-json\/wp\/v2\/media?parent=85372"}],"wp:term":[{"taxonomy":"pwb-brand","embeddable":true,"href":"https:\/\/www.seaflowerstore.com\/de\/wp-json\/wp\/v2\/pwb-brand?post=85372"},{"taxonomy":"product_cat","embeddable":true,"href":"https:\/\/www.seaflowerstore.com\/de\/wp-json\/wp\/v2\/product_cat?post=85372"},{"taxonomy":"product_tag","embeddable":true,"href":"https:\/\/www.seaflowerstore.com\/de\/wp-json\/wp\/v2\/product_tag?post=85372"}],"curies":[{"name":"wp","href":"https:\/\/api.w.org\/{rel}","templated":true}]}}