{"id":85373,"date":"2022-05-24T13:07:01","date_gmt":"2022-05-24T11:19:44","guid":{"rendered":"https:\/\/www.seaflowerstore.com\/nl\/arka-core-cff-1-fleece-filter-for-up-to-5000-l-h\/"},"modified":"2022-05-24T13:07:01","modified_gmt":"2022-05-24T11:19:44","slug":"arka-core-cff-1-fleece-filter-for-up-to-5000-l-h","status":"publish","type":"product","link":"https:\/\/www.seaflowerstore.com\/de\/arka-core-cff-1-fleece-filter-for-up-to-5000-l-h\/","title":{"rendered":"ARKA Core CFF-1 Fleece Filter for up to 5000 L\/h"},"content":{"rendered":"<h2>ARKA Core CFF-1 Fleece Filter for up to 5000 L\/h<\/h2>\n<p>Der ARKA\u00ae Kernvliesfilter \u201eCFF-1\u201c ist ein speziell entwickelter, automatischer Feinfilter, der sowohl f\u00fcr Meerwasser- als auch S\u00fc\u00dfwasseraquarien geeignet ist. Dieser innovative Filter entfernt mithilfe einer integrierten Feinvliesrolle effektiv organische Verunreinigungen aus dem Wasser und sorgt so daf\u00fcr, dass Verunreinigungen aus dem Aquarium entfernt werden, bevor sie sich zersetzen k\u00f6nnen.<\/p>\n<p>Wenn das verunreinigte Wasser durch das Vlies flie\u00dft, gelangt es sauber und klar zur\u00fcck ins Aquarium. Wenn das Vlies mit Schmutz verstopft ist, verlangsamt sich der Wasserfluss, wodurch der Wasserstand im ARKA\u00ae Kernvliesfilter \u201eCFF-1\u201c steigt. Ein Schwimmerschalter aktiviert den Motor, sobald der Wasserstand einen bestimmten Pegel erreicht hat, und l\u00e4sst ihn die Vliesrolle ein wenig weiter aufwickeln, bis der Wasserstand wieder sinkt.<\/p>\n<p>Der Filter wird mit einer etwa 25 Meter langen Vliesrolle geliefert, die je nach Wasserqualit\u00e4t und Biolast etwa 1 bis 2 Monate halten kann. Wenn die Filterrolle aufgebraucht ist, kann sie einfach entfernt und durch eine neue ersetzt werden. <strong>Dadurch wird der Wartungsaufwand auf ein Minimum reduziert!<\/strong><\/p>\n<p><strong>Was zeichnet den ARKA\u00ae Core Vliesfilter \u201eCFF-1\u201c aus?<\/strong><\/p>\n<ul>\n<li>Hohe Filterleistung dank feinem Vlies<\/li>\n<li>Automatisches Aufrollen des verschmutzten Vliesfilters<\/li>\n<li>Geringere Wartung und reduzierte Filterreinigung<\/li>\n<li>Verstellbare Halterung f\u00fcr einfache Montage<\/li>\n<li>Benutzerfreundlich und leicht zu reinigen<\/li>\n<li>Effiziente, langlebige und zuverl\u00e4ssige Leistung<\/li>\n<li>Separater Schlauchanschluss zum Entfernen von Detritus aus dem Aquarium<\/li>\n<li>Individuell einstellbare Schmutzwasserzufuhr (360\u00b0 drehbar)<\/li>\n<li>Leiser Betrieb und energieeffizient<\/li>\n<li>Einfache Wartung<\/li>\n<\/ul>\n<h2>Produktdetails<\/h2>\n<ul>\n<li><strong>Artikel: <\/strong>CFF1<\/li>\n<li><strong>Ma\u00dfe: <\/strong>Ca. 33 \u00d7 42 \u00d7 23 cm<\/li>\n<li><strong>Empfohlene Durchflussmenge: <\/strong>Bis zu 5000 l\/h<\/li>\n<li><strong>Zulauf: <\/strong>50 mm \/ 1,5\u201c Gewinde<\/li>\n<li><strong>Optimale Wassertiefe: <\/strong>100 \u2013 170 mm (gemessen von der Ger\u00e4teunterseite)<\/li>\n<li><strong>Vliesrolle: <\/strong>Breite: 152 mm, L\u00e4nge: 25 m, Mikron: 50 \u00b5<\/li>\n<\/ul>\n<p>Detailliertere Informationen finden Sie im <a href=\"https:\/\/www.arka-biotech.de\/fileadmin\/dokumente\/Anleitungen\/Anleitung_ARKA_Core_CFF-1.pdf\" target=\"_blank\" rel=\"noopener nofollow\">manual<\/a>.<\/p>\n","protected":false},"excerpt":{"rendered":"<p>ARKA Core CFF-1 Fleece Filter for up to 5000 L\/h is a specially developed, automatic fine filter for all salt- and freshwater aquariums<\/p>\n","protected":false},"featured_media":84233,"template":"","meta":[],"pwb-brand":[2253],"product_cat":[1403],"product_tag":[],"class_list":{"0":"post-85373","1":"product","2":"type-product","3":"status-publish","4":"has-post-thumbnail","6":"pwb-brand-arka","7":"product_cat-beutel-filterung","9":"first","10":"instock","11":"taxable","12":"shipping-taxable","13":"purchasable","14":"product-type-simple"},"acf":[],"brands":[{"id":2253,"name":"Arka","slug":"arka"}],"_links":{"self":[{"href":"https:\/\/www.seaflowerstore.com\/de\/wp-json\/wp\/v2\/product\/85373","targetHints":{"allow":["GET"]}}],"collection":[{"href":"https:\/\/www.seaflowerstore.com\/de\/wp-json\/wp\/v2\/product"}],"about":[{"href":"https:\/\/www.seaflowerstore.com\/de\/wp-json\/wp\/v2\/types\/product"}],"wp:featuredmedia":[{"embeddable":true,"href":"https:\/\/www.seaflowerstore.com\/de\/wp-json\/wp\/v2\/media\/84233"}],"wp:attachment":[{"href":"https:\/\/www.seaflowerstore.com\/de\/wp-json\/wp\/v2\/media?parent=85373"}],"wp:term":[{"taxonomy":"pwb-brand","embeddable":true,"href":"https:\/\/www.seaflowerstore.com\/de\/wp-json\/wp\/v2\/pwb-brand?post=85373"},{"taxonomy":"product_cat","embeddable":true,"href":"https:\/\/www.seaflowerstore.com\/de\/wp-json\/wp\/v2\/product_cat?post=85373"},{"taxonomy":"product_tag","embeddable":true,"href":"https:\/\/www.seaflowerstore.com\/de\/wp-json\/wp\/v2\/product_tag?post=85373"}],"curies":[{"name":"wp","href":"https:\/\/api.w.org\/{rel}","templated":true}]}}