{"id":85375,"date":"2022-05-22T17:39:41","date_gmt":"2022-05-22T15:39:41","guid":{"rendered":"https:\/\/www.seaflowerstore.com\/nl\/jebao-dc-650\/"},"modified":"2023-06-24T11:28:18","modified_gmt":"2023-06-24T09:28:18","slug":"jebao-dc-650","status":"publish","type":"product","link":"https:\/\/www.seaflowerstore.com\/de\/jebao-dc-650\/","title":{"rendered":"Jebao DC-650"},"content":{"rendered":"<h2>Jebao DC-650 aquarium submersible pump 650 liters per hour, super small pump<\/h2>\n<p>Die Jecod DC-650 ist die kleinste DC-Pumpe von Jebao \/ Jecod. Mit ihrer bescheidenen Durchflussrate von nur 650 Litern pro Stunde kann diese Pumpe Ihnen helfen, einen stabilen und zuverl\u00e4ssigen Wasserfluss in nahezu jeder Aquariengr\u00f6\u00dfe zu erreichen. Da die Pumpe sowohl f\u00fcr Salz- als auch f\u00fcr S\u00fc\u00dfwasser geeignet ist, m\u00fcssen Sie sich keine Gedanken dar\u00fcber machen, wo und wie Sie die DC-650 positionieren.<\/p>\n<h4><strong>Funktionen:<\/strong><\/h4>\n<ul>\n<li><strong>Leistungsstarker Motor<\/strong>, der energieeffizient ist<\/li>\n<li><strong>Ultraleiser Betrieb<\/strong> dank sto\u00dfd\u00e4mpfender Technologie<\/li>\n<li><strong>Trockenlauf-Vorbeugungssicherheit<\/strong> zur Vermeidung von Problemen<\/li>\n<li><strong>Motorschutz<\/strong> f\u00fcr den Fall, dass der Rotor blockiert<\/li>\n<li>Keine Kupferelemente zur Verbesserung der Haltbarkeit<\/li>\n<li><strong>Softstart-Betrieb<\/strong> f\u00fcr sanftes Anlaufen<\/li>\n<li><strong>10-Minuten-F\u00fctterungsmodus<\/strong> f\u00fcr Ihre Bequemlichkeit verf\u00fcgbar<\/li>\n<li><strong>Keramik-Antriebswelle<\/strong> zur Minimierung des Verschlei\u00dfes und Maximierung der Lebensdauer<\/li>\n<li><strong>Controller<\/strong>, der Ihre Einstellungen auch nach einem Stromausfall speichert Ausfall!<\/li>\n<\/ul>\n<p><strong>Spezifikationen:<\/strong><\/p>\n<ul>\n<li>Stromverbrauch: 8 Watt<\/li>\n<li>Eingangsspannung: 24 V<\/li>\n<li>Kapazit\u00e4t: 200 (30 %) \u2013 650 (100 %) Liter pro Stunde<\/li>\n<li>8 Leistungsstufen passend zu Ihren Anforderungen<\/li>\n<li>Abmessungen (L x B x H): 65 x 40 x 60 mm<\/li>\n<\/ul>\n","protected":false},"excerpt":{"rendered":"<p>Jebao DC-650 aquarium submersible pump 650 liters per hour, super small pump<\/p>\n","protected":false},"featured_media":123041,"template":"","meta":[],"pwb-brand":[2187],"product_cat":[1417],"product_tag":[],"class_list":{"0":"post-85375","1":"product","2":"type-product","3":"status-publish","4":"has-post-thumbnail","6":"pwb-brand-jebao-jecod","7":"product_cat-druckerhohungspumpen","9":"first","10":"instock","11":"taxable","12":"shipping-taxable","13":"purchasable","14":"product-type-simple"},"acf":[],"brands":[{"id":2187,"name":"Jebao \/ Jecod","slug":"jebao-jecod"}],"_links":{"self":[{"href":"https:\/\/www.seaflowerstore.com\/de\/wp-json\/wp\/v2\/product\/85375","targetHints":{"allow":["GET"]}}],"collection":[{"href":"https:\/\/www.seaflowerstore.com\/de\/wp-json\/wp\/v2\/product"}],"about":[{"href":"https:\/\/www.seaflowerstore.com\/de\/wp-json\/wp\/v2\/types\/product"}],"wp:featuredmedia":[{"embeddable":true,"href":"https:\/\/www.seaflowerstore.com\/de\/wp-json\/wp\/v2\/media\/123041"}],"wp:attachment":[{"href":"https:\/\/www.seaflowerstore.com\/de\/wp-json\/wp\/v2\/media?parent=85375"}],"wp:term":[{"taxonomy":"pwb-brand","embeddable":true,"href":"https:\/\/www.seaflowerstore.com\/de\/wp-json\/wp\/v2\/pwb-brand?post=85375"},{"taxonomy":"product_cat","embeddable":true,"href":"https:\/\/www.seaflowerstore.com\/de\/wp-json\/wp\/v2\/product_cat?post=85375"},{"taxonomy":"product_tag","embeddable":true,"href":"https:\/\/www.seaflowerstore.com\/de\/wp-json\/wp\/v2\/product_tag?post=85375"}],"curies":[{"name":"wp","href":"https:\/\/api.w.org\/{rel}","templated":true}]}}