{"id":85381,"date":"2022-05-22T13:53:04","date_gmt":"2022-05-22T11:55:18","guid":{"rendered":"https:\/\/www.seaflowerstore.com\/nl\/adaptive-reef-toggle-box-6\/"},"modified":"2022-05-22T13:53:04","modified_gmt":"2022-05-22T11:55:18","slug":"adaptive-reef-toggle-box-6","status":"publish","type":"product","link":"https:\/\/www.seaflowerstore.com\/de\/adaptive-reef-toggle-box-6\/","title":{"rendered":"Adaptive reef toggle box 6"},"content":{"rendered":"<h2>Adaptive reef toggle box 6 for Neptune Systems Apex<\/h2>\n<p>Diese Schaltbox wird mit dem IO-Port verbunden, der auf allen Apex-Controllern sowie auf den Modulen PM1, PM2, PM3 und ASM verf\u00fcgbar ist. Die linken und rechten roten Kippschalter (Schalter 1 und Schalter 6) sind verriegelnd, d. h. sie bleiben bei Aktivierung geschlossen, bis Sie sich entscheiden, sie wieder herunterzudr\u00fccken. Diese Kippschalter werden haupts\u00e4chlich verwendet, um etwas ein- oder auszuschalten und diesen Zustand beizubehalten, bis Sie den Kippschalter in seine urspr\u00fcngliche Position zur\u00fcckbringen. Sie k\u00f6nnen beispielsweise einen Not-Aus-Modus oder einen Wasserwechsel-Modus einrichten oder sogar Ihre Standbeleuchtung einschalten.<\/p>\n<p>Die Metallkn\u00f6pfe (Schalter 2 bis Schalter 5) sind Momentschalter, d. h. sie werden nur geschlossen, wenn sie gedr\u00fcckt werden. Sie k\u00f6nnen diese mit dem entsprechenden Apex-Code verwenden, um zeitgesteuerte Ereignisse auszul\u00f6sen, die nach einer bestimmten Dauer zum Normalbetrieb zur\u00fcckkehren. Beispiele hierf\u00fcr sind ein zeitgesteuerter F\u00fctterungsmodus, ein Fotomodus oder das Aktivieren von Standlichtern f\u00fcr eine festgelegte Anzahl von Minuten. Die M\u00f6glichkeiten zur Anpassung und Codierung sind wirklich endlos, sodass Sie Ihre Programme mit der Momenttaste starten k\u00f6nnen.<\/p>\n<h4><strong>Funktionen<\/strong><\/h4>\n<ul>\n<li>Funktioniert mit jedem Apex-Controller<\/li>\n<li>Sechs programmierbare Schalter<\/li>\n<li>Verbindung \u00fcber den I\/O-Zubeh\u00f6ranschluss<\/li>\n<li>Sofort professionelles Erscheinungsbild<\/li>\n<li>Kein Zusammenbau erforderlich<\/li>\n<\/ul>\n<h4><strong>Spezifikationen<\/strong><\/h4>\n<ul>\n<li><strong>Anschlusstyp:<\/strong> 8-poliger Mini-DIN (Verbindung mit dem I\/O-Anschluss am Apex)<\/li>\n<li><strong>Kabell\u00e4nge:<\/strong> 2,44 m<\/li>\n<li><strong>Abgedeckte Kippschalter:<\/strong> 2<\/li>\n<li><strong>Druckknopfschalter:<\/strong> 4<\/li>\n<\/ul>\n<h4>Enth\u00e4lt:<\/h4>\n<ul>\n<li>6 Kipp-\/Schaltk\u00e4sten<\/li>\n<li>2,44 m schwarzes abnehmbares Kabel<\/li>\n<li>Bedienungsanleitung<\/li>\n<\/ul>\n","protected":false},"excerpt":{"rendered":"<p>Adaptive reef toggle box 6 for Neptune Systems Apex for example, one can code an Emergency Shutdown Mode, a Water Change Mode, or turn on your stand lighting.<\/p>\n","protected":false},"featured_media":84220,"template":"","meta":[],"pwb-brand":[2301],"product_cat":[1408,1496],"product_tag":[],"class_list":{"0":"post-85381","1":"product","2":"type-product","3":"status-publish","4":"has-post-thumbnail","6":"pwb-brand-adaptive-reef","7":"product_cat-computer-de","8":"product_cat-adaptive-reef","10":"first","11":"outofstock","12":"taxable","13":"shipping-taxable","14":"purchasable","15":"product-type-simple"},"acf":[],"brands":[{"id":2301,"name":"Adaptive Reef","slug":"adaptive-reef"}],"_links":{"self":[{"href":"https:\/\/www.seaflowerstore.com\/de\/wp-json\/wp\/v2\/product\/85381","targetHints":{"allow":["GET"]}}],"collection":[{"href":"https:\/\/www.seaflowerstore.com\/de\/wp-json\/wp\/v2\/product"}],"about":[{"href":"https:\/\/www.seaflowerstore.com\/de\/wp-json\/wp\/v2\/types\/product"}],"wp:featuredmedia":[{"embeddable":true,"href":"https:\/\/www.seaflowerstore.com\/de\/wp-json\/wp\/v2\/media\/84220"}],"wp:attachment":[{"href":"https:\/\/www.seaflowerstore.com\/de\/wp-json\/wp\/v2\/media?parent=85381"}],"wp:term":[{"taxonomy":"pwb-brand","embeddable":true,"href":"https:\/\/www.seaflowerstore.com\/de\/wp-json\/wp\/v2\/pwb-brand?post=85381"},{"taxonomy":"product_cat","embeddable":true,"href":"https:\/\/www.seaflowerstore.com\/de\/wp-json\/wp\/v2\/product_cat?post=85381"},{"taxonomy":"product_tag","embeddable":true,"href":"https:\/\/www.seaflowerstore.com\/de\/wp-json\/wp\/v2\/product_tag?post=85381"}],"curies":[{"name":"wp","href":"https:\/\/api.w.org\/{rel}","templated":true}]}}